{"id":71374,"date":"2020-05-14T17:23:55","date_gmt":"2020-05-14T15:23:55","guid":{"rendered":"http:\/\/multimedium.eu\/?page_id=71374"},"modified":"2024-11-05T12:36:59","modified_gmt":"2024-11-05T11:36:59","slug":"zahlung","status":"publish","type":"page","link":"https:\/\/www.multimedium.eu\/?page_id=71374","title":{"rendered":"ZAHLUNG-payment"},"content":{"rendered":"\n<p class=\"has-black-color has-text-color has-link-color wp-elements-b98ff3ec06fedb658da035b666fc1caa\">PayPal<br>Sie zahlen mit Hilfe des internationalen Bezahldienstes PayPal &#8211; daf\u00fcr ist kein eigenes PayPal Konto erforderlich, Sie k\u00f6nnen auch ohne eigenes Konto mit Lastschrift und Kreditkarte zahlen.<\/p>\n\n\n\n<p class=\"has-black-color has-text-color has-link-color wp-elements-eeb6471a79089aa45be00f4195d653de\"><strong>PayPal<br>You pay using the international payment service PayPal &#8211; you do not need to have your own PayPal account; you can also pay with direct debit and credit card without your own account.<\/strong><\/p>\n\n\n\n<p class=\"has-black-color has-text-color has-link-color wp-elements-231a772795b8cb715aa81695cadedca2\">Vorab-\u00dcberweisung<br>Sie erhalten nach Abschluss der Bestellung unsere Kontodaten und k\u00f6nnen den Rechnungsbetrag bequem online \u00fcberweisen &#8211; direkt nach Erhalt der \u00dcberweisung versenden wir Ihre Artikel.<\/p>\n\n\n\n<p class=\"has-black-color has-text-color has-link-color wp-elements-f943d7421771b6b52efe604f43c0c0cd\"><strong>Advance transfer<br>After completing the order, you will receive our account details and can conveniently transfer the invoice amount online &#8211; we will ship your items immediately after receiving the transfer.<\/strong><\/p>\n","protected":false},"excerpt":{"rendered":"<p>PayPalSie zahlen mit Hilfe des internationalen Bezahldienstes PayPal &#8211; daf\u00fcr ist kein eigenes PayPal Konto erforderlich, Sie k\u00f6nnen auch ohne eigenes Konto mit Lastschrift und Kreditkarte zahlen. PayPalYou pay using the international payment service PayPal &#8211; you do not need to have your own PayPal account; you can also pay with direct debit and credit [&hellip;]<\/p>\n","protected":false},"author":1,"featured_media":0,"parent":71370,"menu_order":3,"comment_status":"closed","ping_status":"closed","template":"","meta":{"site-sidebar-layout":"default","site-content-layout":"default","ast-site-content-layout":"default","site-content-style":"default","site-sidebar-style":"default","ast-global-header-display":"","ast-banner-title-visibility":"","ast-main-header-display":"","ast-hfb-above-header-display":"","ast-hfb-below-header-display":"","ast-hfb-mobile-header-display":"","site-post-title":"","ast-breadcrumbs-content":"","ast-featured-img":"","footer-sml-layout":"","theme-transparent-header-meta":"default","adv-header-id-meta":"","stick-header-meta":"","header-above-stick-meta":"","header-main-stick-meta":"","header-below-stick-meta":"","astra-migrate-meta-layouts":"set","ast-page-background-enabled":"default","ast-page-background-meta":{"desktop":{"background-color":"","background-image":"","background-repeat":"repeat","background-position":"center center","background-size":"auto","background-attachment":"scroll","background-type":"","background-media":"","overlay-type":"","overlay-color":"","overlay-opacity":"","overlay-gradient":""},"tablet":{"background-color":"","background-image":"","background-repeat":"repeat","background-position":"center center","background-size":"auto","background-attachment":"scroll","background-type":"","background-media":"","overlay-type":"","overlay-color":"","overlay-opacity":"","overlay-gradient":""},"mobile":{"background-color":"","background-image":"","background-repeat":"repeat","background-position":"center center","background-size":"auto","background-attachment":"scroll","background-type":"","background-media":"","overlay-type":"","overlay-color":"","overlay-opacity":"","overlay-gradient":""}},"ast-content-background-meta":{"desktop":{"background-color":"var(--ast-global-color-5)","background-image":"","background-repeat":"repeat","background-position":"center center","background-size":"auto","background-attachment":"scroll","background-type":"","background-media":"","overlay-type":"","overlay-color":"","overlay-opacity":"","overlay-gradient":""},"tablet":{"background-color":"var(--ast-global-color-5)","background-image":"","background-repeat":"repeat","background-position":"center center","background-size":"auto","background-attachment":"scroll","background-type":"","background-media":"","overlay-type":"","overlay-color":"","overlay-opacity":"","overlay-gradient":""},"mobile":{"background-color":"var(--ast-global-color-5)","background-image":"","background-repeat":"repeat","background-position":"center center","background-size":"auto","background-attachment":"scroll","background-type":"","background-media":"","overlay-type":"","overlay-color":"","overlay-opacity":"","overlay-gradient":""}},"footnotes":""},"class_list":["post-71374","page","type-page","status-publish","hentry"],"_links":{"self":[{"href":"https:\/\/www.multimedium.eu\/index.php?rest_route=\/wp\/v2\/pages\/71374","targetHints":{"allow":["GET"]}}],"collection":[{"href":"https:\/\/www.multimedium.eu\/index.php?rest_route=\/wp\/v2\/pages"}],"about":[{"href":"https:\/\/www.multimedium.eu\/index.php?rest_route=\/wp\/v2\/types\/page"}],"author":[{"embeddable":true,"href":"https:\/\/www.multimedium.eu\/index.php?rest_route=\/wp\/v2\/users\/1"}],"replies":[{"embeddable":true,"href":"https:\/\/www.multimedium.eu\/index.php?rest_route=%2Fwp%2Fv2%2Fcomments&post=71374"}],"version-history":[{"count":4,"href":"https:\/\/www.multimedium.eu\/index.php?rest_route=\/wp\/v2\/pages\/71374\/revisions"}],"predecessor-version":[{"id":90795,"href":"https:\/\/www.multimedium.eu\/index.php?rest_route=\/wp\/v2\/pages\/71374\/revisions\/90795"}],"up":[{"embeddable":true,"href":"https:\/\/www.multimedium.eu\/index.php?rest_route=\/wp\/v2\/pages\/71370"}],"wp:attachment":[{"href":"https:\/\/www.multimedium.eu\/index.php?rest_route=%2Fwp%2Fv2%2Fmedia&parent=71374"}],"curies":[{"name":"wp","href":"https:\/\/api.w.org\/{rel}","templated":true}]}}