{"id":71670,"date":"2020-05-22T22:44:21","date_gmt":"2020-05-22T20:44:21","guid":{"rendered":"http:\/\/multimedium.eu\/?post_type=product&#038;p=71670"},"modified":"2025-03-13T09:27:31","modified_gmt":"2025-03-13T08:27:31","slug":"theodor-fahrner-anhaenger-emaille-blau","status":"publish","type":"product","link":"https:\/\/www.multimedium.eu\/?product=theodor-fahrner-anhaenger-emaille-blau","title":{"rendered":"Theodor Fahrner Anh\u00e4nger Emaille blau"},"content":{"rendered":"<h6>Theodor Fahrner pendant blue enamel<\/h6>\n<p>Interesting, very rare Theodor Fahrner Art Deco pendant, around 1928,<br \/>\nGustav Braendle. Theodor Fahrner Nachf., Pforzheim &#8211;<br \/>\narched, rectangular shape in silver<br \/>\nwith a flower stem motif applied in the middle<br \/>\nwith marcasites and pearl scarf trim, blue matte enamel,<br \/>\nMarked: factory mark TF, 800 (soldered plate)<br \/>\nTotal height (including soldered eyelet without hanger): 4.5 cm (with hanger eyelet approx. 5 cm)<br \/>\nWidth: 3.5cm<br \/>\nLiterature: Auction catalog from Zezschwitz, Munich May 2002, auction 5 \/ Jugendstil &#8211; Art Deco, lot 657<br \/>\nPendant around 1928, (with photo), estimated price 7500 euros<br \/>\nin a good, beautiful condition, top!<\/p>\n","protected":false},"excerpt":{"rendered":"<p><strong>Theodor Fahrner Anh\u00e4nger Emaille blau<\/strong><\/p>\n<p>Interessanter, sehr seltener Theodor Fahrner Art Deco Anhh\u00e4nger, um 1928,<br \/>\nGustav Braendle. Theodor Fahrner Nachf.,Pforzheim &#8211;<br \/>\ngew\u00f6lbte hochrechteckige Form in Silber<br \/>\nmit einem in der Mitte applizierten Bl\u00fctenstengelmotiv<br \/>\nmit Markasiten und Perlschalbesatz, blaues Mattemail,<br \/>\nBez.: Fabrikmarke TF, 800 (aufgel\u00f6tetes Pl\u00e4ttchen)<br \/>\nGesamt-H\u00f6he (incl. festgel\u00f6teter \u00d6se ohne Aufh\u00e4nger) : 4,5 cm (mit Aufh\u00e4nger-\u00d6se ca. 5 cm)<br \/>\nBreite : 3,5 cm<br \/>\nLiteratur: Auktionskatalog Von Zezschwitz, M\u00fcnchen Mai 2002, Auktion 5 \/ Jugendstil &#8211; Art Deco, Lot 657<br \/>\nAnh\u00e4nger um 1928 , (mit Foto), Sch\u00e4tzpreis 7500 Euro<br \/>\nin einem guten sch\u00f6nen Erhaltungszustand, Top!<\/p>\n","protected":false},"featured_media":87882,"template":"","meta":{"site-sidebar-layout":"default","site-content-layout":"default","ast-site-content-layout":"","site-content-style":"default","site-sidebar-style":"default","ast-global-header-display":"","ast-banner-title-visibility":"","ast-main-header-display":"","ast-hfb-above-header-display":"","ast-hfb-below-header-display":"","ast-hfb-mobile-header-display":"","site-post-title":"","ast-breadcrumbs-content":"","ast-featured-img":"","footer-sml-layout":"","theme-transparent-header-meta":"default","adv-header-id-meta":"","stick-header-meta":"","header-above-stick-meta":"","header-main-stick-meta":"","header-below-stick-meta":"","astra-migrate-meta-layouts":"default","ast-page-background-enabled":"default","ast-page-background-meta":{"desktop":{"background-color":"","background-image":"","background-repeat":"repeat","background-position":"center center","background-size":"auto","background-attachment":"scroll","background-type":"","background-media":"","overlay-type":"","overlay-color":"","overlay-opacity":"","overlay-gradient":""},"tablet":{"background-color":"","background-image":"","background-repeat":"repeat","background-position":"center center","background-size":"auto","background-attachment":"scroll","background-type":"","background-media":"","overlay-type":"","overlay-color":"","overlay-opacity":"","overlay-gradient":""},"mobile":{"background-color":"","background-image":"","background-repeat":"repeat","background-position":"center center","background-size":"auto","background-attachment":"scroll","background-type":"","background-media":"","overlay-type":"","overlay-color":"","overlay-opacity":"","overlay-gradient":""}},"ast-content-background-meta":{"desktop":{"background-color":"var(--ast-global-color-5)","background-image":"","background-repeat":"repeat","background-position":"center center","background-size":"auto","background-attachment":"scroll","background-type":"","background-media":"","overlay-type":"","overlay-color":"","overlay-opacity":"","overlay-gradient":""},"tablet":{"background-color":"var(--ast-global-color-5)","background-image":"","background-repeat":"repeat","background-position":"center center","background-size":"auto","background-attachment":"scroll","background-type":"","background-media":"","overlay-type":"","overlay-color":"","overlay-opacity":"","overlay-gradient":""},"mobile":{"background-color":"var(--ast-global-color-5)","background-image":"","background-repeat":"repeat","background-position":"center center","background-size":"auto","background-attachment":"scroll","background-type":"","background-media":"","overlay-type":"","overlay-color":"","overlay-opacity":"","overlay-gradient":""}}},"product_brand":[],"product_cat":[3598],"product_tag":[3647,3639,3654,3341,3641,3342,3640,3648],"class_list":{"0":"post-71670","1":"product","2":"type-product","3":"status-publish","4":"has-post-thumbnail","6":"product_cat-emaille","7":"product_tag-anhaenger","8":"product_tag-emaille","9":"product_tag-enamel","10":"product_tag-pendant","11":"product_tag-silber","12":"product_tag-silver","13":"product_tag-sterling","14":"product_tag-theodor-fahrner","15":"desktop-align-left","16":"tablet-align-left","17":"mobile-align-left","19":"first","20":"instock","21":"sold-individually","22":"shipping-taxable","23":"purchasable","24":"product-type-simple"},"_links":{"self":[{"href":"https:\/\/www.multimedium.eu\/index.php?rest_route=\/wp\/v2\/product\/71670","targetHints":{"allow":["GET"]}}],"collection":[{"href":"https:\/\/www.multimedium.eu\/index.php?rest_route=\/wp\/v2\/product"}],"about":[{"href":"https:\/\/www.multimedium.eu\/index.php?rest_route=\/wp\/v2\/types\/product"}],"version-history":[{"count":5,"href":"https:\/\/www.multimedium.eu\/index.php?rest_route=\/wp\/v2\/product\/71670\/revisions"}],"predecessor-version":[{"id":88609,"href":"https:\/\/www.multimedium.eu\/index.php?rest_route=\/wp\/v2\/product\/71670\/revisions\/88609"}],"wp:featuredmedia":[{"embeddable":true,"href":"https:\/\/www.multimedium.eu\/index.php?rest_route=\/wp\/v2\/media\/87882"}],"wp:attachment":[{"href":"https:\/\/www.multimedium.eu\/index.php?rest_route=%2Fwp%2Fv2%2Fmedia&parent=71670"}],"wp:term":[{"taxonomy":"product_brand","embeddable":true,"href":"https:\/\/www.multimedium.eu\/index.php?rest_route=%2Fwp%2Fv2%2Fproduct_brand&post=71670"},{"taxonomy":"product_cat","embeddable":true,"href":"https:\/\/www.multimedium.eu\/index.php?rest_route=%2Fwp%2Fv2%2Fproduct_cat&post=71670"},{"taxonomy":"product_tag","embeddable":true,"href":"https:\/\/www.multimedium.eu\/index.php?rest_route=%2Fwp%2Fv2%2Fproduct_tag&post=71670"}],"curies":[{"name":"wp","href":"https:\/\/api.w.org\/{rel}","templated":true}]}}