{"id":71696,"date":"2020-05-22T23:32:23","date_gmt":"2020-05-22T21:32:23","guid":{"rendered":"http:\/\/multimedium.eu\/?post_type=product&#038;p=71696"},"modified":"2025-03-13T09:32:22","modified_gmt":"2025-03-13T08:32:22","slug":"theodor-fahrner-paradiesvogel","status":"publish","type":"product","link":"https:\/\/www.multimedium.eu\/?product=theodor-fahrner-paradiesvogel","title":{"rendered":"Theodor Fahrner Paradiesvogel"},"content":{"rendered":"","protected":false},"excerpt":{"rendered":"<p><strong>Theodor Fahrner Paradiesvogel<\/strong><\/p>\n<p>Theodor Fahrner, Pforzheim Filigran-Schmuck ab 1932<br \/>\nSilber vergoldet, Bel\u00f6tung mit Filigrandraht in Spiralen,<br \/>\nFl\u00fcgel in &#8222;millegriffes&#8220;-Technik, Markasiten<br \/>\nH\u00f6he: von F\u00fcgel zu Fl\u00fcgel 6,3 cm<br \/>\nL\u00e4nge: Schnabel zu Schweif 6,7 cm<br \/>\ngest.: ORIGINAL FAHRNER Fabrikmarke TF, 925 (im aufgel\u00f6teten Pl\u00e4ttchen)<br \/>\nVgl.: Lit.: Theodor Fahrner Schmuck zwischen Avantgarde und Tradition Arnoldsche 1991 , S 228, Nr. 2.178<\/p>\n","protected":false},"featured_media":71616,"template":"","meta":{"site-sidebar-layout":"default","site-content-layout":"default","ast-site-content-layout":"default","site-content-style":"default","site-sidebar-style":"default","ast-global-header-display":"","ast-banner-title-visibility":"","ast-main-header-display":"","ast-hfb-above-header-display":"","ast-hfb-below-header-display":"","ast-hfb-mobile-header-display":"","site-post-title":"","ast-breadcrumbs-content":"","ast-featured-img":"","footer-sml-layout":"","theme-transparent-header-meta":"default","adv-header-id-meta":"","stick-header-meta":"default","header-above-stick-meta":"","header-main-stick-meta":"","header-below-stick-meta":"","astra-migrate-meta-layouts":"set","ast-page-background-enabled":"default","ast-page-background-meta":{"desktop":{"background-color":"","background-image":"","background-repeat":"repeat","background-position":"center center","background-size":"auto","background-attachment":"scroll","background-type":"","background-media":"","overlay-type":"","overlay-color":"","overlay-opacity":"","overlay-gradient":""},"tablet":{"background-color":"","background-image":"","background-repeat":"repeat","background-position":"center center","background-size":"auto","background-attachment":"scroll","background-type":"","background-media":"","overlay-type":"","overlay-color":"","overlay-opacity":"","overlay-gradient":""},"mobile":{"background-color":"","background-image":"","background-repeat":"repeat","background-position":"center center","background-size":"auto","background-attachment":"scroll","background-type":"","background-media":"","overlay-type":"","overlay-color":"","overlay-opacity":"","overlay-gradient":""}},"ast-content-background-meta":{"desktop":{"background-color":"var(--ast-global-color-5)","background-image":"","background-repeat":"repeat","background-position":"center center","background-size":"auto","background-attachment":"scroll","background-type":"","background-media":"","overlay-type":"","overlay-color":"","overlay-opacity":"","overlay-gradient":""},"tablet":{"background-color":"var(--ast-global-color-5)","background-image":"","background-repeat":"repeat","background-position":"center center","background-size":"auto","background-attachment":"scroll","background-type":"","background-media":"","overlay-type":"","overlay-color":"","overlay-opacity":"","overlay-gradient":""},"mobile":{"background-color":"var(--ast-global-color-5)","background-image":"","background-repeat":"repeat","background-position":"center center","background-size":"auto","background-attachment":"scroll","background-type":"","background-media":"","overlay-type":"","overlay-color":"","overlay-opacity":"","overlay-gradient":""}}},"product_brand":[],"product_cat":[3580,3572],"product_tag":[3666,3643,3636,3662,3641,3342,3640,3648,3660,3665],"class_list":{"0":"post-71696","1":"product","2":"type-product","3":"status-publish","4":"has-post-thumbnail","6":"product_cat-broschen","7":"product_cat-juwelen","8":"product_tag-bird","9":"product_tag-brooch","10":"product_tag-brosche","11":"product_tag-gilt","12":"product_tag-silber","13":"product_tag-silver","14":"product_tag-sterling","15":"product_tag-theodor-fahrner","16":"product_tag-vergoldet","17":"product_tag-vogel","18":"desktop-align-left","19":"tablet-align-left","20":"mobile-align-left","22":"first","23":"instock","24":"sold-individually","25":"shipping-taxable","26":"purchasable","27":"product-type-simple"},"_links":{"self":[{"href":"https:\/\/www.multimedium.eu\/index.php?rest_route=\/wp\/v2\/product\/71696","targetHints":{"allow":["GET"]}}],"collection":[{"href":"https:\/\/www.multimedium.eu\/index.php?rest_route=\/wp\/v2\/product"}],"about":[{"href":"https:\/\/www.multimedium.eu\/index.php?rest_route=\/wp\/v2\/types\/product"}],"version-history":[{"count":3,"href":"https:\/\/www.multimedium.eu\/index.php?rest_route=\/wp\/v2\/product\/71696\/revisions"}],"predecessor-version":[{"id":82999,"href":"https:\/\/www.multimedium.eu\/index.php?rest_route=\/wp\/v2\/product\/71696\/revisions\/82999"}],"wp:featuredmedia":[{"embeddable":true,"href":"https:\/\/www.multimedium.eu\/index.php?rest_route=\/wp\/v2\/media\/71616"}],"wp:attachment":[{"href":"https:\/\/www.multimedium.eu\/index.php?rest_route=%2Fwp%2Fv2%2Fmedia&parent=71696"}],"wp:term":[{"taxonomy":"product_brand","embeddable":true,"href":"https:\/\/www.multimedium.eu\/index.php?rest_route=%2Fwp%2Fv2%2Fproduct_brand&post=71696"},{"taxonomy":"product_cat","embeddable":true,"href":"https:\/\/www.multimedium.eu\/index.php?rest_route=%2Fwp%2Fv2%2Fproduct_cat&post=71696"},{"taxonomy":"product_tag","embeddable":true,"href":"https:\/\/www.multimedium.eu\/index.php?rest_route=%2Fwp%2Fv2%2Fproduct_tag&post=71696"}],"curies":[{"name":"wp","href":"https:\/\/api.w.org\/{rel}","templated":true}]}}