{"id":71775,"date":"2020-05-24T10:57:29","date_gmt":"2020-05-24T08:57:29","guid":{"rendered":"http:\/\/multimedium.eu\/?post_type=product&#038;p=71775"},"modified":"2025-03-13T09:32:23","modified_gmt":"2025-03-13T08:32:23","slug":"silber-brosche-theodor-fahrner-tuerkise","status":"publish","type":"product","link":"https:\/\/www.multimedium.eu\/?product=silber-brosche-theodor-fahrner-tuerkise","title":{"rendered":"Silber Brosche Theodor Fahrner T\u00fcrkise"},"content":{"rendered":"","protected":false},"excerpt":{"rendered":"<p><strong>Silber Brosche Theodor Fahrner T\u00fcrkise<\/strong><\/p>\n<p>Theodor Fahrner ,Pforzheim Art Deco Silber-Brosche in quadratischer Form um 1930, bauchig gew\u00f6lbte quadratische Silber-Platte, mit geometrischen Ornamenten im Rillendekor, ums\u00e4umt von einem Rahmen mit kleinen B\u00f6gen und kleinen gefassten Markasiten neun runde T\u00fcrkis-Cabochons gleichm\u00e4\u00dfig in Reihe angeordnet, kreisf\u00f6rmig umrahmt von kleinen Markasiten feinste qualit\u00e4tsvolle Handarbeit mit Sicherheitsverschlu\u00df Lit.: Schmuck \/ Jewellery Highlights Schmuckmuseum Pforzheim, Fritz Falk S.156 Abb.175 gest.: FAHRNER TF 925 L\u00e4nge der Brosche: 3,9 cm Breite der Brosche: 3,9 cm<\/p>\n","protected":false},"featured_media":71594,"template":"","meta":{"site-sidebar-layout":"default","site-content-layout":"default","ast-site-content-layout":"","site-content-style":"default","site-sidebar-style":"default","ast-global-header-display":"","ast-banner-title-visibility":"","ast-main-header-display":"","ast-hfb-above-header-display":"","ast-hfb-below-header-display":"","ast-hfb-mobile-header-display":"","site-post-title":"","ast-breadcrumbs-content":"","ast-featured-img":"","footer-sml-layout":"","theme-transparent-header-meta":"default","adv-header-id-meta":"","stick-header-meta":"","header-above-stick-meta":"","header-main-stick-meta":"","header-below-stick-meta":"","astra-migrate-meta-layouts":"default","ast-page-background-enabled":"default","ast-page-background-meta":{"desktop":{"background-color":"","background-image":"","background-repeat":"repeat","background-position":"center center","background-size":"auto","background-attachment":"scroll","background-type":"","background-media":"","overlay-type":"","overlay-color":"","overlay-opacity":"","overlay-gradient":""},"tablet":{"background-color":"","background-image":"","background-repeat":"repeat","background-position":"center center","background-size":"auto","background-attachment":"scroll","background-type":"","background-media":"","overlay-type":"","overlay-color":"","overlay-opacity":"","overlay-gradient":""},"mobile":{"background-color":"","background-image":"","background-repeat":"repeat","background-position":"center center","background-size":"auto","background-attachment":"scroll","background-type":"","background-media":"","overlay-type":"","overlay-color":"","overlay-opacity":"","overlay-gradient":""}},"ast-content-background-meta":{"desktop":{"background-color":"var(--ast-global-color-5)","background-image":"","background-repeat":"repeat","background-position":"center center","background-size":"auto","background-attachment":"scroll","background-type":"","background-media":"","overlay-type":"","overlay-color":"","overlay-opacity":"","overlay-gradient":""},"tablet":{"background-color":"var(--ast-global-color-5)","background-image":"","background-repeat":"repeat","background-position":"center center","background-size":"auto","background-attachment":"scroll","background-type":"","background-media":"","overlay-type":"","overlay-color":"","overlay-opacity":"","overlay-gradient":""},"mobile":{"background-color":"var(--ast-global-color-5)","background-image":"","background-repeat":"repeat","background-position":"center center","background-size":"auto","background-attachment":"scroll","background-type":"","background-media":"","overlay-type":"","overlay-color":"","overlay-opacity":"","overlay-gradient":""}}},"product_brand":[],"product_cat":[3580,3572],"product_tag":[3643,3636,3641,3342,3640,3648,3676,3677],"class_list":{"0":"post-71775","1":"product","2":"type-product","3":"status-publish","4":"has-post-thumbnail","6":"product_cat-broschen","7":"product_cat-juwelen","8":"product_tag-brooch","9":"product_tag-brosche","10":"product_tag-silber","11":"product_tag-silver","12":"product_tag-sterling","13":"product_tag-theodor-fahrner","14":"product_tag-tuerkise","15":"product_tag-turquoise","16":"desktop-align-left","17":"tablet-align-left","18":"mobile-align-left","20":"first","21":"instock","22":"sold-individually","23":"shipping-taxable","24":"purchasable","25":"product-type-simple"},"_links":{"self":[{"href":"https:\/\/www.multimedium.eu\/index.php?rest_route=\/wp\/v2\/product\/71775","targetHints":{"allow":["GET"]}}],"collection":[{"href":"https:\/\/www.multimedium.eu\/index.php?rest_route=\/wp\/v2\/product"}],"about":[{"href":"https:\/\/www.multimedium.eu\/index.php?rest_route=\/wp\/v2\/types\/product"}],"version-history":[{"count":3,"href":"https:\/\/www.multimedium.eu\/index.php?rest_route=\/wp\/v2\/product\/71775\/revisions"}],"predecessor-version":[{"id":81951,"href":"https:\/\/www.multimedium.eu\/index.php?rest_route=\/wp\/v2\/product\/71775\/revisions\/81951"}],"wp:featuredmedia":[{"embeddable":true,"href":"https:\/\/www.multimedium.eu\/index.php?rest_route=\/wp\/v2\/media\/71594"}],"wp:attachment":[{"href":"https:\/\/www.multimedium.eu\/index.php?rest_route=%2Fwp%2Fv2%2Fmedia&parent=71775"}],"wp:term":[{"taxonomy":"product_brand","embeddable":true,"href":"https:\/\/www.multimedium.eu\/index.php?rest_route=%2Fwp%2Fv2%2Fproduct_brand&post=71775"},{"taxonomy":"product_cat","embeddable":true,"href":"https:\/\/www.multimedium.eu\/index.php?rest_route=%2Fwp%2Fv2%2Fproduct_cat&post=71775"},{"taxonomy":"product_tag","embeddable":true,"href":"https:\/\/www.multimedium.eu\/index.php?rest_route=%2Fwp%2Fv2%2Fproduct_tag&post=71775"}],"curies":[{"name":"wp","href":"https:\/\/api.w.org\/{rel}","templated":true}]}}