{"id":71923,"date":"2020-05-26T09:35:06","date_gmt":"2020-05-26T07:35:06","guid":{"rendered":"http:\/\/multimedium.eu\/?post_type=product&#038;p=71923"},"modified":"2025-03-13T09:32:19","modified_gmt":"2025-03-13T08:32:19","slug":"gustav-hauber-schwabisch-gmuend-jugendstil-brosche-2","status":"publish","type":"product","link":"https:\/\/www.multimedium.eu\/?product=gustav-hauber-schwabisch-gmuend-jugendstil-brosche-2","title":{"rendered":"Gustav Hauber Schwabisch-Gm\u00fcnd Jugendstil Brosche"},"content":{"rendered":"","protected":false},"excerpt":{"rendered":"<p>Gustav Hauber, Schw\u00e4bisch Gm\u00fcnd, (zugeschrien) Brosche, um 1900 in der Mitte mit einem gr\u00f6\u00dferen geschliffenen Amethyst und 4 Amethyst-Cabochons, sowie mit 4 Rosenquarz Cabochons durchbrochen gearbeitet mit Roncaillen Gustav Hauber ist im Hessischen Landesmuseum Darmstadt vertreten Silber, mit Sicherheitsverschlu\u00df ungestempelt, auf Silber gepr\u00fcft (Pl\u00e4ttchen mit Silberstempel und Signatur fehlt, siehe form\u00e4hnliches St\u00fcck auf dieser Seite) ein kleiner Amethyst Cabochon mit kleinem Absprung sonst guter sch\u00f6ner Erhaltungszustand Diagonale der Brosche: 3,7 cm Seitenl\u00e4nge der Brosche: 3,3 cm<\/p>\n","protected":false},"featured_media":71884,"template":"","meta":{"site-sidebar-layout":"default","site-content-layout":"default","ast-site-content-layout":"","site-content-style":"default","site-sidebar-style":"default","ast-global-header-display":"","ast-banner-title-visibility":"","ast-main-header-display":"","ast-hfb-above-header-display":"","ast-hfb-below-header-display":"","ast-hfb-mobile-header-display":"","site-post-title":"","ast-breadcrumbs-content":"","ast-featured-img":"","footer-sml-layout":"","theme-transparent-header-meta":"default","adv-header-id-meta":"","stick-header-meta":"","header-above-stick-meta":"","header-main-stick-meta":"","header-below-stick-meta":"","astra-migrate-meta-layouts":"default","ast-page-background-enabled":"default","ast-page-background-meta":{"desktop":{"background-color":"","background-image":"","background-repeat":"repeat","background-position":"center center","background-size":"auto","background-attachment":"scroll","background-type":"","background-media":"","overlay-type":"","overlay-color":"","overlay-opacity":"","overlay-gradient":""},"tablet":{"background-color":"","background-image":"","background-repeat":"repeat","background-position":"center center","background-size":"auto","background-attachment":"scroll","background-type":"","background-media":"","overlay-type":"","overlay-color":"","overlay-opacity":"","overlay-gradient":""},"mobile":{"background-color":"","background-image":"","background-repeat":"repeat","background-position":"center center","background-size":"auto","background-attachment":"scroll","background-type":"","background-media":"","overlay-type":"","overlay-color":"","overlay-opacity":"","overlay-gradient":""}},"ast-content-background-meta":{"desktop":{"background-color":"var(--ast-global-color-5)","background-image":"","background-repeat":"repeat","background-position":"center center","background-size":"auto","background-attachment":"scroll","background-type":"","background-media":"","overlay-type":"","overlay-color":"","overlay-opacity":"","overlay-gradient":""},"tablet":{"background-color":"var(--ast-global-color-5)","background-image":"","background-repeat":"repeat","background-position":"center center","background-size":"auto","background-attachment":"scroll","background-type":"","background-media":"","overlay-type":"","overlay-color":"","overlay-opacity":"","overlay-gradient":""},"mobile":{"background-color":"var(--ast-global-color-5)","background-image":"","background-repeat":"repeat","background-position":"center center","background-size":"auto","background-attachment":"scroll","background-type":"","background-media":"","overlay-type":"","overlay-color":"","overlay-opacity":"","overlay-gradient":""}}},"product_brand":[],"product_cat":[3580,3572,3599],"product_tag":[3651,3700,3643,3636,3721,3698,3730,3641,3342],"class_list":{"0":"post-71923","1":"product","2":"type-product","3":"status-publish","4":"has-post-thumbnail","6":"product_cat-broschen","7":"product_cat-juwelen","8":"product_cat-signierter-schmuck","9":"product_tag-amethyst","10":"product_tag-art-nouveau","11":"product_tag-brooch","12":"product_tag-brosche","13":"product_tag-gustav-hauber","14":"product_tag-jugendstil","15":"product_tag-rosenquarz","16":"product_tag-silber","17":"product_tag-silver","18":"desktop-align-left","19":"tablet-align-left","20":"mobile-align-left","22":"first","23":"instock","24":"sold-individually","25":"shipping-taxable","26":"product-type-simple"},"_links":{"self":[{"href":"https:\/\/www.multimedium.eu\/index.php?rest_route=\/wp\/v2\/product\/71923","targetHints":{"allow":["GET"]}}],"collection":[{"href":"https:\/\/www.multimedium.eu\/index.php?rest_route=\/wp\/v2\/product"}],"about":[{"href":"https:\/\/www.multimedium.eu\/index.php?rest_route=\/wp\/v2\/types\/product"}],"version-history":[{"count":3,"href":"https:\/\/www.multimedium.eu\/index.php?rest_route=\/wp\/v2\/product\/71923\/revisions"}],"predecessor-version":[{"id":81713,"href":"https:\/\/www.multimedium.eu\/index.php?rest_route=\/wp\/v2\/product\/71923\/revisions\/81713"}],"wp:featuredmedia":[{"embeddable":true,"href":"https:\/\/www.multimedium.eu\/index.php?rest_route=\/wp\/v2\/media\/71884"}],"wp:attachment":[{"href":"https:\/\/www.multimedium.eu\/index.php?rest_route=%2Fwp%2Fv2%2Fmedia&parent=71923"}],"wp:term":[{"taxonomy":"product_brand","embeddable":true,"href":"https:\/\/www.multimedium.eu\/index.php?rest_route=%2Fwp%2Fv2%2Fproduct_brand&post=71923"},{"taxonomy":"product_cat","embeddable":true,"href":"https:\/\/www.multimedium.eu\/index.php?rest_route=%2Fwp%2Fv2%2Fproduct_cat&post=71923"},{"taxonomy":"product_tag","embeddable":true,"href":"https:\/\/www.multimedium.eu\/index.php?rest_route=%2Fwp%2Fv2%2Fproduct_tag&post=71923"}],"curies":[{"name":"wp","href":"https:\/\/api.w.org\/{rel}","templated":true}]}}