{"id":71929,"date":"2020-05-26T09:45:11","date_gmt":"2020-05-26T07:45:11","guid":{"rendered":"http:\/\/multimedium.eu\/?post_type=product&#038;p=71929"},"modified":"2025-03-13T09:27:27","modified_gmt":"2025-03-13T08:27:27","slug":"gustav-hauber-schwabisch-gmuend-jugendstil-brosche-4","status":"publish","type":"product","link":"https:\/\/www.multimedium.eu\/?product=gustav-hauber-schwabisch-gmuend-jugendstil-brosche-4","title":{"rendered":"Gustav Hauber Schwabisch-Gm\u00fcnd Jugendstil Brosche"},"content":{"rendered":"","protected":false},"excerpt":{"rendered":"<p>Seltene fr\u00fche Gustav Hauber, Schw\u00e4bisch Gm\u00fcnd, Silber Brosche, um 1900 in 835er Silber, ovale Form , durchbrochen gearbeitet, mit spiralf\u00f6rmigen Ornamenten im gemanischen Stil Broschierung mit Sicherheitsverschluss Gustav Hauber ist im Hessischen Landesmuseum Darmstadt vertreten R\u00fcckseite gestempelt: 835, Herstellerpunze guter sch\u00f6ner Erhaltungszustand L\u00e4nge der Brosche: 8,2 cm H\u00f6he der Brosche: 3,8 cm<\/p>\n","protected":false},"featured_media":87927,"template":"","meta":{"site-sidebar-layout":"default","site-content-layout":"default","ast-site-content-layout":"","site-content-style":"default","site-sidebar-style":"default","ast-global-header-display":"","ast-banner-title-visibility":"","ast-main-header-display":"","ast-hfb-above-header-display":"","ast-hfb-below-header-display":"","ast-hfb-mobile-header-display":"","site-post-title":"","ast-breadcrumbs-content":"","ast-featured-img":"","footer-sml-layout":"","theme-transparent-header-meta":"default","adv-header-id-meta":"","stick-header-meta":"","header-above-stick-meta":"","header-main-stick-meta":"","header-below-stick-meta":"","astra-migrate-meta-layouts":"default","ast-page-background-enabled":"default","ast-page-background-meta":{"desktop":{"background-color":"","background-image":"","background-repeat":"repeat","background-position":"center center","background-size":"auto","background-attachment":"scroll","background-type":"","background-media":"","overlay-type":"","overlay-color":"","overlay-opacity":"","overlay-gradient":""},"tablet":{"background-color":"","background-image":"","background-repeat":"repeat","background-position":"center center","background-size":"auto","background-attachment":"scroll","background-type":"","background-media":"","overlay-type":"","overlay-color":"","overlay-opacity":"","overlay-gradient":""},"mobile":{"background-color":"","background-image":"","background-repeat":"repeat","background-position":"center center","background-size":"auto","background-attachment":"scroll","background-type":"","background-media":"","overlay-type":"","overlay-color":"","overlay-opacity":"","overlay-gradient":""}},"ast-content-background-meta":{"desktop":{"background-color":"var(--ast-global-color-5)","background-image":"","background-repeat":"repeat","background-position":"center center","background-size":"auto","background-attachment":"scroll","background-type":"","background-media":"","overlay-type":"","overlay-color":"","overlay-opacity":"","overlay-gradient":""},"tablet":{"background-color":"var(--ast-global-color-5)","background-image":"","background-repeat":"repeat","background-position":"center center","background-size":"auto","background-attachment":"scroll","background-type":"","background-media":"","overlay-type":"","overlay-color":"","overlay-opacity":"","overlay-gradient":""},"mobile":{"background-color":"var(--ast-global-color-5)","background-image":"","background-repeat":"repeat","background-position":"center center","background-size":"auto","background-attachment":"scroll","background-type":"","background-media":"","overlay-type":"","overlay-color":"","overlay-opacity":"","overlay-gradient":""}}},"product_brand":[],"product_cat":[3580,3572,3599],"product_tag":[3700,3643,3636,3721,3698,3641,3342],"class_list":{"0":"post-71929","1":"product","2":"type-product","3":"status-publish","4":"has-post-thumbnail","6":"product_cat-broschen","7":"product_cat-juwelen","8":"product_cat-signierter-schmuck","9":"product_tag-art-nouveau","10":"product_tag-brooch","11":"product_tag-brosche","12":"product_tag-gustav-hauber","13":"product_tag-jugendstil","14":"product_tag-silber","15":"product_tag-silver","16":"desktop-align-left","17":"tablet-align-left","18":"mobile-align-left","20":"first","21":"instock","22":"sold-individually","23":"shipping-taxable","24":"product-type-simple"},"_links":{"self":[{"href":"https:\/\/www.multimedium.eu\/index.php?rest_route=\/wp\/v2\/product\/71929","targetHints":{"allow":["GET"]}}],"collection":[{"href":"https:\/\/www.multimedium.eu\/index.php?rest_route=\/wp\/v2\/product"}],"about":[{"href":"https:\/\/www.multimedium.eu\/index.php?rest_route=\/wp\/v2\/types\/product"}],"version-history":[{"count":3,"href":"https:\/\/www.multimedium.eu\/index.php?rest_route=\/wp\/v2\/product\/71929\/revisions"}],"predecessor-version":[{"id":81714,"href":"https:\/\/www.multimedium.eu\/index.php?rest_route=\/wp\/v2\/product\/71929\/revisions\/81714"}],"wp:featuredmedia":[{"embeddable":true,"href":"https:\/\/www.multimedium.eu\/index.php?rest_route=\/wp\/v2\/media\/87927"}],"wp:attachment":[{"href":"https:\/\/www.multimedium.eu\/index.php?rest_route=%2Fwp%2Fv2%2Fmedia&parent=71929"}],"wp:term":[{"taxonomy":"product_brand","embeddable":true,"href":"https:\/\/www.multimedium.eu\/index.php?rest_route=%2Fwp%2Fv2%2Fproduct_brand&post=71929"},{"taxonomy":"product_cat","embeddable":true,"href":"https:\/\/www.multimedium.eu\/index.php?rest_route=%2Fwp%2Fv2%2Fproduct_cat&post=71929"},{"taxonomy":"product_tag","embeddable":true,"href":"https:\/\/www.multimedium.eu\/index.php?rest_route=%2Fwp%2Fv2%2Fproduct_tag&post=71929"}],"curies":[{"name":"wp","href":"https:\/\/api.w.org\/{rel}","templated":true}]}}