{"id":71937,"date":"2020-05-26T17:45:51","date_gmt":"2020-05-26T15:45:51","guid":{"rendered":"http:\/\/multimedium.eu\/?post_type=product&#038;p=71937"},"modified":"2025-03-13T09:28:08","modified_gmt":"2025-03-13T08:28:08","slug":"fritz-moehler-schwaebisch-gmuend-armband","status":"publish","type":"product","link":"https:\/\/www.multimedium.eu\/?product=fritz-moehler-schwaebisch-gmuend-armband","title":{"rendered":"Art D\u00e9co Fritz M\u00f6hler Schwaebisch Gmuend Armband Gold Smaragd"},"content":{"rendered":"<p>Gorgeous, decorative 585 gold bracelet by Fritz M\u00f6hler, Schw\u00e4bisch Gm\u00fcnd around 1935<br \/>\n(* 23. Oktober 1896 in Schw\u00e4bisch Gm\u00fcnd; \u2020 1. Juli 1978)<br \/>\n5 transversely rectangular links with flower tendrils motif, open-worked,<br \/>\nrectangular intermediate links connected with ring eyelets, with ball soldering,<br \/>\n12 faceted cut, round emeralds,<br \/>\nvery rare, probably one of a kind<br \/>\nMarked: workshop mark, artist\u2019s monogram, 585<\/p>\n<p>in a good, beautiful condition<\/p>\n<p>Length: 20 cm<br \/>\nWidth: 1.8 cm<br \/>\nWeight: 37,50 g<\/p>\n<p>Lit .: Christianne Weber, jewelry from the 20s and 30s in Germany, p.260<br \/>\nSimilar work in flower ornamentation in Stuttgart in the W\u00fcrttemberg State Museum<\/p>\n<p>Fritz M\u00f6hler, gold and silversmith, professor<br \/>\nwas born on October 23, 1896 in Schw\u00e4bisch Gm\u00fcnd, the date of death is unknown,<br \/>\nFritz M\u00f6hler was one of the recognized goldsmiths workshops of the German Empire,<br \/>\nBased on forms of the Renaissance and Baroque, rejection of abstract geometric design,<br \/>\n1923 Foundation of a workshop in Schw\u00e4bisch Gm\u00fcnd<br \/>\n1948 appointed professor<br \/>\nIn May 1957 M\u00f6hler became the deputy president of the central association<br \/>\nchosen by the German goldsmiths, silversmiths and jewelers.<br \/>\nHonors:<br \/>\n1944 Golden Ring of Honor from the Society for Goldsmithing<br \/>\n1968 Silver cup and honorary master by the central association<br \/>\nof German goldsmiths, silversmiths and jewelers<\/p>\n","protected":false},"excerpt":{"rendered":"<p><strong>Fritz M\u00f6hler Schwaebisch Gmuend Armband<\/strong><\/p>\n<p>Prachtvolles dekoratives 585 Gold Armband von Fritz M\u00f6hler, um 1935<br \/>\n(* 23. Oktober 1896 in Schw\u00e4bisch Gm\u00fcnd; \u2020 1. Juli 1978 ebenda)<br \/>\n5 querrechteckige Glieder mit Bl\u00fctenrankenmotiv, offen gearbeitet,<br \/>\nmit Ring\u00f6sen verbundene hochrechteckige Zwischenglieder, mit Kugelbel\u00f6tungen,<br \/>\n12 facettiert geschliffene, runde Smaragde,<br \/>\nsehr selten, vermutlich Einzelst\u00fcck!<\/p>\n<p>gestempelt: Werkstattzeichen, K\u00fcnstlermonogramm, 585<\/p>\n<p>in einem guten sch\u00f6nen Erhaltungszustand<\/p>\n<p>L\u00e4nge: ca. 20 cm<br \/>\nBreite: ca. 1,8 cm<br \/>\nGewicht: ca. 37,50 g<\/p>\n<p>Lit.: Christianne Weber, Schmuck der 20er und 30er Jahre in Deutschland S.260<br \/>\n\u00c4hnliche Arbeit in Bl\u00fctenornamentik in Stuttgart im W\u00fcrtt. Landesmuseum<\/p>\n<p>Fritz M\u00f6hler, Gold- und Silberschmied, Professor<br \/>\nwurde am 23.10.1896 in Schw\u00e4bisch Gm\u00fcnd geboren, das Sterbedatum ist unbekannt,<br \/>\nFritz M\u00f6hler geh\u00f6rte zu den anerkannten Goldschmiedwerkst\u00e4tten des Deutschen Reiches,<br \/>\nAnlehnung an Formen der Renaissance und des Barock, Ablehnung der abstrakten geometrischen Gestaltung,<br \/>\n1923 Gr\u00fcndung einer Werkstatt in Schw\u00e4bisch Gm\u00fcnd<br \/>\n1948 Ernennung zum Professor<br \/>\nIm Mai 1957 wurde M\u00f6hler zum Stellvertretenden Pr\u00e4sidenten des Zentralverbandes<br \/>\nder Deutschen Goldschmiede, Silberschmiede und Juweliere gew\u00e4hlt.<br \/>\nEhrungen:<br \/>\n1944 Goldener Ehrenring der Gesellschaft f\u00fcr Goldschmiedekunst<br \/>\n1968 Silberner Becher und Ehrenobermeister durch den Zentralverband<br \/>\nder Deutschen Goldschmiede, Silberschmiede und Juweliere<\/p>\n<p>&nbsp;<\/p>\n","protected":false},"featured_media":82492,"template":"","meta":{"site-sidebar-layout":"default","site-content-layout":"default","ast-site-content-layout":"default","site-content-style":"default","site-sidebar-style":"default","ast-global-header-display":"","ast-banner-title-visibility":"","ast-main-header-display":"","ast-hfb-above-header-display":"","ast-hfb-below-header-display":"","ast-hfb-mobile-header-display":"","site-post-title":"","ast-breadcrumbs-content":"","ast-featured-img":"","footer-sml-layout":"","theme-transparent-header-meta":"default","adv-header-id-meta":"","stick-header-meta":"","header-above-stick-meta":"","header-main-stick-meta":"","header-below-stick-meta":"","astra-migrate-meta-layouts":"set","ast-page-background-enabled":"default","ast-page-background-meta":{"desktop":{"background-color":"","background-image":"","background-repeat":"repeat","background-position":"center center","background-size":"auto","background-attachment":"scroll","background-type":"","background-media":"","overlay-type":"","overlay-color":"","overlay-opacity":"","overlay-gradient":""},"tablet":{"background-color":"","background-image":"","background-repeat":"repeat","background-position":"center center","background-size":"auto","background-attachment":"scroll","background-type":"","background-media":"","overlay-type":"","overlay-color":"","overlay-opacity":"","overlay-gradient":""},"mobile":{"background-color":"","background-image":"","background-repeat":"repeat","background-position":"center center","background-size":"auto","background-attachment":"scroll","background-type":"","background-media":"","overlay-type":"","overlay-color":"","overlay-opacity":"","overlay-gradient":""}},"ast-content-background-meta":{"desktop":{"background-color":"var(--ast-global-color-5)","background-image":"","background-repeat":"repeat","background-position":"center center","background-size":"auto","background-attachment":"scroll","background-type":"","background-media":"","overlay-type":"","overlay-color":"","overlay-opacity":"","overlay-gradient":""},"tablet":{"background-color":"var(--ast-global-color-5)","background-image":"","background-repeat":"repeat","background-position":"center center","background-size":"auto","background-attachment":"scroll","background-type":"","background-media":"","overlay-type":"","overlay-color":"","overlay-opacity":"","overlay-gradient":""},"mobile":{"background-color":"var(--ast-global-color-5)","background-image":"","background-repeat":"repeat","background-position":"center center","background-size":"auto","background-attachment":"scroll","background-type":"","background-media":"","overlay-type":"","overlay-color":"","overlay-opacity":"","overlay-gradient":""}}},"product_brand":[],"product_cat":[3581,3806,3564,3572,5078,4322,3599,5266,4321],"product_tag":[3661,3716,4914,3663,3741,3739,3710,4897,4951,4080,3740],"class_list":{"0":"post-71937","1":"product","2":"type-product","3":"status-publish","4":"has-post-thumbnail","6":"product_cat-armbaender-armreif","7":"product_cat-art-deco","8":"product_cat-gold","9":"product_cat-juwelen","10":"product_cat-metall-2","11":"product_cat-periode","12":"product_cat-signierter-schmuck","13":"product_cat-smaragd","14":"product_cat-steine","15":"product_tag-armband","16":"product_tag-art-deco","17":"product_tag-blueten","18":"product_tag-bracelet","19":"product_tag-emerald","20":"product_tag-fritz-moehler","21":"product_tag-gold","22":"product_tag-kugelbeloetung","23":"product_tag-ranken","24":"product_tag-schwaebisch-gmuend","25":"product_tag-smaragd","26":"desktop-align-left","27":"tablet-align-left","28":"mobile-align-left","30":"first","31":"instock","32":"sold-individually","33":"shipping-taxable","34":"purchasable","35":"product-type-simple"},"_links":{"self":[{"href":"https:\/\/www.multimedium.eu\/index.php?rest_route=\/wp\/v2\/product\/71937","targetHints":{"allow":["GET"]}}],"collection":[{"href":"https:\/\/www.multimedium.eu\/index.php?rest_route=\/wp\/v2\/product"}],"about":[{"href":"https:\/\/www.multimedium.eu\/index.php?rest_route=\/wp\/v2\/types\/product"}],"version-history":[{"count":10,"href":"https:\/\/www.multimedium.eu\/index.php?rest_route=\/wp\/v2\/product\/71937\/revisions"}],"predecessor-version":[{"id":89890,"href":"https:\/\/www.multimedium.eu\/index.php?rest_route=\/wp\/v2\/product\/71937\/revisions\/89890"}],"wp:featuredmedia":[{"embeddable":true,"href":"https:\/\/www.multimedium.eu\/index.php?rest_route=\/wp\/v2\/media\/82492"}],"wp:attachment":[{"href":"https:\/\/www.multimedium.eu\/index.php?rest_route=%2Fwp%2Fv2%2Fmedia&parent=71937"}],"wp:term":[{"taxonomy":"product_brand","embeddable":true,"href":"https:\/\/www.multimedium.eu\/index.php?rest_route=%2Fwp%2Fv2%2Fproduct_brand&post=71937"},{"taxonomy":"product_cat","embeddable":true,"href":"https:\/\/www.multimedium.eu\/index.php?rest_route=%2Fwp%2Fv2%2Fproduct_cat&post=71937"},{"taxonomy":"product_tag","embeddable":true,"href":"https:\/\/www.multimedium.eu\/index.php?rest_route=%2Fwp%2Fv2%2Fproduct_tag&post=71937"}],"curies":[{"name":"wp","href":"https:\/\/api.w.org\/{rel}","templated":true}]}}