{"id":72033,"date":"2020-05-26T23:20:29","date_gmt":"2020-05-26T21:20:29","guid":{"rendered":"http:\/\/multimedium.eu\/?post_type=product&#038;p=72033"},"modified":"2025-03-13T09:32:14","modified_gmt":"2025-03-13T08:32:14","slug":"wmf-myra-halskette-30er-jahre-gruene-glaskugel-matt","status":"publish","type":"product","link":"https:\/\/www.multimedium.eu\/?product=wmf-myra-halskette-30er-jahre-gruene-glaskugel-matt","title":{"rendered":"WMF Myra Halskette 30er Jahre gr\u00fcne Glaskugel matt"},"content":{"rendered":"","protected":false},"excerpt":{"rendered":"<p><strong>WMF Myra Halskette 30er Jahre gr\u00fcne Glaskugel matt<\/strong><\/p>\n<p>WMF Geislingen, Halsschmuck um 1930 Zw\u00f6lf Perlen,<\/p>\n<p>Kette mit Federringverschlu\u00df, 1 x 46 cm gr\u00fcn get\u00f6ntes,<\/p>\n<p>mattiertes Glas, sog. &#8222;Myra&#8220; &#8211; Glas Kette aus Nickelsilber<\/p>\n","protected":false},"featured_media":72003,"template":"","meta":{"site-sidebar-layout":"default","site-content-layout":"default","ast-site-content-layout":"","site-content-style":"default","site-sidebar-style":"default","ast-global-header-display":"","ast-banner-title-visibility":"","ast-main-header-display":"","ast-hfb-above-header-display":"","ast-hfb-below-header-display":"","ast-hfb-mobile-header-display":"","site-post-title":"","ast-breadcrumbs-content":"","ast-featured-img":"","footer-sml-layout":"","theme-transparent-header-meta":"default","adv-header-id-meta":"","stick-header-meta":"","header-above-stick-meta":"","header-main-stick-meta":"","header-below-stick-meta":"","astra-migrate-meta-layouts":"default","ast-page-background-enabled":"default","ast-page-background-meta":{"desktop":{"background-color":"","background-image":"","background-repeat":"repeat","background-position":"center center","background-size":"auto","background-attachment":"scroll","background-type":"","background-media":"","overlay-type":"","overlay-color":"","overlay-opacity":"","overlay-gradient":""},"tablet":{"background-color":"","background-image":"","background-repeat":"repeat","background-position":"center center","background-size":"auto","background-attachment":"scroll","background-type":"","background-media":"","overlay-type":"","overlay-color":"","overlay-opacity":"","overlay-gradient":""},"mobile":{"background-color":"","background-image":"","background-repeat":"repeat","background-position":"center center","background-size":"auto","background-attachment":"scroll","background-type":"","background-media":"","overlay-type":"","overlay-color":"","overlay-opacity":"","overlay-gradient":""}},"ast-content-background-meta":{"desktop":{"background-color":"var(--ast-global-color-5)","background-image":"","background-repeat":"repeat","background-position":"center center","background-size":"auto","background-attachment":"scroll","background-type":"","background-media":"","overlay-type":"","overlay-color":"","overlay-opacity":"","overlay-gradient":""},"tablet":{"background-color":"var(--ast-global-color-5)","background-image":"","background-repeat":"repeat","background-position":"center center","background-size":"auto","background-attachment":"scroll","background-type":"","background-media":"","overlay-type":"","overlay-color":"","overlay-opacity":"","overlay-gradient":""},"mobile":{"background-color":"var(--ast-global-color-5)","background-image":"","background-repeat":"repeat","background-position":"center center","background-size":"auto","background-attachment":"scroll","background-type":"","background-media":"","overlay-type":"","overlay-color":"","overlay-opacity":"","overlay-gradient":""}}},"product_brand":[],"product_cat":[3572,3582,3599],"product_tag":[3649,3766,3760,3761,3650,3765,3764,3652,3758],"class_list":{"0":"post-72033","1":"product","2":"type-product","3":"status-publish","4":"has-post-thumbnail","6":"product_cat-juwelen","7":"product_cat-ketten-colliers","8":"product_cat-signierter-schmuck","9":"product_tag-collier","10":"product_tag-frosted","11":"product_tag-glas","12":"product_tag-glass","13":"product_tag-halskette","14":"product_tag-mattiert","15":"product_tag-myra","16":"product_tag-necklace","17":"product_tag-wmf","18":"desktop-align-left","19":"tablet-align-left","20":"mobile-align-left","22":"first","23":"instock","24":"sold-individually","25":"shipping-taxable","26":"purchasable","27":"product-type-simple"},"_links":{"self":[{"href":"https:\/\/www.multimedium.eu\/index.php?rest_route=\/wp\/v2\/product\/72033","targetHints":{"allow":["GET"]}}],"collection":[{"href":"https:\/\/www.multimedium.eu\/index.php?rest_route=\/wp\/v2\/product"}],"about":[{"href":"https:\/\/www.multimedium.eu\/index.php?rest_route=\/wp\/v2\/types\/product"}],"version-history":[{"count":3,"href":"https:\/\/www.multimedium.eu\/index.php?rest_route=\/wp\/v2\/product\/72033\/revisions"}],"predecessor-version":[{"id":83974,"href":"https:\/\/www.multimedium.eu\/index.php?rest_route=\/wp\/v2\/product\/72033\/revisions\/83974"}],"wp:featuredmedia":[{"embeddable":true,"href":"https:\/\/www.multimedium.eu\/index.php?rest_route=\/wp\/v2\/media\/72003"}],"wp:attachment":[{"href":"https:\/\/www.multimedium.eu\/index.php?rest_route=%2Fwp%2Fv2%2Fmedia&parent=72033"}],"wp:term":[{"taxonomy":"product_brand","embeddable":true,"href":"https:\/\/www.multimedium.eu\/index.php?rest_route=%2Fwp%2Fv2%2Fproduct_brand&post=72033"},{"taxonomy":"product_cat","embeddable":true,"href":"https:\/\/www.multimedium.eu\/index.php?rest_route=%2Fwp%2Fv2%2Fproduct_cat&post=72033"},{"taxonomy":"product_tag","embeddable":true,"href":"https:\/\/www.multimedium.eu\/index.php?rest_route=%2Fwp%2Fv2%2Fproduct_tag&post=72033"}],"curies":[{"name":"wp","href":"https:\/\/api.w.org\/{rel}","templated":true}]}}