{"id":72100,"date":"2020-05-27T11:46:15","date_gmt":"2020-05-27T09:46:15","guid":{"rendered":"http:\/\/multimedium.eu\/?post_type=product&#038;p=72100"},"modified":"2025-03-13T09:27:27","modified_gmt":"2025-03-13T08:27:27","slug":"wuesten-theodor-ring","status":"publish","type":"product","link":"https:\/\/www.multimedium.eu\/?product=wuesten-theodor-ring","title":{"rendered":"W\u00fcsten Theodor Ring"},"content":{"rendered":"","protected":false},"excerpt":{"rendered":"<p><b>VERKAUFT<\/b><\/p>\n<h6>W\u00fcsten Theodor Ring<\/h6>\n<p>Lebensdaten unbekannt, t\u00e4tig in G\u00f6rlitz<br \/>\nRing, in langer Ovalform, um 1938<br \/>\nmehrfarbiges Mattemail, in Zellenschmelztechnik gearbeitet,<br \/>\nFassung und Reif aus Silber , signiert 3,8 x 1,3 cm,<br \/>\nunbesch\u00e4digter, guter Erhaltungszustand<br \/>\nNachweis \u00fcber Literatur vorhanden \u00e4hnliches St\u00fcck im Badischen Landesmuseum, Karlsruhe<\/p>\n","protected":false},"featured_media":87925,"template":"","meta":{"site-sidebar-layout":"default","site-content-layout":"default","ast-site-content-layout":"","site-content-style":"default","site-sidebar-style":"default","ast-global-header-display":"","ast-banner-title-visibility":"","ast-main-header-display":"","ast-hfb-above-header-display":"","ast-hfb-below-header-display":"","ast-hfb-mobile-header-display":"","site-post-title":"","ast-breadcrumbs-content":"","ast-featured-img":"","footer-sml-layout":"","theme-transparent-header-meta":"default","adv-header-id-meta":"","stick-header-meta":"","header-above-stick-meta":"","header-main-stick-meta":"","header-below-stick-meta":"","astra-migrate-meta-layouts":"default","ast-page-background-enabled":"default","ast-page-background-meta":{"desktop":{"background-color":"","background-image":"","background-repeat":"repeat","background-position":"center center","background-size":"auto","background-attachment":"scroll","background-type":"","background-media":"","overlay-type":"","overlay-color":"","overlay-opacity":"","overlay-gradient":""},"tablet":{"background-color":"","background-image":"","background-repeat":"repeat","background-position":"center center","background-size":"auto","background-attachment":"scroll","background-type":"","background-media":"","overlay-type":"","overlay-color":"","overlay-opacity":"","overlay-gradient":""},"mobile":{"background-color":"","background-image":"","background-repeat":"repeat","background-position":"center center","background-size":"auto","background-attachment":"scroll","background-type":"","background-media":"","overlay-type":"","overlay-color":"","overlay-opacity":"","overlay-gradient":""}},"ast-content-background-meta":{"desktop":{"background-color":"var(--ast-global-color-5)","background-image":"","background-repeat":"repeat","background-position":"center center","background-size":"auto","background-attachment":"scroll","background-type":"","background-media":"","overlay-type":"","overlay-color":"","overlay-opacity":"","overlay-gradient":""},"tablet":{"background-color":"var(--ast-global-color-5)","background-image":"","background-repeat":"repeat","background-position":"center center","background-size":"auto","background-attachment":"scroll","background-type":"","background-media":"","overlay-type":"","overlay-color":"","overlay-opacity":"","overlay-gradient":""},"mobile":{"background-color":"var(--ast-global-color-5)","background-image":"","background-repeat":"repeat","background-position":"center center","background-size":"auto","background-attachment":"scroll","background-type":"","background-media":"","overlay-type":"","overlay-color":"","overlay-opacity":"","overlay-gradient":""}}},"product_brand":[],"product_cat":[3572,3579,3599,4320],"product_tag":[3716,3639,3654,3655,3641,3342,3783,4215],"class_list":{"0":"post-72100","1":"product","2":"type-product","3":"status-publish","4":"has-post-thumbnail","6":"product_cat-juwelen","7":"product_cat-ringe","8":"product_cat-signierter-schmuck","9":"product_cat-verkauft","10":"product_tag-art-deco","11":"product_tag-emaille","12":"product_tag-enamel","13":"product_tag-ring","14":"product_tag-silber","15":"product_tag-silver","16":"product_tag-theodor-wuesten","17":"product_tag-verkauft","18":"desktop-align-left","19":"tablet-align-left","20":"mobile-align-left","22":"first","23":"outofstock","24":"sold-individually","25":"shipping-taxable","26":"product-type-simple"},"_links":{"self":[{"href":"https:\/\/www.multimedium.eu\/index.php?rest_route=\/wp\/v2\/product\/72100","targetHints":{"allow":["GET"]}}],"collection":[{"href":"https:\/\/www.multimedium.eu\/index.php?rest_route=\/wp\/v2\/product"}],"about":[{"href":"https:\/\/www.multimedium.eu\/index.php?rest_route=\/wp\/v2\/types\/product"}],"version-history":[{"count":6,"href":"https:\/\/www.multimedium.eu\/index.php?rest_route=\/wp\/v2\/product\/72100\/revisions"}],"predecessor-version":[{"id":87776,"href":"https:\/\/www.multimedium.eu\/index.php?rest_route=\/wp\/v2\/product\/72100\/revisions\/87776"}],"wp:featuredmedia":[{"embeddable":true,"href":"https:\/\/www.multimedium.eu\/index.php?rest_route=\/wp\/v2\/media\/87925"}],"wp:attachment":[{"href":"https:\/\/www.multimedium.eu\/index.php?rest_route=%2Fwp%2Fv2%2Fmedia&parent=72100"}],"wp:term":[{"taxonomy":"product_brand","embeddable":true,"href":"https:\/\/www.multimedium.eu\/index.php?rest_route=%2Fwp%2Fv2%2Fproduct_brand&post=72100"},{"taxonomy":"product_cat","embeddable":true,"href":"https:\/\/www.multimedium.eu\/index.php?rest_route=%2Fwp%2Fv2%2Fproduct_cat&post=72100"},{"taxonomy":"product_tag","embeddable":true,"href":"https:\/\/www.multimedium.eu\/index.php?rest_route=%2Fwp%2Fv2%2Fproduct_tag&post=72100"}],"curies":[{"name":"wp","href":"https:\/\/api.w.org\/{rel}","templated":true}]}}