{"id":72102,"date":"2020-05-27T11:49:21","date_gmt":"2020-05-27T09:49:21","guid":{"rendered":"http:\/\/multimedium.eu\/?post_type=product&#038;p=72102"},"modified":"2025-04-24T12:41:18","modified_gmt":"2025-04-24T10:41:18","slug":"wuesten-theodor-goerlitz-anhaenger-30er-jahre","status":"publish","type":"product","link":"https:\/\/www.multimedium.eu\/?product=wuesten-theodor-goerlitz-anhaenger-30er-jahre","title":{"rendered":"W\u00fcsten Theodor G\u00f6rlitz Anh\u00e4nger 30er Jahre Emaille"},"content":{"rendered":"<h6>W\u00fcsten Theodor G\u00f6rlitz Pendant, 1930s Enamel<\/h6>\n<p>W\u00fcsten Theodor G\u00f6rlitz Pendant, 1930s Enamel<br \/>\nDates unknown, active in G\u00f6rlitz<br \/>\nPendant, rectangular shape with rounded corners, circa 1938<br \/>\nMulticolored matte enamel, worked using the cell-melting technique<br \/>\nSilver setting and pendant bail<br \/>\nSigned<\/p>\n<p>Dimensions with pendant bail: 4.9 x 2.2 cm (without: 4.1 x 2.2 cm)<\/p>\n<p>Undamaged, good condition<\/p>\n<p>References available in literature; a similar piece is in the Badisches Landesmuseum, Karlsruhe<\/p>\n","protected":false},"excerpt":{"rendered":"<h6>W\u00fcsten Theodor G\u00f6rlitz Anh\u00e4nger 30er Jahre Emaille<\/h6>\n<p>W\u00fcsten Theodor G\u00f6rlitz Anh\u00e4nger 30er Jahre<\/p>\n<p>Lebensdaten unbekannt, t\u00e4tig in G\u00f6rlitz<br \/>\nAnh\u00e4nger, in rechteckiger Form mit abgerundeten Ecken, um 1938<br \/>\nmehrfarbiges Mattemail, in Zellenschmelztechnik gearbeitet,<br \/>\nFassung und Anh\u00e4nger\u00f6se aus Silber,<br \/>\nsigniert<\/p>\n<p>Ma\u00dfe mit Aufh\u00e4nger_\u00d6se: 4,9 x 2,2 cm, (ohne: 4,1 x 2,2 cm)<\/p>\n<p>unbesch\u00e4digter, guter Erhaltungszustand<\/p>\n<p>Nachweis \u00fcber Literatur vorhanden \u00e4hnliches St\u00fcck im Badischen Landesmuseum, Karlsruhe<\/p>\n","protected":false},"featured_media":72082,"template":"","meta":{"site-sidebar-layout":"default","site-content-layout":"default","ast-site-content-layout":"default","site-content-style":"default","site-sidebar-style":"default","ast-global-header-display":"","ast-banner-title-visibility":"","ast-main-header-display":"","ast-hfb-above-header-display":"","ast-hfb-below-header-display":"","ast-hfb-mobile-header-display":"","site-post-title":"","ast-breadcrumbs-content":"","ast-featured-img":"","footer-sml-layout":"","theme-transparent-header-meta":"default","adv-header-id-meta":"","stick-header-meta":"","header-above-stick-meta":"","header-main-stick-meta":"","header-below-stick-meta":"","astra-migrate-meta-layouts":"set","ast-page-background-enabled":"default","ast-page-background-meta":{"desktop":{"background-color":"","background-image":"","background-repeat":"repeat","background-position":"center center","background-size":"auto","background-attachment":"scroll","background-type":"","background-media":"","overlay-type":"","overlay-color":"","overlay-opacity":"","overlay-gradient":""},"tablet":{"background-color":"","background-image":"","background-repeat":"repeat","background-position":"center center","background-size":"auto","background-attachment":"scroll","background-type":"","background-media":"","overlay-type":"","overlay-color":"","overlay-opacity":"","overlay-gradient":""},"mobile":{"background-color":"","background-image":"","background-repeat":"repeat","background-position":"center center","background-size":"auto","background-attachment":"scroll","background-type":"","background-media":"","overlay-type":"","overlay-color":"","overlay-opacity":"","overlay-gradient":""}},"ast-content-background-meta":{"desktop":{"background-color":"var(--ast-global-color-5)","background-image":"","background-repeat":"repeat","background-position":"center center","background-size":"auto","background-attachment":"scroll","background-type":"","background-media":"","overlay-type":"","overlay-color":"","overlay-opacity":"","overlay-gradient":""},"tablet":{"background-color":"var(--ast-global-color-5)","background-image":"","background-repeat":"repeat","background-position":"center center","background-size":"auto","background-attachment":"scroll","background-type":"","background-media":"","overlay-type":"","overlay-color":"","overlay-opacity":"","overlay-gradient":""},"mobile":{"background-color":"var(--ast-global-color-5)","background-image":"","background-repeat":"repeat","background-position":"center center","background-size":"auto","background-attachment":"scroll","background-type":"","background-media":"","overlay-type":"","overlay-color":"","overlay-opacity":"","overlay-gradient":""}}},"product_brand":[],"product_cat":[4450,3806,3598,3572,5078,4322,3599,4325],"product_tag":[3647,3716,3639,3654,3341,3641,3342,3783],"class_list":{"0":"post-72102","1":"product","2":"type-product","3":"status-publish","4":"has-post-thumbnail","6":"product_cat-anhaenger","7":"product_cat-art-deco","8":"product_cat-emaille","9":"product_cat-juwelen","10":"product_cat-metall-2","11":"product_cat-periode","12":"product_cat-signierter-schmuck","13":"product_cat-silber","14":"product_tag-anhaenger","15":"product_tag-art-deco","16":"product_tag-emaille","17":"product_tag-enamel","18":"product_tag-pendant","19":"product_tag-silber","20":"product_tag-silver","21":"product_tag-theodor-wuesten","22":"desktop-align-left","23":"tablet-align-left","24":"mobile-align-left","26":"first","27":"instock","28":"sold-individually","29":"shipping-taxable","30":"product-type-simple"},"_links":{"self":[{"href":"https:\/\/www.multimedium.eu\/index.php?rest_route=\/wp\/v2\/product\/72102","targetHints":{"allow":["GET"]}}],"collection":[{"href":"https:\/\/www.multimedium.eu\/index.php?rest_route=\/wp\/v2\/product"}],"about":[{"href":"https:\/\/www.multimedium.eu\/index.php?rest_route=\/wp\/v2\/types\/product"}],"version-history":[{"count":7,"href":"https:\/\/www.multimedium.eu\/index.php?rest_route=\/wp\/v2\/product\/72102\/revisions"}],"predecessor-version":[{"id":91883,"href":"https:\/\/www.multimedium.eu\/index.php?rest_route=\/wp\/v2\/product\/72102\/revisions\/91883"}],"wp:featuredmedia":[{"embeddable":true,"href":"https:\/\/www.multimedium.eu\/index.php?rest_route=\/wp\/v2\/media\/72082"}],"wp:attachment":[{"href":"https:\/\/www.multimedium.eu\/index.php?rest_route=%2Fwp%2Fv2%2Fmedia&parent=72102"}],"wp:term":[{"taxonomy":"product_brand","embeddable":true,"href":"https:\/\/www.multimedium.eu\/index.php?rest_route=%2Fwp%2Fv2%2Fproduct_brand&post=72102"},{"taxonomy":"product_cat","embeddable":true,"href":"https:\/\/www.multimedium.eu\/index.php?rest_route=%2Fwp%2Fv2%2Fproduct_cat&post=72102"},{"taxonomy":"product_tag","embeddable":true,"href":"https:\/\/www.multimedium.eu\/index.php?rest_route=%2Fwp%2Fv2%2Fproduct_tag&post=72102"}],"curies":[{"name":"wp","href":"https:\/\/api.w.org\/{rel}","templated":true}]}}