{"id":72140,"date":"2020-05-27T12:30:06","date_gmt":"2020-05-27T10:30:06","guid":{"rendered":"http:\/\/multimedium.eu\/?post_type=product&#038;p=72140"},"modified":"2025-03-13T09:27:28","modified_gmt":"2025-03-13T08:27:28","slug":"collier-handarbeit-jugendstil","status":"publish","type":"product","link":"https:\/\/www.multimedium.eu\/?product=collier-handarbeit-jugendstil","title":{"rendered":"Collier Handarbeit Jugendstil"},"content":{"rendered":"","protected":false},"excerpt":{"rendered":"<h6>Collier Handarbeit Jugendstil<\/h6>\n<p>Silber, Handarbeit, , aneinandergeh\u00e4ngte Glieder durchbrochen gearbeitet,<br \/>\nmit aufgesetzten Bl\u00fcten, Weinbl\u00e4tter, Ranken und Trauben, Kugelbel\u00f6tung,<br \/>\nMittelteil mit aufgesetzten Bl\u00fcten, Ranken und Weintrauben , gefasster Achat,<br \/>\nFassung ein \u00fcppig gestaltetes Collier in aufwendiger Silberarbeit,<br \/>\ndie einzelnen Collierglieder sind in aufgestzten Bl\u00fcten, Blattwerk und Blattranken<br \/>\ndurchbrochen gearbeitet und aneinander durch eine \u00d6se verbunden,<br \/>\nder mittlere Teil ist mit einem ovalen durchscheinenden gr\u00fcnen Chrysopras,<br \/>\nin einer ges\u00e4gten Fassung verziert<br \/>\nL: 45,5 cm B: 3 cm<br \/>\ngest: Punze unleserlich<\/p>\n","protected":false},"featured_media":87923,"template":"","meta":{"site-sidebar-layout":"default","site-content-layout":"default","ast-site-content-layout":"","site-content-style":"default","site-sidebar-style":"default","ast-global-header-display":"","ast-banner-title-visibility":"","ast-main-header-display":"","ast-hfb-above-header-display":"","ast-hfb-below-header-display":"","ast-hfb-mobile-header-display":"","site-post-title":"","ast-breadcrumbs-content":"","ast-featured-img":"","footer-sml-layout":"","theme-transparent-header-meta":"default","adv-header-id-meta":"","stick-header-meta":"","header-above-stick-meta":"","header-main-stick-meta":"","header-below-stick-meta":"","astra-migrate-meta-layouts":"default","ast-page-background-enabled":"default","ast-page-background-meta":{"desktop":{"background-color":"","background-image":"","background-repeat":"repeat","background-position":"center center","background-size":"auto","background-attachment":"scroll","background-type":"","background-media":"","overlay-type":"","overlay-color":"","overlay-opacity":"","overlay-gradient":""},"tablet":{"background-color":"","background-image":"","background-repeat":"repeat","background-position":"center center","background-size":"auto","background-attachment":"scroll","background-type":"","background-media":"","overlay-type":"","overlay-color":"","overlay-opacity":"","overlay-gradient":""},"mobile":{"background-color":"","background-image":"","background-repeat":"repeat","background-position":"center center","background-size":"auto","background-attachment":"scroll","background-type":"","background-media":"","overlay-type":"","overlay-color":"","overlay-opacity":"","overlay-gradient":""}},"ast-content-background-meta":{"desktop":{"background-color":"var(--ast-global-color-5)","background-image":"","background-repeat":"repeat","background-position":"center center","background-size":"auto","background-attachment":"scroll","background-type":"","background-media":"","overlay-type":"","overlay-color":"","overlay-opacity":"","overlay-gradient":""},"tablet":{"background-color":"var(--ast-global-color-5)","background-image":"","background-repeat":"repeat","background-position":"center center","background-size":"auto","background-attachment":"scroll","background-type":"","background-media":"","overlay-type":"","overlay-color":"","overlay-opacity":"","overlay-gradient":""},"mobile":{"background-color":"var(--ast-global-color-5)","background-image":"","background-repeat":"repeat","background-position":"center center","background-size":"auto","background-attachment":"scroll","background-type":"","background-media":"","overlay-type":"","overlay-color":"","overlay-opacity":"","overlay-gradient":""}}},"product_brand":[],"product_cat":[3572,3582,3599],"product_tag":[3700,3790,3791,3649,3785,3784,3650,3698,3652,3641,3342],"class_list":{"0":"post-72140","1":"product","2":"type-product","3":"status-publish","4":"has-post-thumbnail","6":"product_cat-juwelen","7":"product_cat-ketten-colliers","8":"product_cat-signierter-schmuck","9":"product_tag-art-nouveau","10":"product_tag-chrysopras","11":"product_tag-chrysoprase","12":"product_tag-collier","13":"product_tag-green","14":"product_tag-gruen","15":"product_tag-halskette","16":"product_tag-jugendstil","17":"product_tag-necklace","18":"product_tag-silber","19":"product_tag-silver","20":"desktop-align-left","21":"tablet-align-left","22":"mobile-align-left","24":"first","25":"instock","26":"sold-individually","27":"shipping-taxable","28":"purchasable","29":"product-type-simple"},"_links":{"self":[{"href":"https:\/\/www.multimedium.eu\/index.php?rest_route=\/wp\/v2\/product\/72140","targetHints":{"allow":["GET"]}}],"collection":[{"href":"https:\/\/www.multimedium.eu\/index.php?rest_route=\/wp\/v2\/product"}],"about":[{"href":"https:\/\/www.multimedium.eu\/index.php?rest_route=\/wp\/v2\/types\/product"}],"version-history":[{"count":4,"href":"https:\/\/www.multimedium.eu\/index.php?rest_route=\/wp\/v2\/product\/72140\/revisions"}],"predecessor-version":[{"id":84272,"href":"https:\/\/www.multimedium.eu\/index.php?rest_route=\/wp\/v2\/product\/72140\/revisions\/84272"}],"wp:featuredmedia":[{"embeddable":true,"href":"https:\/\/www.multimedium.eu\/index.php?rest_route=\/wp\/v2\/media\/87923"}],"wp:attachment":[{"href":"https:\/\/www.multimedium.eu\/index.php?rest_route=%2Fwp%2Fv2%2Fmedia&parent=72140"}],"wp:term":[{"taxonomy":"product_brand","embeddable":true,"href":"https:\/\/www.multimedium.eu\/index.php?rest_route=%2Fwp%2Fv2%2Fproduct_brand&post=72140"},{"taxonomy":"product_cat","embeddable":true,"href":"https:\/\/www.multimedium.eu\/index.php?rest_route=%2Fwp%2Fv2%2Fproduct_cat&post=72140"},{"taxonomy":"product_tag","embeddable":true,"href":"https:\/\/www.multimedium.eu\/index.php?rest_route=%2Fwp%2Fv2%2Fproduct_tag&post=72140"}],"curies":[{"name":"wp","href":"https:\/\/api.w.org\/{rel}","templated":true}]}}