{"id":72192,"date":"2020-05-27T23:03:27","date_gmt":"2020-05-27T21:03:27","guid":{"rendered":"http:\/\/multimedium.eu\/?post_type=product&#038;p=72192"},"modified":"2025-03-13T09:32:10","modified_gmt":"2025-03-13T08:32:10","slug":"hutnadel-a-odenwald-pforzheim","status":"publish","type":"product","link":"https:\/\/www.multimedium.eu\/?product=hutnadel-a-odenwald-pforzheim","title":{"rendered":"Andreas A. Odenwald Jugendstil Silber Hutnadel Amethyst silver hatpin"},"content":{"rendered":"<p>Outstanding art nouveau silver hat pin<br \/>\nwith amethyst ca 1900<br \/>\nwith a steel needle,<br \/>\nsigned A. Odenwald<br \/>\nmarked: gesch\u00fctzt,(protected) 800, AO (A. Odenwald)<\/p>\n<p>Stone fine, with natural inclusions, no cracks<br \/>\nin a good beautiful condition<\/p>\n<p>whole lengh: 10,23&#8243; (26 cm)<br \/>\nwhole diameter: 1,89&#8243; (4,8 cm)<br \/>\ndiameter of the stone: 1,37&#8243; (3,5 cm)<\/p>\n","protected":false},"excerpt":{"rendered":"<h6><strong>A. Odenwald Jugendstil Silber Hutnadel<\/strong><\/h6>\n<p>Ausgefallene Jugendstil Silber Hutnadel<br \/>\nmit gro\u00dfem Amethyst-Cabochon um 1900<br \/>\nmit Stahlnadel,<br \/>\nsigniert A. Odenwald<br \/>\ngestempelt: gesch\u00fctzt, 800 und Herstellerpunze (AO)<\/p>\n<p>Stein in Ordnung, mit nat\u00fcrlichen Einschl\u00fcssen, keine Spr\u00fcnge,<br \/>\nin einem guten sch\u00f6nen ErhaltungszustandGesamt-L\u00e4nge : 26 cm<\/p>\n<p>Gesamt-Durchmesser : 4,8 cm<br \/>\nDurchmesser des Steins: 3,5 cm<\/p>\n","protected":false},"featured_media":72195,"template":"","meta":{"site-sidebar-layout":"default","site-content-layout":"default","ast-site-content-layout":"","site-content-style":"default","site-sidebar-style":"default","ast-global-header-display":"","ast-banner-title-visibility":"","ast-main-header-display":"","ast-hfb-above-header-display":"","ast-hfb-below-header-display":"","ast-hfb-mobile-header-display":"","site-post-title":"","ast-breadcrumbs-content":"","ast-featured-img":"","footer-sml-layout":"","theme-transparent-header-meta":"default","adv-header-id-meta":"","stick-header-meta":"","header-above-stick-meta":"","header-main-stick-meta":"","header-below-stick-meta":"","astra-migrate-meta-layouts":"default","ast-page-background-enabled":"default","ast-page-background-meta":{"desktop":{"background-color":"","background-image":"","background-repeat":"repeat","background-position":"center center","background-size":"auto","background-attachment":"scroll","background-type":"","background-media":"","overlay-type":"","overlay-color":"","overlay-opacity":"","overlay-gradient":""},"tablet":{"background-color":"","background-image":"","background-repeat":"repeat","background-position":"center center","background-size":"auto","background-attachment":"scroll","background-type":"","background-media":"","overlay-type":"","overlay-color":"","overlay-opacity":"","overlay-gradient":""},"mobile":{"background-color":"","background-image":"","background-repeat":"repeat","background-position":"center center","background-size":"auto","background-attachment":"scroll","background-type":"","background-media":"","overlay-type":"","overlay-color":"","overlay-opacity":"","overlay-gradient":""}},"ast-content-background-meta":{"desktop":{"background-color":"var(--ast-global-color-5)","background-image":"","background-repeat":"repeat","background-position":"center center","background-size":"auto","background-attachment":"scroll","background-type":"","background-media":"","overlay-type":"","overlay-color":"","overlay-opacity":"","overlay-gradient":""},"tablet":{"background-color":"var(--ast-global-color-5)","background-image":"","background-repeat":"repeat","background-position":"center center","background-size":"auto","background-attachment":"scroll","background-type":"","background-media":"","overlay-type":"","overlay-color":"","overlay-opacity":"","overlay-gradient":""},"mobile":{"background-color":"var(--ast-global-color-5)","background-image":"","background-repeat":"repeat","background-position":"center center","background-size":"auto","background-attachment":"scroll","background-type":"","background-media":"","overlay-type":"","overlay-color":"","overlay-opacity":"","overlay-gradient":""}}},"product_brand":[],"product_cat":[4761,3632,3559,5078,4322,3599,4325,4321],"product_tag":[3651,3826,3700,3827,3698,3641,3342],"class_list":{"0":"post-72192","1":"product","2":"type-product","3":"status-publish","4":"has-post-thumbnail","6":"product_cat-amethyst","7":"product_cat-haarnadel-hutnadel","8":"product_cat-jugendstil","9":"product_cat-metall-2","10":"product_cat-periode","11":"product_cat-signierter-schmuck","12":"product_cat-silber","13":"product_cat-steine","14":"product_tag-amethyst","15":"product_tag-andreas-odenwald","16":"product_tag-art-nouveau","17":"product_tag-hutnadel","18":"product_tag-jugendstil","19":"product_tag-silber","20":"product_tag-silver","21":"desktop-align-left","22":"tablet-align-left","23":"mobile-align-left","25":"first","26":"instock","27":"sold-individually","28":"shipping-taxable","29":"purchasable","30":"product-type-simple"},"_links":{"self":[{"href":"https:\/\/www.multimedium.eu\/index.php?rest_route=\/wp\/v2\/product\/72192","targetHints":{"allow":["GET"]}}],"collection":[{"href":"https:\/\/www.multimedium.eu\/index.php?rest_route=\/wp\/v2\/product"}],"about":[{"href":"https:\/\/www.multimedium.eu\/index.php?rest_route=\/wp\/v2\/types\/product"}],"version-history":[{"count":6,"href":"https:\/\/www.multimedium.eu\/index.php?rest_route=\/wp\/v2\/product\/72192\/revisions"}],"predecessor-version":[{"id":84183,"href":"https:\/\/www.multimedium.eu\/index.php?rest_route=\/wp\/v2\/product\/72192\/revisions\/84183"}],"wp:featuredmedia":[{"embeddable":true,"href":"https:\/\/www.multimedium.eu\/index.php?rest_route=\/wp\/v2\/media\/72195"}],"wp:attachment":[{"href":"https:\/\/www.multimedium.eu\/index.php?rest_route=%2Fwp%2Fv2%2Fmedia&parent=72192"}],"wp:term":[{"taxonomy":"product_brand","embeddable":true,"href":"https:\/\/www.multimedium.eu\/index.php?rest_route=%2Fwp%2Fv2%2Fproduct_brand&post=72192"},{"taxonomy":"product_cat","embeddable":true,"href":"https:\/\/www.multimedium.eu\/index.php?rest_route=%2Fwp%2Fv2%2Fproduct_cat&post=72192"},{"taxonomy":"product_tag","embeddable":true,"href":"https:\/\/www.multimedium.eu\/index.php?rest_route=%2Fwp%2Fv2%2Fproduct_tag&post=72192"}],"curies":[{"name":"wp","href":"https:\/\/api.w.org\/{rel}","templated":true}]}}