{"id":72232,"date":"2020-05-28T14:23:55","date_gmt":"2020-05-28T12:23:55","guid":{"rendered":"http:\/\/multimedium.eu\/?post_type=product&#038;p=72232"},"modified":"2025-03-13T09:32:08","modified_gmt":"2025-03-13T08:32:08","slug":"grosse-germany-reif-silber-anhaenger-modernist","status":"publish","type":"product","link":"https:\/\/www.multimedium.eu\/?product=grosse-germany-reif-silber-anhaenger-modernist","title":{"rendered":"Grosse Germany Reif Silber Anh\u00e4nger Modernist"},"content":{"rendered":"","protected":false},"excerpt":{"rendered":"<h6>Grosse Germany Reif Silber Anh\u00e4nger Modernist<\/h6>\n<p>Grosse Germany Reif Silber Anh\u00e4nger neckring silver pendant necklace modernist<br \/>\nsehr ausgefallener Silber-Halsreif mit Silber-Anh\u00e4nger von Grosse Germany,<br \/>\nselten mit gefassten Amethyst-Cabochons<br \/>\nder Halsreif ist f\u00fcr einen schlanken Hals, bitte achten Sie auf die Gr\u00f6\u00dfe<br \/>\nsigniert: Grosse Germany 1970, Firmenpunze, 925S<br \/>\nneckring silver pendant necklace with amethyst<br \/>\ngood beautyful condition<br \/>\nGesamth\u00f6he : 18 cm<br \/>\nH\u00f6he des Anh\u00e4ngers : 6,3 cm<br \/>\nDm des Hals-Rings: ca. 12.5 cm (Halsreif ist etwas dehnbar)<br \/>\nUmfang: ca. 40 cm<\/p>\n","protected":false},"featured_media":72237,"template":"","meta":{"site-sidebar-layout":"default","site-content-layout":"default","ast-site-content-layout":"","site-content-style":"default","site-sidebar-style":"default","ast-global-header-display":"","ast-banner-title-visibility":"","ast-main-header-display":"","ast-hfb-above-header-display":"","ast-hfb-below-header-display":"","ast-hfb-mobile-header-display":"","site-post-title":"","ast-breadcrumbs-content":"","ast-featured-img":"","footer-sml-layout":"","theme-transparent-header-meta":"default","adv-header-id-meta":"","stick-header-meta":"","header-above-stick-meta":"","header-main-stick-meta":"","header-below-stick-meta":"","astra-migrate-meta-layouts":"default","ast-page-background-enabled":"default","ast-page-background-meta":{"desktop":{"background-color":"","background-image":"","background-repeat":"repeat","background-position":"center center","background-size":"auto","background-attachment":"scroll","background-type":"","background-media":"","overlay-type":"","overlay-color":"","overlay-opacity":"","overlay-gradient":""},"tablet":{"background-color":"","background-image":"","background-repeat":"repeat","background-position":"center center","background-size":"auto","background-attachment":"scroll","background-type":"","background-media":"","overlay-type":"","overlay-color":"","overlay-opacity":"","overlay-gradient":""},"mobile":{"background-color":"","background-image":"","background-repeat":"repeat","background-position":"center center","background-size":"auto","background-attachment":"scroll","background-type":"","background-media":"","overlay-type":"","overlay-color":"","overlay-opacity":"","overlay-gradient":""}},"ast-content-background-meta":{"desktop":{"background-color":"var(--ast-global-color-5)","background-image":"","background-repeat":"repeat","background-position":"center center","background-size":"auto","background-attachment":"scroll","background-type":"","background-media":"","overlay-type":"","overlay-color":"","overlay-opacity":"","overlay-gradient":""},"tablet":{"background-color":"var(--ast-global-color-5)","background-image":"","background-repeat":"repeat","background-position":"center center","background-size":"auto","background-attachment":"scroll","background-type":"","background-media":"","overlay-type":"","overlay-color":"","overlay-opacity":"","overlay-gradient":""},"mobile":{"background-color":"var(--ast-global-color-5)","background-image":"","background-repeat":"repeat","background-position":"center center","background-size":"auto","background-attachment":"scroll","background-type":"","background-media":"","overlay-type":"","overlay-color":"","overlay-opacity":"","overlay-gradient":""}}},"product_brand":[],"product_cat":[3572,3582,3599],"product_tag":[3651,3649,3834,3650,3835,3652,3641,3342],"class_list":{"0":"post-72232","1":"product","2":"type-product","3":"status-publish","4":"has-post-thumbnail","6":"product_cat-juwelen","7":"product_cat-ketten-colliers","8":"product_cat-signierter-schmuck","9":"product_tag-amethyst","10":"product_tag-collier","11":"product_tag-grosse-germany","12":"product_tag-halskette","13":"product_tag-modernist","14":"product_tag-necklace","15":"product_tag-silber","16":"product_tag-silver","17":"desktop-align-left","18":"tablet-align-left","19":"mobile-align-left","21":"first","22":"instock","23":"sold-individually","24":"shipping-taxable","25":"purchasable","26":"product-type-simple"},"_links":{"self":[{"href":"https:\/\/www.multimedium.eu\/index.php?rest_route=\/wp\/v2\/product\/72232","targetHints":{"allow":["GET"]}}],"collection":[{"href":"https:\/\/www.multimedium.eu\/index.php?rest_route=\/wp\/v2\/product"}],"about":[{"href":"https:\/\/www.multimedium.eu\/index.php?rest_route=\/wp\/v2\/types\/product"}],"version-history":[{"count":3,"href":"https:\/\/www.multimedium.eu\/index.php?rest_route=\/wp\/v2\/product\/72232\/revisions"}],"predecessor-version":[{"id":84198,"href":"https:\/\/www.multimedium.eu\/index.php?rest_route=\/wp\/v2\/product\/72232\/revisions\/84198"}],"wp:featuredmedia":[{"embeddable":true,"href":"https:\/\/www.multimedium.eu\/index.php?rest_route=\/wp\/v2\/media\/72237"}],"wp:attachment":[{"href":"https:\/\/www.multimedium.eu\/index.php?rest_route=%2Fwp%2Fv2%2Fmedia&parent=72232"}],"wp:term":[{"taxonomy":"product_brand","embeddable":true,"href":"https:\/\/www.multimedium.eu\/index.php?rest_route=%2Fwp%2Fv2%2Fproduct_brand&post=72232"},{"taxonomy":"product_cat","embeddable":true,"href":"https:\/\/www.multimedium.eu\/index.php?rest_route=%2Fwp%2Fv2%2Fproduct_cat&post=72232"},{"taxonomy":"product_tag","embeddable":true,"href":"https:\/\/www.multimedium.eu\/index.php?rest_route=%2Fwp%2Fv2%2Fproduct_tag&post=72232"}],"curies":[{"name":"wp","href":"https:\/\/api.w.org\/{rel}","templated":true}]}}