{"id":72423,"date":"2020-06-02T18:17:46","date_gmt":"2020-06-02T16:17:46","guid":{"rendered":"http:\/\/multimedium.eu\/?post_type=product&#038;p=72423"},"modified":"2025-03-13T09:32:08","modified_gmt":"2025-03-13T08:32:08","slug":"herzanhaenger-lauer-wiedmann","status":"publish","type":"product","link":"https:\/\/www.multimedium.eu\/?product=herzanhaenger-lauer-wiedmann","title":{"rendered":"Herzanh\u00e4nger Lauer &#038; Wiedmann"},"content":{"rendered":"","protected":false},"excerpt":{"rendered":"<h6>Herzanh\u00e4nger Lauer &amp; Wiedmann<\/h6>\n<p>Herzanh\u00e4nger Lauer &amp; Wiedmann, Pforzheim um 1900<br \/>\nmit integriertem Bildnis einer Jugendstil-Dame,<br \/>\nSilber, durchbrochen gearbeitet<br \/>\nMa\u00dfe: H\u00f6he mit \u00d6se 4,5 cm,<br \/>\nBreite 3,3 cm<br \/>\ngest.:925 LW<\/p>\n<p><strong>Beautiful large silver heart pendant by Lauer &amp; Wiedmann Pforzheim c. 1900<\/strong><br \/>\n<strong>with an integrated picture of an art nouveau lady<\/strong><br \/>\n<strong>made of sterling silver, partly open massive work,<\/strong><br \/>\n<strong>marked on the loop: 925, LW (makers mark)<\/strong><br \/>\n<strong>in good beautiful condition<\/strong><\/p>\n<p><strong>Height incl. hanger loop : 1,77&#8243; (4,5 cm)<\/strong><br \/>\n<strong>Width of the pendant : 1,3&#8243; (3,3 cm)<\/strong><\/p>\n","protected":false},"featured_media":72250,"template":"","meta":{"site-sidebar-layout":"default","site-content-layout":"default","ast-site-content-layout":"","site-content-style":"default","site-sidebar-style":"default","ast-global-header-display":"","ast-banner-title-visibility":"","ast-main-header-display":"","ast-hfb-above-header-display":"","ast-hfb-below-header-display":"","ast-hfb-mobile-header-display":"","site-post-title":"","ast-breadcrumbs-content":"","ast-featured-img":"","footer-sml-layout":"","theme-transparent-header-meta":"default","adv-header-id-meta":"","stick-header-meta":"","header-above-stick-meta":"","header-main-stick-meta":"","header-below-stick-meta":"","astra-migrate-meta-layouts":"default","ast-page-background-enabled":"default","ast-page-background-meta":{"desktop":{"background-color":"","background-image":"","background-repeat":"repeat","background-position":"center center","background-size":"auto","background-attachment":"scroll","background-type":"","background-media":"","overlay-type":"","overlay-color":"","overlay-opacity":"","overlay-gradient":""},"tablet":{"background-color":"","background-image":"","background-repeat":"repeat","background-position":"center center","background-size":"auto","background-attachment":"scroll","background-type":"","background-media":"","overlay-type":"","overlay-color":"","overlay-opacity":"","overlay-gradient":""},"mobile":{"background-color":"","background-image":"","background-repeat":"repeat","background-position":"center center","background-size":"auto","background-attachment":"scroll","background-type":"","background-media":"","overlay-type":"","overlay-color":"","overlay-opacity":"","overlay-gradient":""}},"ast-content-background-meta":{"desktop":{"background-color":"var(--ast-global-color-5)","background-image":"","background-repeat":"repeat","background-position":"center center","background-size":"auto","background-attachment":"scroll","background-type":"","background-media":"","overlay-type":"","overlay-color":"","overlay-opacity":"","overlay-gradient":""},"tablet":{"background-color":"var(--ast-global-color-5)","background-image":"","background-repeat":"repeat","background-position":"center center","background-size":"auto","background-attachment":"scroll","background-type":"","background-media":"","overlay-type":"","overlay-color":"","overlay-opacity":"","overlay-gradient":""},"mobile":{"background-color":"var(--ast-global-color-5)","background-image":"","background-repeat":"repeat","background-position":"center center","background-size":"auto","background-attachment":"scroll","background-type":"","background-media":"","overlay-type":"","overlay-color":"","overlay-opacity":"","overlay-gradient":""}}},"product_brand":[],"product_cat":[3572],"product_tag":[3647,3700,3912,3914,3913,3698,3915,3911,3341,3641,3342],"class_list":{"0":"post-72423","1":"product","2":"type-product","3":"status-publish","4":"has-post-thumbnail","6":"product_cat-juwelen","7":"product_tag-anhaenger","8":"product_tag-art-nouveau","9":"product_tag-dame","10":"product_tag-heart","11":"product_tag-herz","12":"product_tag-jugendstil","13":"product_tag-lady","14":"product_tag-lauer-wiedmann","15":"product_tag-pendant","16":"product_tag-silber","17":"product_tag-silver","18":"desktop-align-left","19":"tablet-align-left","20":"mobile-align-left","22":"first","23":"outofstock","24":"sold-individually","25":"shipping-taxable","26":"product-type-simple"},"_links":{"self":[{"href":"https:\/\/www.multimedium.eu\/index.php?rest_route=\/wp\/v2\/product\/72423","targetHints":{"allow":["GET"]}}],"collection":[{"href":"https:\/\/www.multimedium.eu\/index.php?rest_route=\/wp\/v2\/product"}],"about":[{"href":"https:\/\/www.multimedium.eu\/index.php?rest_route=\/wp\/v2\/types\/product"}],"version-history":[{"count":2,"href":"https:\/\/www.multimedium.eu\/index.php?rest_route=\/wp\/v2\/product\/72423\/revisions"}],"predecessor-version":[{"id":84220,"href":"https:\/\/www.multimedium.eu\/index.php?rest_route=\/wp\/v2\/product\/72423\/revisions\/84220"}],"wp:featuredmedia":[{"embeddable":true,"href":"https:\/\/www.multimedium.eu\/index.php?rest_route=\/wp\/v2\/media\/72250"}],"wp:attachment":[{"href":"https:\/\/www.multimedium.eu\/index.php?rest_route=%2Fwp%2Fv2%2Fmedia&parent=72423"}],"wp:term":[{"taxonomy":"product_brand","embeddable":true,"href":"https:\/\/www.multimedium.eu\/index.php?rest_route=%2Fwp%2Fv2%2Fproduct_brand&post=72423"},{"taxonomy":"product_cat","embeddable":true,"href":"https:\/\/www.multimedium.eu\/index.php?rest_route=%2Fwp%2Fv2%2Fproduct_cat&post=72423"},{"taxonomy":"product_tag","embeddable":true,"href":"https:\/\/www.multimedium.eu\/index.php?rest_route=%2Fwp%2Fv2%2Fproduct_tag&post=72423"}],"curies":[{"name":"wp","href":"https:\/\/api.w.org\/{rel}","templated":true}]}}