{"id":72546,"date":"2020-06-03T22:39:48","date_gmt":"2020-06-03T20:39:48","guid":{"rendered":"http:\/\/multimedium.eu\/?post_type=product&#038;p=72546"},"modified":"2025-03-13T09:27:28","modified_gmt":"2025-03-13T08:27:28","slug":"verkauft-anhaenger-silber-rosenquarz","status":"publish","type":"product","link":"https:\/\/www.multimedium.eu\/?product=verkauft-anhaenger-silber-rosenquarz","title":{"rendered":"Anh\u00e4nger Silber Rosenquarz"},"content":{"rendered":"","protected":false},"excerpt":{"rendered":"<p><b>-VERKAUFT-<\/b><\/p>\n<h6>Anh\u00e4nger Silber Rosenquarz<\/h6>\n<p>um 1930, Silber, Handarbeit, mittig gefa\u00dft mit einem Rosenquarz Cabochon,<br \/>\novaler strahlenf\u00f6rmiger Verlauf, wie eine Sonne, amEnde jeden Stahls mit einer Kugel bel\u00f6tet,<br \/>\nAnh\u00e4nger: H\u00f6he mit \u00d6se: ca. 5,5 cm, Breite: ca. 3 cm<br \/>\nStein: H\u00f6he: ca. 1,5 cm, Breite: ca. 1,2 cm<br \/>\ngest: 935<\/p>\n","protected":false},"featured_media":87915,"template":"","meta":{"site-sidebar-layout":"default","site-content-layout":"default","ast-site-content-layout":"","site-content-style":"default","site-sidebar-style":"default","ast-global-header-display":"","ast-banner-title-visibility":"","ast-main-header-display":"","ast-hfb-above-header-display":"","ast-hfb-below-header-display":"","ast-hfb-mobile-header-display":"","site-post-title":"","ast-breadcrumbs-content":"","ast-featured-img":"","footer-sml-layout":"","theme-transparent-header-meta":"default","adv-header-id-meta":"","stick-header-meta":"","header-above-stick-meta":"","header-main-stick-meta":"","header-below-stick-meta":"","astra-migrate-meta-layouts":"default","ast-page-background-enabled":"default","ast-page-background-meta":{"desktop":{"background-color":"","background-image":"","background-repeat":"repeat","background-position":"center center","background-size":"auto","background-attachment":"scroll","background-type":"","background-media":"","overlay-type":"","overlay-color":"","overlay-opacity":"","overlay-gradient":""},"tablet":{"background-color":"","background-image":"","background-repeat":"repeat","background-position":"center center","background-size":"auto","background-attachment":"scroll","background-type":"","background-media":"","overlay-type":"","overlay-color":"","overlay-opacity":"","overlay-gradient":""},"mobile":{"background-color":"","background-image":"","background-repeat":"repeat","background-position":"center center","background-size":"auto","background-attachment":"scroll","background-type":"","background-media":"","overlay-type":"","overlay-color":"","overlay-opacity":"","overlay-gradient":""}},"ast-content-background-meta":{"desktop":{"background-color":"var(--ast-global-color-5)","background-image":"","background-repeat":"repeat","background-position":"center center","background-size":"auto","background-attachment":"scroll","background-type":"","background-media":"","overlay-type":"","overlay-color":"","overlay-opacity":"","overlay-gradient":""},"tablet":{"background-color":"var(--ast-global-color-5)","background-image":"","background-repeat":"repeat","background-position":"center center","background-size":"auto","background-attachment":"scroll","background-type":"","background-media":"","overlay-type":"","overlay-color":"","overlay-opacity":"","overlay-gradient":""},"mobile":{"background-color":"var(--ast-global-color-5)","background-image":"","background-repeat":"repeat","background-position":"center center","background-size":"auto","background-attachment":"scroll","background-type":"","background-media":"","overlay-type":"","overlay-color":"","overlay-opacity":"","overlay-gradient":""}}},"product_brand":[],"product_cat":[3572,4320],"product_tag":[3647,3341,3730,3641,3342,4215,3993],"class_list":{"0":"post-72546","1":"product","2":"type-product","3":"status-publish","4":"has-post-thumbnail","6":"product_cat-juwelen","7":"product_cat-verkauft","8":"product_tag-anhaenger","9":"product_tag-pendant","10":"product_tag-rosenquarz","11":"product_tag-silber","12":"product_tag-silver","13":"product_tag-verkauft","14":"product_tag-vintage","15":"desktop-align-left","16":"tablet-align-left","17":"mobile-align-left","19":"first","20":"outofstock","21":"sold-individually","22":"shipping-taxable","23":"product-type-simple"},"_links":{"self":[{"href":"https:\/\/www.multimedium.eu\/index.php?rest_route=\/wp\/v2\/product\/72546","targetHints":{"allow":["GET"]}}],"collection":[{"href":"https:\/\/www.multimedium.eu\/index.php?rest_route=\/wp\/v2\/product"}],"about":[{"href":"https:\/\/www.multimedium.eu\/index.php?rest_route=\/wp\/v2\/types\/product"}],"version-history":[{"count":4,"href":"https:\/\/www.multimedium.eu\/index.php?rest_route=\/wp\/v2\/product\/72546\/revisions"}],"predecessor-version":[{"id":72549,"href":"https:\/\/www.multimedium.eu\/index.php?rest_route=\/wp\/v2\/product\/72546\/revisions\/72549"}],"wp:featuredmedia":[{"embeddable":true,"href":"https:\/\/www.multimedium.eu\/index.php?rest_route=\/wp\/v2\/media\/87915"}],"wp:attachment":[{"href":"https:\/\/www.multimedium.eu\/index.php?rest_route=%2Fwp%2Fv2%2Fmedia&parent=72546"}],"wp:term":[{"taxonomy":"product_brand","embeddable":true,"href":"https:\/\/www.multimedium.eu\/index.php?rest_route=%2Fwp%2Fv2%2Fproduct_brand&post=72546"},{"taxonomy":"product_cat","embeddable":true,"href":"https:\/\/www.multimedium.eu\/index.php?rest_route=%2Fwp%2Fv2%2Fproduct_cat&post=72546"},{"taxonomy":"product_tag","embeddable":true,"href":"https:\/\/www.multimedium.eu\/index.php?rest_route=%2Fwp%2Fv2%2Fproduct_tag&post=72546"}],"curies":[{"name":"wp","href":"https:\/\/api.w.org\/{rel}","templated":true}]}}