{"id":72565,"date":"2020-06-04T20:43:07","date_gmt":"2020-06-04T18:43:07","guid":{"rendered":"http:\/\/multimedium.eu\/?post_type=product&#038;p=72565"},"modified":"2025-03-13T09:29:23","modified_gmt":"2025-03-13T08:29:23","slug":"art-deco-silber-anhaenger-turmalin-farb-spinell","status":"publish","type":"product","link":"https:\/\/www.multimedium.eu\/?product=art-deco-silber-anhaenger-turmalin-farb-spinell","title":{"rendered":"Gro\u00dfer Art Deco Silber Anh\u00e4nger turmalin farb. Spinell silver pendant Traumst\u00fcck"},"content":{"rendered":"<p>Large Art Deco silver pendant tourmaline color. Spinel silver pendant Dream piece<\/p>\n<p>Magnificent, large, beautiful Art Deco designer silver pendant,<br \/>\nDream piece from the 20s<br \/>\nwith tourmaline-colored spinel,<br \/>\nArt Deco style typical of the time<br \/>\nin a beautiful aesthetic design<br \/>\nmade in elaborate manual work<br \/>\nstamped: 800<\/p>\n<p>good beautiful state of preservation<\/p>\n<p>Length of the pendant including the hanging loop: 5.4 cm<br \/>\nPendant width: 3 cm<\/p>\n","protected":false},"excerpt":{"rendered":"<h6><strong>Gro\u00dfer Art Deco Silber Anh\u00e4nger turmalin farb. Spinell silver pendant Traumst\u00fcck<\/strong><\/h6>\n<p>Prachtvoller gro\u00dfer sch\u00f6ner Art Deco Designer Silber Anh\u00e4nger,<br \/>\nTraumst\u00fcck aus den 20er Jahren<br \/>\nmit turmalin-farbenem Spinell,<br \/>\nzeittypische Art Deco-Form<br \/>\nin einem sch\u00f6nen \u00e4sthetischen Design<br \/>\nin aufwendiger Handarbeit gefertigt<br \/>\ngestempelt: 800<\/p>\n<p>guter sch\u00f6ner Erhaltungszustand<\/p>\n<p>L\u00e4nge des Anh\u00e4ngers incl. Aufh\u00e4nger-\u00d6se: 5,4 cm<br \/>\nBreite des Anh\u00e4ngers: 3 cm<\/p>\n","protected":false},"featured_media":78798,"template":"","meta":{"site-sidebar-layout":"default","site-content-layout":"default","ast-site-content-layout":"","site-content-style":"default","site-sidebar-style":"default","ast-global-header-display":"","ast-banner-title-visibility":"","ast-main-header-display":"","ast-hfb-above-header-display":"","ast-hfb-below-header-display":"","ast-hfb-mobile-header-display":"","site-post-title":"","ast-breadcrumbs-content":"","ast-featured-img":"","footer-sml-layout":"","theme-transparent-header-meta":"default","adv-header-id-meta":"","stick-header-meta":"","header-above-stick-meta":"","header-main-stick-meta":"","header-below-stick-meta":"","astra-migrate-meta-layouts":"default","ast-page-background-enabled":"default","ast-page-background-meta":{"desktop":{"background-color":"","background-image":"","background-repeat":"repeat","background-position":"center center","background-size":"auto","background-attachment":"scroll","background-type":"","background-media":"","overlay-type":"","overlay-color":"","overlay-opacity":"","overlay-gradient":""},"tablet":{"background-color":"","background-image":"","background-repeat":"repeat","background-position":"center center","background-size":"auto","background-attachment":"scroll","background-type":"","background-media":"","overlay-type":"","overlay-color":"","overlay-opacity":"","overlay-gradient":""},"mobile":{"background-color":"","background-image":"","background-repeat":"repeat","background-position":"center center","background-size":"auto","background-attachment":"scroll","background-type":"","background-media":"","overlay-type":"","overlay-color":"","overlay-opacity":"","overlay-gradient":""}},"ast-content-background-meta":{"desktop":{"background-color":"var(--ast-global-color-5)","background-image":"","background-repeat":"repeat","background-position":"center center","background-size":"auto","background-attachment":"scroll","background-type":"","background-media":"","overlay-type":"","overlay-color":"","overlay-opacity":"","overlay-gradient":""},"tablet":{"background-color":"var(--ast-global-color-5)","background-image":"","background-repeat":"repeat","background-position":"center center","background-size":"auto","background-attachment":"scroll","background-type":"","background-media":"","overlay-type":"","overlay-color":"","overlay-opacity":"","overlay-gradient":""},"mobile":{"background-color":"var(--ast-global-color-5)","background-image":"","background-repeat":"repeat","background-position":"center center","background-size":"auto","background-attachment":"scroll","background-type":"","background-media":"","overlay-type":"","overlay-color":"","overlay-opacity":"","overlay-gradient":""}}},"product_brand":[],"product_cat":[4450,3806,3572,5078,4322,4325,5370,4321,4909],"product_tag":[3647,3716,3785,3784,3789,4013,3341,3641,3342,3989,3946,3947],"class_list":{"0":"post-72565","1":"product","2":"type-product","3":"status-publish","4":"has-post-thumbnail","6":"product_cat-anhaenger","7":"product_cat-art-deco","8":"product_cat-juwelen","9":"product_cat-metall-2","10":"product_cat-periode","11":"product_cat-silber","12":"product_cat-spinell","13":"product_cat-steine","14":"product_cat-turmalin","15":"product_tag-anhaenger","16":"product_tag-art-deco","17":"product_tag-green","18":"product_tag-gruen","19":"product_tag-handarbeit","20":"product_tag-handwork","21":"product_tag-pendant","22":"product_tag-silber","23":"product_tag-silver","24":"product_tag-spinell","25":"product_tag-turmalin","26":"product_tag-turmaline","27":"desktop-align-left","28":"tablet-align-left","29":"mobile-align-left","31":"first","32":"instock","33":"sold-individually","34":"shipping-taxable","35":"purchasable","36":"product-type-simple"},"_links":{"self":[{"href":"https:\/\/www.multimedium.eu\/index.php?rest_route=\/wp\/v2\/product\/72565","targetHints":{"allow":["GET"]}}],"collection":[{"href":"https:\/\/www.multimedium.eu\/index.php?rest_route=\/wp\/v2\/product"}],"about":[{"href":"https:\/\/www.multimedium.eu\/index.php?rest_route=\/wp\/v2\/types\/product"}],"version-history":[{"count":6,"href":"https:\/\/www.multimedium.eu\/index.php?rest_route=\/wp\/v2\/product\/72565\/revisions"}],"predecessor-version":[{"id":85955,"href":"https:\/\/www.multimedium.eu\/index.php?rest_route=\/wp\/v2\/product\/72565\/revisions\/85955"}],"wp:featuredmedia":[{"embeddable":true,"href":"https:\/\/www.multimedium.eu\/index.php?rest_route=\/wp\/v2\/media\/78798"}],"wp:attachment":[{"href":"https:\/\/www.multimedium.eu\/index.php?rest_route=%2Fwp%2Fv2%2Fmedia&parent=72565"}],"wp:term":[{"taxonomy":"product_brand","embeddable":true,"href":"https:\/\/www.multimedium.eu\/index.php?rest_route=%2Fwp%2Fv2%2Fproduct_brand&post=72565"},{"taxonomy":"product_cat","embeddable":true,"href":"https:\/\/www.multimedium.eu\/index.php?rest_route=%2Fwp%2Fv2%2Fproduct_cat&post=72565"},{"taxonomy":"product_tag","embeddable":true,"href":"https:\/\/www.multimedium.eu\/index.php?rest_route=%2Fwp%2Fv2%2Fproduct_tag&post=72565"}],"curies":[{"name":"wp","href":"https:\/\/api.w.org\/{rel}","templated":true}]}}