{"id":72567,"date":"2020-06-04T21:09:48","date_gmt":"2020-06-04T19:09:48","guid":{"rendered":"http:\/\/multimedium.eu\/?post_type=product&#038;p=72567"},"modified":"2025-03-13T09:32:03","modified_gmt":"2025-03-13T08:32:03","slug":"jugendstil-silber-anhaenger-gruener-achat","status":"publish","type":"product","link":"https:\/\/www.multimedium.eu\/?product=jugendstil-silber-anhaenger-gruener-achat","title":{"rendered":"Jugendstil Silber Anh\u00e4nger gr\u00fcner Achat"},"content":{"rendered":"<h6>Art Nouveau silver pendant green agate<\/h6>\n<p>Large Art Nouveau silver pendant<br \/>\nin the middle with a green agate, around 1910<br \/>\nhollow with decorative flowers and leaves<br \/>\nstamped: 800<br \/>\ngood, beautiful condition<\/p>\n<p>Height of the pendant including hanging eyelet: 6.7 cm<br \/>\nPendant width: 3.9 cm<\/p>\n","protected":false},"excerpt":{"rendered":"<h6>Jugendstil Silber Anh\u00e4nger gr\u00fcner Achat<\/h6>\n<p>Gro\u00dfer Jugendstil Silber Anh\u00e4nger<br \/>\nmittig mit einem gr\u00fcner Achat, um 1910<br \/>\nhohl verb\u00f6det mit dekorativen Blumen und Bl\u00e4ttern<br \/>\ngestempelt : 800<br \/>\nguter sch\u00f6ner Erhaltungszustand<\/p>\n<p>H\u00f6he des Anh\u00e4ngers incl. Aufh\u00e4nger-\u00d6se: 6,7 cm<br \/>\nBreite des Anh\u00e4ngers: 3,9 cm<\/p>\n","protected":false},"featured_media":72512,"template":"","meta":{"site-sidebar-layout":"default","site-content-layout":"default","ast-site-content-layout":"default","site-content-style":"default","site-sidebar-style":"default","ast-global-header-display":"","ast-banner-title-visibility":"","ast-main-header-display":"","ast-hfb-above-header-display":"","ast-hfb-below-header-display":"","ast-hfb-mobile-header-display":"","site-post-title":"","ast-breadcrumbs-content":"","ast-featured-img":"","footer-sml-layout":"","theme-transparent-header-meta":"default","adv-header-id-meta":"","stick-header-meta":"","header-above-stick-meta":"","header-main-stick-meta":"","header-below-stick-meta":"","astra-migrate-meta-layouts":"set","ast-page-background-enabled":"default","ast-page-background-meta":{"desktop":{"background-color":"","background-image":"","background-repeat":"repeat","background-position":"center center","background-size":"auto","background-attachment":"scroll","background-type":"","background-media":"","overlay-type":"","overlay-color":"","overlay-opacity":"","overlay-gradient":""},"tablet":{"background-color":"","background-image":"","background-repeat":"repeat","background-position":"center center","background-size":"auto","background-attachment":"scroll","background-type":"","background-media":"","overlay-type":"","overlay-color":"","overlay-opacity":"","overlay-gradient":""},"mobile":{"background-color":"","background-image":"","background-repeat":"repeat","background-position":"center center","background-size":"auto","background-attachment":"scroll","background-type":"","background-media":"","overlay-type":"","overlay-color":"","overlay-opacity":"","overlay-gradient":""}},"ast-content-background-meta":{"desktop":{"background-color":"var(--ast-global-color-5)","background-image":"","background-repeat":"repeat","background-position":"center center","background-size":"auto","background-attachment":"scroll","background-type":"","background-media":"","overlay-type":"","overlay-color":"","overlay-opacity":"","overlay-gradient":""},"tablet":{"background-color":"var(--ast-global-color-5)","background-image":"","background-repeat":"repeat","background-position":"center center","background-size":"auto","background-attachment":"scroll","background-type":"","background-media":"","overlay-type":"","overlay-color":"","overlay-opacity":"","overlay-gradient":""},"mobile":{"background-color":"var(--ast-global-color-5)","background-image":"","background-repeat":"repeat","background-position":"center center","background-size":"auto","background-attachment":"scroll","background-type":"","background-media":"","overlay-type":"","overlay-color":"","overlay-opacity":"","overlay-gradient":""}}},"product_brand":[],"product_cat":[3559,3572],"product_tag":[3691,3693,3647,3700,3678,3679,3785,3784,3698,3641,3342],"class_list":{"0":"post-72567","1":"product","2":"type-product","3":"status-publish","4":"has-post-thumbnail","6":"product_cat-jugendstil","7":"product_cat-juwelen","8":"product_tag-achat","9":"product_tag-agate","10":"product_tag-anhaenger","11":"product_tag-art-nouveau","12":"product_tag-blume","13":"product_tag-flower","14":"product_tag-green","15":"product_tag-gruen","16":"product_tag-jugendstil","17":"product_tag-silber","18":"product_tag-silver","19":"desktop-align-left","20":"tablet-align-left","21":"mobile-align-left","23":"first","24":"instock","25":"sold-individually","26":"shipping-taxable","27":"purchasable","28":"product-type-simple"},"_links":{"self":[{"href":"https:\/\/www.multimedium.eu\/index.php?rest_route=\/wp\/v2\/product\/72567","targetHints":{"allow":["GET"]}}],"collection":[{"href":"https:\/\/www.multimedium.eu\/index.php?rest_route=\/wp\/v2\/product"}],"about":[{"href":"https:\/\/www.multimedium.eu\/index.php?rest_route=\/wp\/v2\/types\/product"}],"version-history":[{"count":4,"href":"https:\/\/www.multimedium.eu\/index.php?rest_route=\/wp\/v2\/product\/72567\/revisions"}],"predecessor-version":[{"id":90727,"href":"https:\/\/www.multimedium.eu\/index.php?rest_route=\/wp\/v2\/product\/72567\/revisions\/90727"}],"wp:featuredmedia":[{"embeddable":true,"href":"https:\/\/www.multimedium.eu\/index.php?rest_route=\/wp\/v2\/media\/72512"}],"wp:attachment":[{"href":"https:\/\/www.multimedium.eu\/index.php?rest_route=%2Fwp%2Fv2%2Fmedia&parent=72567"}],"wp:term":[{"taxonomy":"product_brand","embeddable":true,"href":"https:\/\/www.multimedium.eu\/index.php?rest_route=%2Fwp%2Fv2%2Fproduct_brand&post=72567"},{"taxonomy":"product_cat","embeddable":true,"href":"https:\/\/www.multimedium.eu\/index.php?rest_route=%2Fwp%2Fv2%2Fproduct_cat&post=72567"},{"taxonomy":"product_tag","embeddable":true,"href":"https:\/\/www.multimedium.eu\/index.php?rest_route=%2Fwp%2Fv2%2Fproduct_tag&post=72567"}],"curies":[{"name":"wp","href":"https:\/\/api.w.org\/{rel}","templated":true}]}}