{"id":72651,"date":"2020-06-04T23:46:27","date_gmt":"2020-06-04T21:46:27","guid":{"rendered":"http:\/\/multimedium.eu\/?post_type=product&#038;p=72651"},"modified":"2025-03-13T09:31:05","modified_gmt":"2025-03-13T08:31:05","slug":"stabbrosche-jugendstil-silber-amazonit","status":"publish","type":"product","link":"https:\/\/www.multimedium.eu\/?product=stabbrosche-jugendstil-silber-amazonit","title":{"rendered":"Stabbrosche Jugendstil Silber Amazonit"},"content":{"rendered":"","protected":false},"excerpt":{"rendered":"<h6>Stabbrosche Jugendstil Silber Amazonit<\/h6>\n<p>um 1910, Handarbeit, durchbrochen gearbeitet,<br \/>\nmit aufgel\u00f6teten Bl\u00e4ttern und spiralf\u00f6rmigen Stengeln,<br \/>\nSilber,<\/p>\n<p>Stabbrosche Jugendstil Silber Amazonit<br \/>\nBrosche: L: 8 cm, B: 2 cm<br \/>\nStein: L: 2,5 cm, B: 1,5 cm<br \/>\ngest.: 900<\/p>\n","protected":false},"featured_media":74646,"template":"","meta":{"site-sidebar-layout":"default","site-content-layout":"default","ast-site-content-layout":"","site-content-style":"default","site-sidebar-style":"default","ast-global-header-display":"","ast-banner-title-visibility":"","ast-main-header-display":"","ast-hfb-above-header-display":"","ast-hfb-below-header-display":"","ast-hfb-mobile-header-display":"","site-post-title":"","ast-breadcrumbs-content":"","ast-featured-img":"","footer-sml-layout":"","theme-transparent-header-meta":"default","adv-header-id-meta":"","stick-header-meta":"","header-above-stick-meta":"","header-main-stick-meta":"","header-below-stick-meta":"","astra-migrate-meta-layouts":"default","ast-page-background-enabled":"default","ast-page-background-meta":{"desktop":{"background-color":"","background-image":"","background-repeat":"repeat","background-position":"center center","background-size":"auto","background-attachment":"scroll","background-type":"","background-media":"","overlay-type":"","overlay-color":"","overlay-opacity":"","overlay-gradient":""},"tablet":{"background-color":"","background-image":"","background-repeat":"repeat","background-position":"center center","background-size":"auto","background-attachment":"scroll","background-type":"","background-media":"","overlay-type":"","overlay-color":"","overlay-opacity":"","overlay-gradient":""},"mobile":{"background-color":"","background-image":"","background-repeat":"repeat","background-position":"center center","background-size":"auto","background-attachment":"scroll","background-type":"","background-media":"","overlay-type":"","overlay-color":"","overlay-opacity":"","overlay-gradient":""}},"ast-content-background-meta":{"desktop":{"background-color":"var(--ast-global-color-5)","background-image":"","background-repeat":"repeat","background-position":"center center","background-size":"auto","background-attachment":"scroll","background-type":"","background-media":"","overlay-type":"","overlay-color":"","overlay-opacity":"","overlay-gradient":""},"tablet":{"background-color":"var(--ast-global-color-5)","background-image":"","background-repeat":"repeat","background-position":"center center","background-size":"auto","background-attachment":"scroll","background-type":"","background-media":"","overlay-type":"","overlay-color":"","overlay-opacity":"","overlay-gradient":""},"mobile":{"background-color":"var(--ast-global-color-5)","background-image":"","background-repeat":"repeat","background-position":"center center","background-size":"auto","background-attachment":"scroll","background-type":"","background-media":"","overlay-type":"","overlay-color":"","overlay-opacity":"","overlay-gradient":""}}},"product_brand":[],"product_cat":[3580,3572],"product_tag":[3673,3952,3700,3643,3636,3698,3948,3641,3342,3812],"class_list":{"0":"post-72651","1":"product","2":"type-product","3":"status-publish","4":"has-post-thumbnail","6":"product_cat-broschen","7":"product_cat-juwelen","8":"product_tag-amazonit","9":"product_tag-amazonite","10":"product_tag-art-nouveau","11":"product_tag-brooch","12":"product_tag-brosche","13":"product_tag-jugendstil","14":"product_tag-pflanzen","15":"product_tag-silber","16":"product_tag-silver","17":"product_tag-stabbrosche","18":"desktop-align-left","19":"tablet-align-left","20":"mobile-align-left","22":"first","23":"instock","24":"sold-individually","25":"shipping-taxable","26":"purchasable","27":"product-type-simple"},"_links":{"self":[{"href":"https:\/\/www.multimedium.eu\/index.php?rest_route=\/wp\/v2\/product\/72651","targetHints":{"allow":["GET"]}}],"collection":[{"href":"https:\/\/www.multimedium.eu\/index.php?rest_route=\/wp\/v2\/product"}],"about":[{"href":"https:\/\/www.multimedium.eu\/index.php?rest_route=\/wp\/v2\/types\/product"}],"version-history":[{"count":2,"href":"https:\/\/www.multimedium.eu\/index.php?rest_route=\/wp\/v2\/product\/72651\/revisions"}],"predecessor-version":[{"id":84115,"href":"https:\/\/www.multimedium.eu\/index.php?rest_route=\/wp\/v2\/product\/72651\/revisions\/84115"}],"wp:featuredmedia":[{"embeddable":true,"href":"https:\/\/www.multimedium.eu\/index.php?rest_route=\/wp\/v2\/media\/74646"}],"wp:attachment":[{"href":"https:\/\/www.multimedium.eu\/index.php?rest_route=%2Fwp%2Fv2%2Fmedia&parent=72651"}],"wp:term":[{"taxonomy":"product_brand","embeddable":true,"href":"https:\/\/www.multimedium.eu\/index.php?rest_route=%2Fwp%2Fv2%2Fproduct_brand&post=72651"},{"taxonomy":"product_cat","embeddable":true,"href":"https:\/\/www.multimedium.eu\/index.php?rest_route=%2Fwp%2Fv2%2Fproduct_cat&post=72651"},{"taxonomy":"product_tag","embeddable":true,"href":"https:\/\/www.multimedium.eu\/index.php?rest_route=%2Fwp%2Fv2%2Fproduct_tag&post=72651"}],"curies":[{"name":"wp","href":"https:\/\/api.w.org\/{rel}","templated":true}]}}