{"id":72659,"date":"2020-06-05T00:07:57","date_gmt":"2020-06-04T22:07:57","guid":{"rendered":"http:\/\/multimedium.eu\/?post_type=product&#038;p=72659"},"modified":"2025-03-13T09:31:56","modified_gmt":"2025-03-13T08:31:56","slug":"jugendstil-brosche-um-1900","status":"publish","type":"product","link":"https:\/\/www.multimedium.eu\/?product=jugendstil-brosche-um-1900","title":{"rendered":"Jugendstil Brosche um 1900"},"content":{"rendered":"","protected":false},"excerpt":{"rendered":"<h6>Jugendstil Brosche um 1900<\/h6>\n<p>Jugendstil Brosche um 1910<br \/>\nSilber durchbrochen gearbeitet<br \/>\nmit 8 gefassten Amethyst-Cabochons<br \/>\nmittig mit gro\u00dfer ovaler Perlmutt-Schale<br \/>\nr\u00fcckseitig verb\u00f6det (in der Gr\u00f6\u00dfe der Perlmutt-Schale)<br \/>\ngestempelt: 800<\/p>\n<p>Breite der Brosche: 4,8 cm<br \/>\nH\u00f6he der Brosche: 3,6 cm<\/p>\n","protected":false},"featured_media":72636,"template":"","meta":{"site-sidebar-layout":"default","site-content-layout":"default","ast-site-content-layout":"","site-content-style":"default","site-sidebar-style":"default","ast-global-header-display":"","ast-banner-title-visibility":"","ast-main-header-display":"","ast-hfb-above-header-display":"","ast-hfb-below-header-display":"","ast-hfb-mobile-header-display":"","site-post-title":"","ast-breadcrumbs-content":"","ast-featured-img":"","footer-sml-layout":"","theme-transparent-header-meta":"default","adv-header-id-meta":"","stick-header-meta":"","header-above-stick-meta":"","header-main-stick-meta":"","header-below-stick-meta":"","astra-migrate-meta-layouts":"default","ast-page-background-enabled":"default","ast-page-background-meta":{"desktop":{"background-color":"","background-image":"","background-repeat":"repeat","background-position":"center center","background-size":"auto","background-attachment":"scroll","background-type":"","background-media":"","overlay-type":"","overlay-color":"","overlay-opacity":"","overlay-gradient":""},"tablet":{"background-color":"","background-image":"","background-repeat":"repeat","background-position":"center center","background-size":"auto","background-attachment":"scroll","background-type":"","background-media":"","overlay-type":"","overlay-color":"","overlay-opacity":"","overlay-gradient":""},"mobile":{"background-color":"","background-image":"","background-repeat":"repeat","background-position":"center center","background-size":"auto","background-attachment":"scroll","background-type":"","background-media":"","overlay-type":"","overlay-color":"","overlay-opacity":"","overlay-gradient":""}},"ast-content-background-meta":{"desktop":{"background-color":"var(--ast-global-color-5)","background-image":"","background-repeat":"repeat","background-position":"center center","background-size":"auto","background-attachment":"scroll","background-type":"","background-media":"","overlay-type":"","overlay-color":"","overlay-opacity":"","overlay-gradient":""},"tablet":{"background-color":"var(--ast-global-color-5)","background-image":"","background-repeat":"repeat","background-position":"center center","background-size":"auto","background-attachment":"scroll","background-type":"","background-media":"","overlay-type":"","overlay-color":"","overlay-opacity":"","overlay-gradient":""},"mobile":{"background-color":"var(--ast-global-color-5)","background-image":"","background-repeat":"repeat","background-position":"center center","background-size":"auto","background-attachment":"scroll","background-type":"","background-media":"","overlay-type":"","overlay-color":"","overlay-opacity":"","overlay-gradient":""}}},"product_brand":[],"product_cat":[3580,3559,3572],"product_tag":[3651,3700,3643,3636,3698,3704,3703,3702,3641,3342],"class_list":{"0":"post-72659","1":"product","2":"type-product","3":"status-publish","4":"has-post-thumbnail","6":"product_cat-broschen","7":"product_cat-jugendstil","8":"product_cat-juwelen","9":"product_tag-amethyst","10":"product_tag-art-nouveau","11":"product_tag-brooch","12":"product_tag-brosche","13":"product_tag-jugendstil","14":"product_tag-mother-of-pearl","15":"product_tag-perlmutt","16":"product_tag-perlschale","17":"product_tag-silber","18":"product_tag-silver","19":"desktop-align-left","20":"tablet-align-left","21":"mobile-align-left","23":"first","24":"instock","25":"sold-individually","26":"shipping-taxable","27":"product-type-simple"},"_links":{"self":[{"href":"https:\/\/www.multimedium.eu\/index.php?rest_route=\/wp\/v2\/product\/72659","targetHints":{"allow":["GET"]}}],"collection":[{"href":"https:\/\/www.multimedium.eu\/index.php?rest_route=\/wp\/v2\/product"}],"about":[{"href":"https:\/\/www.multimedium.eu\/index.php?rest_route=\/wp\/v2\/types\/product"}],"version-history":[{"count":2,"href":"https:\/\/www.multimedium.eu\/index.php?rest_route=\/wp\/v2\/product\/72659\/revisions"}],"predecessor-version":[{"id":84122,"href":"https:\/\/www.multimedium.eu\/index.php?rest_route=\/wp\/v2\/product\/72659\/revisions\/84122"}],"wp:featuredmedia":[{"embeddable":true,"href":"https:\/\/www.multimedium.eu\/index.php?rest_route=\/wp\/v2\/media\/72636"}],"wp:attachment":[{"href":"https:\/\/www.multimedium.eu\/index.php?rest_route=%2Fwp%2Fv2%2Fmedia&parent=72659"}],"wp:term":[{"taxonomy":"product_brand","embeddable":true,"href":"https:\/\/www.multimedium.eu\/index.php?rest_route=%2Fwp%2Fv2%2Fproduct_brand&post=72659"},{"taxonomy":"product_cat","embeddable":true,"href":"https:\/\/www.multimedium.eu\/index.php?rest_route=%2Fwp%2Fv2%2Fproduct_cat&post=72659"},{"taxonomy":"product_tag","embeddable":true,"href":"https:\/\/www.multimedium.eu\/index.php?rest_route=%2Fwp%2Fv2%2Fproduct_tag&post=72659"}],"curies":[{"name":"wp","href":"https:\/\/api.w.org\/{rel}","templated":true}]}}