{"id":72696,"date":"2020-06-05T22:16:50","date_gmt":"2020-06-05T20:16:50","guid":{"rendered":"http:\/\/multimedium.eu\/?post_type=product&#038;p=72696"},"modified":"2025-03-13T09:31:58","modified_gmt":"2025-03-13T08:31:58","slug":"historismus-gold-brosche-koralle","status":"publish","type":"product","link":"https:\/\/www.multimedium.eu\/?product=historismus-gold-brosche-koralle","title":{"rendered":"Antike Biedermeier 750 18K Gold Brosche Koralle antique coral brooch"},"content":{"rendered":"","protected":false},"excerpt":{"rendered":"<div>\n<h6>Antike Biedermeier 750 18K Gold Brosche Koralle antique coral brooch<\/h6>\n<\/div>\n<div class=\"description\">Prachtvolle sch\u00f6ne dekorative Biedermeier bzw. Historismus<\/div>\n<div class=\"description\">Gold Korallen Brosche, Frankreich um 1865,<br \/>\nmit sch\u00f6ner Lachskoralle best\u00fcckt,<\/div>\n<div class=\"description\">sehr gro\u00dfer Koralle Mittelstein,<\/div>\n<div class=\"description\">einh\u00e4ngend mit Pampeln in unterschiedlicher Gr\u00f6\u00dfen,<\/div>\n<div class=\"description\"><\/div>\n<div class=\"description\">gestempelt: kl. franz. Adlerpunze (f\u00fcr 18 Karat Gold)<\/div>\n<div class=\"description\">und franz Herstellerpunze: Raute mit <span style=\"font-size: large;\">Pflanze und AJ<\/span><\/div>\n<div class=\"description\">in einem guten sch\u00f6nen Erhaltungszustand mit nat\u00fcrlichen Einschl\u00fcssen,<\/div>\n<div class=\"description\">Anh\u00e4nger spiegelt<\/div>\n<div class=\"description\"><\/div>\n<div class=\"description\">Breite der Brosche: 3,4 cm<br \/>\nH\u00f6he der Brosche (ohne Anh\u00e4nger):\u00a0 2,8 cm<\/div>\n<div class=\"description\">Gesamth\u00f6he der Brosche ca. 5,5 cm<\/div>\n<div class=\"description\">Durchmesser der gro\u00dfen Koralle:\u00a0 2 x 1,6 cm,<br \/>\nL\u00e4nge der 4 tropfenf\u00f6rmigen Korallen mit ca. 1,4 &#8211; 1,7\u00a0 cm,<\/div>\n<div class=\"description\">mittlerer Koralle Anh\u00e4nger: 1,8 cm<br \/>\nGesamtgewicht: 14,5 g<\/div>\n<p>&nbsp;<\/p>\n<p>&nbsp;<\/p>\n","protected":false},"featured_media":72621,"template":"","meta":{"site-sidebar-layout":"default","site-content-layout":"default","ast-site-content-layout":"","site-content-style":"default","site-sidebar-style":"default","ast-global-header-display":"","ast-banner-title-visibility":"","ast-main-header-display":"","ast-hfb-above-header-display":"","ast-hfb-below-header-display":"","ast-hfb-mobile-header-display":"","site-post-title":"","ast-breadcrumbs-content":"","ast-featured-img":"","footer-sml-layout":"","theme-transparent-header-meta":"default","adv-header-id-meta":"","stick-header-meta":"","header-above-stick-meta":"","header-main-stick-meta":"","header-below-stick-meta":"","astra-migrate-meta-layouts":"default","ast-page-background-enabled":"default","ast-page-background-meta":{"desktop":{"background-color":"","background-image":"","background-repeat":"repeat","background-position":"center center","background-size":"auto","background-attachment":"scroll","background-type":"","background-media":"","overlay-type":"","overlay-color":"","overlay-opacity":"","overlay-gradient":""},"tablet":{"background-color":"","background-image":"","background-repeat":"repeat","background-position":"center center","background-size":"auto","background-attachment":"scroll","background-type":"","background-media":"","overlay-type":"","overlay-color":"","overlay-opacity":"","overlay-gradient":""},"mobile":{"background-color":"","background-image":"","background-repeat":"repeat","background-position":"center center","background-size":"auto","background-attachment":"scroll","background-type":"","background-media":"","overlay-type":"","overlay-color":"","overlay-opacity":"","overlay-gradient":""}},"ast-content-background-meta":{"desktop":{"background-color":"var(--ast-global-color-5)","background-image":"","background-repeat":"repeat","background-position":"center center","background-size":"auto","background-attachment":"scroll","background-type":"","background-media":"","overlay-type":"","overlay-color":"","overlay-opacity":"","overlay-gradient":""},"tablet":{"background-color":"var(--ast-global-color-5)","background-image":"","background-repeat":"repeat","background-position":"center center","background-size":"auto","background-attachment":"scroll","background-type":"","background-media":"","overlay-type":"","overlay-color":"","overlay-opacity":"","overlay-gradient":""},"mobile":{"background-color":"var(--ast-global-color-5)","background-image":"","background-repeat":"repeat","background-position":"center center","background-size":"auto","background-attachment":"scroll","background-type":"","background-media":"","overlay-type":"","overlay-color":"","overlay-opacity":"","overlay-gradient":""}}},"product_brand":[],"product_cat":[4101,3580,3564,4121,3572,3574,4322,4321],"product_tag":[3643,3636,3729,3856,3855,3857,3822,3710,3979,3980,3728],"class_list":{"0":"post-72696","1":"product","2":"type-product","3":"status-publish","4":"has-post-thumbnail","6":"product_cat-biedermeier","7":"product_cat-broschen","8":"product_cat-gold","9":"product_cat-historismus","10":"product_cat-juwelen","11":"product_cat-koralle","12":"product_cat-periode","13":"product_cat-steine","14":"product_tag-brooch","15":"product_tag-brosche","16":"product_tag-coral","17":"product_tag-france","18":"product_tag-frankreich","19":"product_tag-french","20":"product_tag-georgian","21":"product_tag-gold","22":"product_tag-gruenderzeit","23":"product_tag-historismus","24":"product_tag-koralle","25":"desktop-align-left","26":"tablet-align-left","27":"mobile-align-left","29":"first","30":"instock","31":"sold-individually","32":"shipping-taxable","33":"purchasable","34":"product-type-simple"},"_links":{"self":[{"href":"https:\/\/www.multimedium.eu\/index.php?rest_route=\/wp\/v2\/product\/72696","targetHints":{"allow":["GET"]}}],"collection":[{"href":"https:\/\/www.multimedium.eu\/index.php?rest_route=\/wp\/v2\/product"}],"about":[{"href":"https:\/\/www.multimedium.eu\/index.php?rest_route=\/wp\/v2\/types\/product"}],"version-history":[{"count":6,"href":"https:\/\/www.multimedium.eu\/index.php?rest_route=\/wp\/v2\/product\/72696\/revisions"}],"predecessor-version":[{"id":84141,"href":"https:\/\/www.multimedium.eu\/index.php?rest_route=\/wp\/v2\/product\/72696\/revisions\/84141"}],"wp:featuredmedia":[{"embeddable":true,"href":"https:\/\/www.multimedium.eu\/index.php?rest_route=\/wp\/v2\/media\/72621"}],"wp:attachment":[{"href":"https:\/\/www.multimedium.eu\/index.php?rest_route=%2Fwp%2Fv2%2Fmedia&parent=72696"}],"wp:term":[{"taxonomy":"product_brand","embeddable":true,"href":"https:\/\/www.multimedium.eu\/index.php?rest_route=%2Fwp%2Fv2%2Fproduct_brand&post=72696"},{"taxonomy":"product_cat","embeddable":true,"href":"https:\/\/www.multimedium.eu\/index.php?rest_route=%2Fwp%2Fv2%2Fproduct_cat&post=72696"},{"taxonomy":"product_tag","embeddable":true,"href":"https:\/\/www.multimedium.eu\/index.php?rest_route=%2Fwp%2Fv2%2Fproduct_tag&post=72696"}],"curies":[{"name":"wp","href":"https:\/\/api.w.org\/{rel}","templated":true}]}}