{"id":72892,"date":"2020-06-07T23:42:26","date_gmt":"2020-06-07T21:42:26","guid":{"rendered":"http:\/\/multimedium.eu\/?post_type=product&#038;p=72892"},"modified":"2025-03-13T09:31:49","modified_gmt":"2025-03-13T08:31:49","slug":"renaissance-historismus-silber-anhaenger-vergoldet","status":"publish","type":"product","link":"https:\/\/www.multimedium.eu\/?product=renaissance-historismus-silber-anhaenger-vergoldet","title":{"rendered":"Renaissance Historismus Silber Anh\u00e4nger vergoldet"},"content":{"rendered":"<p><strong>-SOLD &#8211; <\/strong><\/p>\n<p><strong>Beautiful decorative Neo Renaissance Historism pendant in silver gilt,<\/strong><br \/>\n<strong>from Schw\u00e4bisch Gmund, Germany c. 1880,<\/strong><br \/>\n<strong>partly open worked with 2 stylized Dragons or Chimeras,<\/strong><br \/>\n<strong>with 2 cut Garnets and 3 cut green chrysoprases,<\/strong><br \/>\n<strong>with a mounted drop and in the center with a larger mother of pearl,<\/strong><br \/>\n<strong>Frame Cast in Silver, gilt, decorated with white and blue enamel,<\/strong><br \/>\n<strong>edge with gilt points as well as enamel with gilding<\/strong><br \/>\n<strong>marked: 800<\/strong><\/p>\n<p><strong>in a good beautiful condition<\/strong><\/p>\n<p><strong>Whole height of the pendant inclusive hanger loop and drop: 2 1\/4&#8243; (5,7 cm)<\/strong><br \/>\n<strong>Width: 1 1\/3&#8243; (3,5 cm)<\/strong><\/p>\n<p><strong>Similar pieces see Lit.: Schmuckst\u00fccke der Neorenaissance, Daniela Biffar, Page 28<\/strong><\/p>\n","protected":false},"excerpt":{"rendered":"<p>_ VERKAUFT &#8211;<\/p>\n<h6><strong>Renaissance Historismus Silber Anh\u00e4nger vergoldet<\/strong><\/h6>\n<p>Sch\u00f6ner dekorativer Neorenaissance Anh\u00e4nger Silber vergoldet,<br \/>\nSchw\u00e4bisch Gm\u00fcnd, Deutschland um 1880<br \/>\ndurchbrochen gearbeitetes Relief mit 2 Chim\u00e4ren,<br \/>\nmit 2 geschliffenen Granatsteinen und 3 geschliffenen Chrysoprasen,<br \/>\nmit einh\u00e4ngendem Tropfen, mittig mit einer gr\u00f6\u00dferen Perlschale,<br \/>\nFassung und \u00e4u\u00dfere Wand mit wei\u00dfem und blauem Emaille verziert<br \/>\nRand mit vergoldeten Punkten, sowie Emaille mit Vergoldung<br \/>\nr\u00fcckseitig gestempelt: 800<\/p>\n<p>guter sch\u00f6ner Erhaltungszustand<\/p>\n<p>Gesamth\u00f6he des Anh\u00e4ngers incl. Aufh\u00e4nger-\u00d6se und Tropfen, : 5,7 cm<br \/>\nBreite: 3,5 cm<\/p>\n","protected":false},"featured_media":72802,"template":"","meta":{"site-sidebar-layout":"default","site-content-layout":"default","ast-site-content-layout":"","site-content-style":"default","site-sidebar-style":"default","ast-global-header-display":"","ast-banner-title-visibility":"","ast-main-header-display":"","ast-hfb-above-header-display":"","ast-hfb-below-header-display":"","ast-hfb-mobile-header-display":"","site-post-title":"","ast-breadcrumbs-content":"","ast-featured-img":"","footer-sml-layout":"","theme-transparent-header-meta":"default","adv-header-id-meta":"","stick-header-meta":"","header-above-stick-meta":"","header-main-stick-meta":"","header-below-stick-meta":"","astra-migrate-meta-layouts":"default","ast-page-background-enabled":"default","ast-page-background-meta":{"desktop":{"background-color":"","background-image":"","background-repeat":"repeat","background-position":"center center","background-size":"auto","background-attachment":"scroll","background-type":"","background-media":"","overlay-type":"","overlay-color":"","overlay-opacity":"","overlay-gradient":""},"tablet":{"background-color":"","background-image":"","background-repeat":"repeat","background-position":"center center","background-size":"auto","background-attachment":"scroll","background-type":"","background-media":"","overlay-type":"","overlay-color":"","overlay-opacity":"","overlay-gradient":""},"mobile":{"background-color":"","background-image":"","background-repeat":"repeat","background-position":"center center","background-size":"auto","background-attachment":"scroll","background-type":"","background-media":"","overlay-type":"","overlay-color":"","overlay-opacity":"","overlay-gradient":""}},"ast-content-background-meta":{"desktop":{"background-color":"var(--ast-global-color-5)","background-image":"","background-repeat":"repeat","background-position":"center center","background-size":"auto","background-attachment":"scroll","background-type":"","background-media":"","overlay-type":"","overlay-color":"","overlay-opacity":"","overlay-gradient":""},"tablet":{"background-color":"var(--ast-global-color-5)","background-image":"","background-repeat":"repeat","background-position":"center center","background-size":"auto","background-attachment":"scroll","background-type":"","background-media":"","overlay-type":"","overlay-color":"","overlay-opacity":"","overlay-gradient":""},"mobile":{"background-color":"var(--ast-global-color-5)","background-image":"","background-repeat":"repeat","background-position":"center center","background-size":"auto","background-attachment":"scroll","background-type":"","background-media":"","overlay-type":"","overlay-color":"","overlay-opacity":"","overlay-gradient":""}}},"product_brand":[],"product_cat":[3572,4058,4320],"product_tag":[3647,4079,3790,3791,4023,3639,3654,3725,3662,3724,3979,3980,3704,4059,3341,3703,3702,4080,3641,3342,3660,4215],"class_list":{"0":"post-72892","1":"product","2":"type-product","3":"status-publish","4":"has-post-thumbnail","6":"product_cat-juwelen","7":"product_cat-neorenaissance","8":"product_cat-verkauft","9":"product_tag-anhaenger","10":"product_tag-chimaeren","11":"product_tag-chrysopras","12":"product_tag-chrysoprase","13":"product_tag-deutschland","14":"product_tag-emaille","15":"product_tag-enamel","16":"product_tag-garnet","17":"product_tag-gilt","18":"product_tag-granat","19":"product_tag-gruenderzeit","20":"product_tag-historismus","21":"product_tag-mother-of-pearl","22":"product_tag-neorenaissance","23":"product_tag-pendant","24":"product_tag-perlmutt","25":"product_tag-perlschale","26":"product_tag-schwaebisch-gmuend","27":"product_tag-silber","28":"product_tag-silver","29":"product_tag-vergoldet","30":"product_tag-verkauft","31":"desktop-align-left","32":"tablet-align-left","33":"mobile-align-left","35":"first","36":"outofstock","37":"sold-individually","38":"shipping-taxable","39":"product-type-simple"},"_links":{"self":[{"href":"https:\/\/www.multimedium.eu\/index.php?rest_route=\/wp\/v2\/product\/72892","targetHints":{"allow":["GET"]}}],"collection":[{"href":"https:\/\/www.multimedium.eu\/index.php?rest_route=\/wp\/v2\/product"}],"about":[{"href":"https:\/\/www.multimedium.eu\/index.php?rest_route=\/wp\/v2\/types\/product"}],"version-history":[{"count":5,"href":"https:\/\/www.multimedium.eu\/index.php?rest_route=\/wp\/v2\/product\/72892\/revisions"}],"predecessor-version":[{"id":87822,"href":"https:\/\/www.multimedium.eu\/index.php?rest_route=\/wp\/v2\/product\/72892\/revisions\/87822"}],"wp:featuredmedia":[{"embeddable":true,"href":"https:\/\/www.multimedium.eu\/index.php?rest_route=\/wp\/v2\/media\/72802"}],"wp:attachment":[{"href":"https:\/\/www.multimedium.eu\/index.php?rest_route=%2Fwp%2Fv2%2Fmedia&parent=72892"}],"wp:term":[{"taxonomy":"product_brand","embeddable":true,"href":"https:\/\/www.multimedium.eu\/index.php?rest_route=%2Fwp%2Fv2%2Fproduct_brand&post=72892"},{"taxonomy":"product_cat","embeddable":true,"href":"https:\/\/www.multimedium.eu\/index.php?rest_route=%2Fwp%2Fv2%2Fproduct_cat&post=72892"},{"taxonomy":"product_tag","embeddable":true,"href":"https:\/\/www.multimedium.eu\/index.php?rest_route=%2Fwp%2Fv2%2Fproduct_tag&post=72892"}],"curies":[{"name":"wp","href":"https:\/\/api.w.org\/{rel}","templated":true}]}}