{"id":72896,"date":"2020-06-07T23:50:37","date_gmt":"2020-06-07T21:50:37","guid":{"rendered":"http:\/\/multimedium.eu\/?post_type=product&#038;p=72896"},"modified":"2025-03-13T09:27:32","modified_gmt":"2025-03-13T08:27:32","slug":"renaissance-historismus-silber-anhaenger-granat","status":"publish","type":"product","link":"https:\/\/www.multimedium.eu\/?product=renaissance-historismus-silber-anhaenger-granat","title":{"rendered":"Renaissance Historismus Silber Anh\u00e4nger Granat"},"content":{"rendered":"<p>Beautiful decorative Neo Renaissance Historism pendant in silver with garnets and freshwater pearls,<br \/>\nfrom Schw\u00e4bisch Gmund, Germany c. 1870,<br \/>\nsawn handwork, a partly open worked relief with a mounted drop,<br \/>\nwith 5 little cut garnets, a single large cut garnet middle stone and 7 freshwater pearls,<br \/>\nloop marked 800, probably added later<\/p>\n<p>in a good beautiful condition<\/p>\n<p>Whole height of the pendant inclusive hanger loop and drop: 1,85&#8243; (4,7 cm)<br \/>\nWidth: 1,45&#8243; (3,7 cm)<\/p>\n","protected":false},"excerpt":{"rendered":"<h6>Renaissance Historismus Silber Anh\u00e4nger Granat<\/h6>\n<p>Sch\u00f6ner dekorativer Neorenaissance Silber Granat Anh\u00e4nger mit Flu\u00dfperlen, Schw\u00e4bish Gm\u00fcnd um 1870<br \/>\nHandarbeit ges\u00e4gt, durchbrochen gearbeitetes Relief, mit einh\u00e4ngendem Tropfen,<br \/>\nmit 5 kleinen geschliffenen Granatsteinen, einen gro\u00dfen geschliffenen Granat Mittelstein und 7 Flu\u00dfperlchen,<br \/>\n\u00d6se mit 800 gestempelt, wohl sp\u00e4ter erg\u00e4nzt<\/p>\n<p>in einem guten sch\u00f6nen Erhaltungszustand<\/p>\n<p>Gesamth\u00f6he des Anh\u00e4ngers incl. Aufh\u00e4nger-\u00d6se und Tropfen: 4,7 cm<br \/>\nBreite: 3,7 cm<\/p>\n","protected":false},"featured_media":86272,"template":"","meta":{"site-sidebar-layout":"default","site-content-layout":"default","ast-site-content-layout":"","site-content-style":"default","site-sidebar-style":"default","ast-global-header-display":"","ast-banner-title-visibility":"","ast-main-header-display":"","ast-hfb-above-header-display":"","ast-hfb-below-header-display":"","ast-hfb-mobile-header-display":"","site-post-title":"","ast-breadcrumbs-content":"","ast-featured-img":"","footer-sml-layout":"","theme-transparent-header-meta":"default","adv-header-id-meta":"","stick-header-meta":"","header-above-stick-meta":"","header-main-stick-meta":"","header-below-stick-meta":"","astra-migrate-meta-layouts":"default","ast-page-background-enabled":"default","ast-page-background-meta":{"desktop":{"background-color":"","background-image":"","background-repeat":"repeat","background-position":"center center","background-size":"auto","background-attachment":"scroll","background-type":"","background-media":"","overlay-type":"","overlay-color":"","overlay-opacity":"","overlay-gradient":""},"tablet":{"background-color":"","background-image":"","background-repeat":"repeat","background-position":"center center","background-size":"auto","background-attachment":"scroll","background-type":"","background-media":"","overlay-type":"","overlay-color":"","overlay-opacity":"","overlay-gradient":""},"mobile":{"background-color":"","background-image":"","background-repeat":"repeat","background-position":"center center","background-size":"auto","background-attachment":"scroll","background-type":"","background-media":"","overlay-type":"","overlay-color":"","overlay-opacity":"","overlay-gradient":""}},"ast-content-background-meta":{"desktop":{"background-color":"var(--ast-global-color-5)","background-image":"","background-repeat":"repeat","background-position":"center center","background-size":"auto","background-attachment":"scroll","background-type":"","background-media":"","overlay-type":"","overlay-color":"","overlay-opacity":"","overlay-gradient":""},"tablet":{"background-color":"var(--ast-global-color-5)","background-image":"","background-repeat":"repeat","background-position":"center center","background-size":"auto","background-attachment":"scroll","background-type":"","background-media":"","overlay-type":"","overlay-color":"","overlay-opacity":"","overlay-gradient":""},"mobile":{"background-color":"var(--ast-global-color-5)","background-image":"","background-repeat":"repeat","background-position":"center center","background-size":"auto","background-attachment":"scroll","background-type":"","background-media":"","overlay-type":"","overlay-color":"","overlay-opacity":"","overlay-gradient":""}}},"product_brand":[],"product_cat":[3572,4058],"product_tag":[3647,3725,3927,3724,3979,3789,4013,3980,4059,3668,3341,3667,4081,3641,3342],"class_list":{"0":"post-72896","1":"product","2":"type-product","3":"status-publish","4":"has-post-thumbnail","6":"product_cat-juwelen","7":"product_cat-neorenaissance","8":"product_tag-anhaenger","9":"product_tag-garnet","10":"product_tag-gesaegt","11":"product_tag-granat","12":"product_tag-gruenderzeit","13":"product_tag-handarbeit","14":"product_tag-handwork","15":"product_tag-historismus","16":"product_tag-neorenaissance","17":"product_tag-pearl","18":"product_tag-pendant","19":"product_tag-perle","20":"product_tag-schwaebish-gmuend","21":"product_tag-silber","22":"product_tag-silver","23":"desktop-align-left","24":"tablet-align-left","25":"mobile-align-left","27":"first","28":"instock","29":"sold-individually","30":"shipping-taxable","31":"purchasable","32":"product-type-simple"},"_links":{"self":[{"href":"https:\/\/www.multimedium.eu\/index.php?rest_route=\/wp\/v2\/product\/72896","targetHints":{"allow":["GET"]}}],"collection":[{"href":"https:\/\/www.multimedium.eu\/index.php?rest_route=\/wp\/v2\/product"}],"about":[{"href":"https:\/\/www.multimedium.eu\/index.php?rest_route=\/wp\/v2\/types\/product"}],"version-history":[{"count":3,"href":"https:\/\/www.multimedium.eu\/index.php?rest_route=\/wp\/v2\/product\/72896\/revisions"}],"predecessor-version":[{"id":86274,"href":"https:\/\/www.multimedium.eu\/index.php?rest_route=\/wp\/v2\/product\/72896\/revisions\/86274"}],"wp:featuredmedia":[{"embeddable":true,"href":"https:\/\/www.multimedium.eu\/index.php?rest_route=\/wp\/v2\/media\/86272"}],"wp:attachment":[{"href":"https:\/\/www.multimedium.eu\/index.php?rest_route=%2Fwp%2Fv2%2Fmedia&parent=72896"}],"wp:term":[{"taxonomy":"product_brand","embeddable":true,"href":"https:\/\/www.multimedium.eu\/index.php?rest_route=%2Fwp%2Fv2%2Fproduct_brand&post=72896"},{"taxonomy":"product_cat","embeddable":true,"href":"https:\/\/www.multimedium.eu\/index.php?rest_route=%2Fwp%2Fv2%2Fproduct_cat&post=72896"},{"taxonomy":"product_tag","embeddable":true,"href":"https:\/\/www.multimedium.eu\/index.php?rest_route=%2Fwp%2Fv2%2Fproduct_tag&post=72896"}],"curies":[{"name":"wp","href":"https:\/\/api.w.org\/{rel}","templated":true}]}}