{"id":73179,"date":"2020-06-11T00:24:54","date_gmt":"2020-06-10T22:24:54","guid":{"rendered":"http:\/\/multimedium.eu\/?post_type=product&#038;p=73179"},"modified":"2025-03-13T09:31:43","modified_gmt":"2025-03-13T08:31:43","slug":"verkauft-jugendstil-anhaenger-emaille-malerei-silber-800","status":"publish","type":"product","link":"https:\/\/www.multimedium.eu\/?product=verkauft-jugendstil-anhaenger-emaille-malerei-silber-800","title":{"rendered":"Jugendstil Anh\u00e4nger Emaille Malerei Silber 800"},"content":{"rendered":"","protected":false},"excerpt":{"rendered":"<p><b>-VERKAUFT-<\/b><\/p>\n<p><strong>Jugendstil Anh\u00e4nger Emaille Malerei Silber 800<\/strong><\/p>\n<p>Jugendstil Anh\u00e4nger in Form einer Bl\u00fcte, Silber 800 , um 1900<br \/>\nfeine Emaille Malerei<br \/>\nKind in Stiefm\u00fctterchen als Portrait gemalt<br \/>\nSilber vergoldet, Vergoldung berieben<br \/>\ngut erhalten<br \/>\ngestempelt: 800 (und auf Silber gepr\u00fcft)<\/p>\n<p>H\u00f6he des Anh\u00e4ngers incl. Aufh\u00e4nger-\u00d6se: 4 cm<br \/>\nBreite des Anh\u00e4ngers: 3,3 cm<\/p>\n","protected":false},"featured_media":73167,"template":"","meta":{"site-sidebar-layout":"default","site-content-layout":"default","ast-site-content-layout":"","site-content-style":"default","site-sidebar-style":"default","ast-global-header-display":"","ast-banner-title-visibility":"","ast-main-header-display":"","ast-hfb-above-header-display":"","ast-hfb-below-header-display":"","ast-hfb-mobile-header-display":"","site-post-title":"","ast-breadcrumbs-content":"","ast-featured-img":"","footer-sml-layout":"","theme-transparent-header-meta":"default","adv-header-id-meta":"","stick-header-meta":"","header-above-stick-meta":"","header-main-stick-meta":"","header-below-stick-meta":"","astra-migrate-meta-layouts":"default","ast-page-background-enabled":"default","ast-page-background-meta":{"desktop":{"background-color":"","background-image":"","background-repeat":"repeat","background-position":"center center","background-size":"auto","background-attachment":"scroll","background-type":"","background-media":"","overlay-type":"","overlay-color":"","overlay-opacity":"","overlay-gradient":""},"tablet":{"background-color":"","background-image":"","background-repeat":"repeat","background-position":"center center","background-size":"auto","background-attachment":"scroll","background-type":"","background-media":"","overlay-type":"","overlay-color":"","overlay-opacity":"","overlay-gradient":""},"mobile":{"background-color":"","background-image":"","background-repeat":"repeat","background-position":"center center","background-size":"auto","background-attachment":"scroll","background-type":"","background-media":"","overlay-type":"","overlay-color":"","overlay-opacity":"","overlay-gradient":""}},"ast-content-background-meta":{"desktop":{"background-color":"var(--ast-global-color-5)","background-image":"","background-repeat":"repeat","background-position":"center center","background-size":"auto","background-attachment":"scroll","background-type":"","background-media":"","overlay-type":"","overlay-color":"","overlay-opacity":"","overlay-gradient":""},"tablet":{"background-color":"var(--ast-global-color-5)","background-image":"","background-repeat":"repeat","background-position":"center center","background-size":"auto","background-attachment":"scroll","background-type":"","background-media":"","overlay-type":"","overlay-color":"","overlay-opacity":"","overlay-gradient":""},"mobile":{"background-color":"var(--ast-global-color-5)","background-image":"","background-repeat":"repeat","background-position":"center center","background-size":"auto","background-attachment":"scroll","background-type":"","background-media":"","overlay-type":"","overlay-color":"","overlay-opacity":"","overlay-gradient":""}}},"product_brand":[],"product_cat":[3598,3572,4320],"product_tag":[3647,3700,4113,4112,3639,3654,3662,3698,4110,4109,3341,4111,3641,3342,3645,3660,4215],"class_list":{"0":"post-73179","1":"product","2":"type-product","3":"status-publish","4":"has-post-thumbnail","6":"product_cat-emaille","7":"product_cat-juwelen","8":"product_cat-verkauft","9":"product_tag-anhaenger","10":"product_tag-art-nouveau","11":"product_tag-blossom","12":"product_tag-bluete","13":"product_tag-emaille","14":"product_tag-enamel","15":"product_tag-gilt","16":"product_tag-jugendstil","17":"product_tag-kind","18":"product_tag-malerei","19":"product_tag-pendant","20":"product_tag-portrait","21":"product_tag-silber","22":"product_tag-silver","23":"product_tag-stiefmuetterchen","24":"product_tag-vergoldet","25":"product_tag-verkauft","26":"desktop-align-left","27":"tablet-align-left","28":"mobile-align-left","30":"first","31":"outofstock","32":"sold-individually","33":"shipping-taxable","34":"product-type-simple"},"_links":{"self":[{"href":"https:\/\/www.multimedium.eu\/index.php?rest_route=\/wp\/v2\/product\/73179","targetHints":{"allow":["GET"]}}],"collection":[{"href":"https:\/\/www.multimedium.eu\/index.php?rest_route=\/wp\/v2\/product"}],"about":[{"href":"https:\/\/www.multimedium.eu\/index.php?rest_route=\/wp\/v2\/types\/product"}],"version-history":[{"count":4,"href":"https:\/\/www.multimedium.eu\/index.php?rest_route=\/wp\/v2\/product\/73179\/revisions"}],"predecessor-version":[{"id":87836,"href":"https:\/\/www.multimedium.eu\/index.php?rest_route=\/wp\/v2\/product\/73179\/revisions\/87836"}],"wp:featuredmedia":[{"embeddable":true,"href":"https:\/\/www.multimedium.eu\/index.php?rest_route=\/wp\/v2\/media\/73167"}],"wp:attachment":[{"href":"https:\/\/www.multimedium.eu\/index.php?rest_route=%2Fwp%2Fv2%2Fmedia&parent=73179"}],"wp:term":[{"taxonomy":"product_brand","embeddable":true,"href":"https:\/\/www.multimedium.eu\/index.php?rest_route=%2Fwp%2Fv2%2Fproduct_brand&post=73179"},{"taxonomy":"product_cat","embeddable":true,"href":"https:\/\/www.multimedium.eu\/index.php?rest_route=%2Fwp%2Fv2%2Fproduct_cat&post=73179"},{"taxonomy":"product_tag","embeddable":true,"href":"https:\/\/www.multimedium.eu\/index.php?rest_route=%2Fwp%2Fv2%2Fproduct_tag&post=73179"}],"curies":[{"name":"wp","href":"https:\/\/api.w.org\/{rel}","templated":true}]}}