{"id":73251,"date":"2020-06-11T16:48:20","date_gmt":"2020-06-11T14:48:20","guid":{"rendered":"http:\/\/multimedium.eu\/?post_type=product&#038;p=73251"},"modified":"2025-03-13T09:31:42","modified_gmt":"2025-03-13T08:31:42","slug":"jugendstil-silber-hutnadel-dame-frankreich","status":"publish","type":"product","link":"https:\/\/www.multimedium.eu\/?product=jugendstil-silber-hutnadel-dame-frankreich","title":{"rendered":"Jugendstil Silber Hutnadel Dame Frankreich"},"content":{"rendered":"<p><strong>-SOLD-<\/strong><\/p>\n<p><strong>Beautiful Decorative Art Nouveau Silver Hatpin probably France c.1900,\u00a0 <\/strong><br \/>\n<strong>in form of a Lady,<\/strong><br \/>\n<strong>in the middle with a green probably chrysoprase cabochon,<\/strong><br \/>\n<strong>with a small silver mark,\u00a0 (plz see photo),<\/strong><\/p>\n<p><strong>in good beautiful used condition,\u00a0<\/strong><\/p>\n<p><strong>Length of the hatpin: 9,56&#8243; (24,3 cm),\u00a0 <\/strong><br \/>\n<strong>Width of the pinhead: 1,37&#8243; (3,5 cm),\u00a0 <\/strong><br \/>\n<strong>Height of the Pinhead: 1,18&#8243; (3 cm)<\/strong><\/p>\n","protected":false},"excerpt":{"rendered":"<div class=\"description\">-VERKAUFT-<\/div>\n<div><strong>Jugendstil Silber Hutnadel Dame Frankreich<\/strong><\/div>\n<div><\/div>\n<div class=\"description\">Au\u00dfergew\u00f6hnliche sch\u00f6ne dekorative Jugendstil Silber Hutnadel wohl Frankreich um 1900,<\/div>\n<div class=\"description\">in Form einer Dame mit Kopfschmuck,<\/div>\n<div class=\"description\">mittig mit einem gefassten gr\u00fcnen vermutlich Chrysopras Paste Cabochon,<\/div>\n<div class=\"description\">mit einer kleiner Silberpunze, (siehe Photo)<\/div>\n<div class=\"description\"><\/div>\n<div class=\"description\">in einem guten gebrauchten Erhaltungszustand<\/div>\n<div class=\"description\"><\/div>\n<div class=\"description\"><span style=\"font-size: large;\">L\u00e4nge der Hutnadel: 24,3 cm,<br \/>\nBreite des Nadelkopfs: 3,5 cm,<br \/>\nH\u00f6he des Nadelkopfs: 3 cm<\/span><\/div>\n<div class=\"description\"><\/div>\n","protected":false},"featured_media":73253,"template":"","meta":{"site-sidebar-layout":"default","site-content-layout":"default","ast-site-content-layout":"","site-content-style":"default","site-sidebar-style":"default","ast-global-header-display":"","ast-banner-title-visibility":"","ast-main-header-display":"","ast-hfb-above-header-display":"","ast-hfb-below-header-display":"","ast-hfb-mobile-header-display":"","site-post-title":"","ast-breadcrumbs-content":"","ast-featured-img":"","footer-sml-layout":"","theme-transparent-header-meta":"default","adv-header-id-meta":"","stick-header-meta":"","header-above-stick-meta":"","header-main-stick-meta":"","header-below-stick-meta":"","astra-migrate-meta-layouts":"default","ast-page-background-enabled":"default","ast-page-background-meta":{"desktop":{"background-color":"","background-image":"","background-repeat":"repeat","background-position":"center center","background-size":"auto","background-attachment":"scroll","background-type":"","background-media":"","overlay-type":"","overlay-color":"","overlay-opacity":"","overlay-gradient":""},"tablet":{"background-color":"","background-image":"","background-repeat":"repeat","background-position":"center center","background-size":"auto","background-attachment":"scroll","background-type":"","background-media":"","overlay-type":"","overlay-color":"","overlay-opacity":"","overlay-gradient":""},"mobile":{"background-color":"","background-image":"","background-repeat":"repeat","background-position":"center center","background-size":"auto","background-attachment":"scroll","background-type":"","background-media":"","overlay-type":"","overlay-color":"","overlay-opacity":"","overlay-gradient":""}},"ast-content-background-meta":{"desktop":{"background-color":"var(--ast-global-color-5)","background-image":"","background-repeat":"repeat","background-position":"center center","background-size":"auto","background-attachment":"scroll","background-type":"","background-media":"","overlay-type":"","overlay-color":"","overlay-opacity":"","overlay-gradient":""},"tablet":{"background-color":"var(--ast-global-color-5)","background-image":"","background-repeat":"repeat","background-position":"center center","background-size":"auto","background-attachment":"scroll","background-type":"","background-media":"","overlay-type":"","overlay-color":"","overlay-opacity":"","overlay-gradient":""},"mobile":{"background-color":"var(--ast-global-color-5)","background-image":"","background-repeat":"repeat","background-position":"center center","background-size":"auto","background-attachment":"scroll","background-type":"","background-media":"","overlay-type":"","overlay-color":"","overlay-opacity":"","overlay-gradient":""}}},"product_brand":[],"product_cat":[3632,3559,3572,3620,4320],"product_tag":[3997,3998,3700,3912,3999,3995,3856,3855,3785,3784,4034,3827,3698,3915,3996,3641,3342,4215],"class_list":{"0":"post-73251","1":"product","2":"type-product","3":"status-publish","4":"has-post-thumbnail","6":"product_cat-haarnadel-hutnadel","7":"product_cat-jugendstil","8":"product_cat-juwelen","9":"product_cat-silber-objekte","10":"product_cat-verkauft","11":"product_tag-aegypten","12":"product_tag-aegyptisch","13":"product_tag-art-nouveau","14":"product_tag-dame","15":"product_tag-egypt","16":"product_tag-egyptian","17":"product_tag-france","18":"product_tag-frankreich","19":"product_tag-green","20":"product_tag-gruen","21":"product_tag-haarnadel","22":"product_tag-hutnadel","23":"product_tag-jugendstil","24":"product_tag-lady","25":"product_tag-revival","26":"product_tag-silber","27":"product_tag-silver","28":"product_tag-verkauft","29":"desktop-align-left","30":"tablet-align-left","31":"mobile-align-left","33":"first","34":"outofstock","35":"sold-individually","36":"shipping-taxable","37":"product-type-simple"},"_links":{"self":[{"href":"https:\/\/www.multimedium.eu\/index.php?rest_route=\/wp\/v2\/product\/73251","targetHints":{"allow":["GET"]}}],"collection":[{"href":"https:\/\/www.multimedium.eu\/index.php?rest_route=\/wp\/v2\/product"}],"about":[{"href":"https:\/\/www.multimedium.eu\/index.php?rest_route=\/wp\/v2\/types\/product"}],"version-history":[{"count":6,"href":"https:\/\/www.multimedium.eu\/index.php?rest_route=\/wp\/v2\/product\/73251\/revisions"}],"predecessor-version":[{"id":87791,"href":"https:\/\/www.multimedium.eu\/index.php?rest_route=\/wp\/v2\/product\/73251\/revisions\/87791"}],"wp:featuredmedia":[{"embeddable":true,"href":"https:\/\/www.multimedium.eu\/index.php?rest_route=\/wp\/v2\/media\/73253"}],"wp:attachment":[{"href":"https:\/\/www.multimedium.eu\/index.php?rest_route=%2Fwp%2Fv2%2Fmedia&parent=73251"}],"wp:term":[{"taxonomy":"product_brand","embeddable":true,"href":"https:\/\/www.multimedium.eu\/index.php?rest_route=%2Fwp%2Fv2%2Fproduct_brand&post=73251"},{"taxonomy":"product_cat","embeddable":true,"href":"https:\/\/www.multimedium.eu\/index.php?rest_route=%2Fwp%2Fv2%2Fproduct_cat&post=73251"},{"taxonomy":"product_tag","embeddable":true,"href":"https:\/\/www.multimedium.eu\/index.php?rest_route=%2Fwp%2Fv2%2Fproduct_tag&post=73251"}],"curies":[{"name":"wp","href":"https:\/\/api.w.org\/{rel}","templated":true}]}}