{"id":73273,"date":"2020-06-11T18:49:03","date_gmt":"2020-06-11T16:49:03","guid":{"rendered":"http:\/\/multimedium.eu\/?post_type=product&#038;p=73273"},"modified":"2025-03-13T09:31:42","modified_gmt":"2025-03-13T08:31:42","slug":"kreidezeichnung-willy-exner-1919","status":"publish","type":"product","link":"https:\/\/www.multimedium.eu\/?product=kreidezeichnung-willy-exner-1919","title":{"rendered":"Willy Exner 1888-1947 Pastell Kreide Portrait eines Mannes signiert um 1919"},"content":{"rendered":"","protected":false},"excerpt":{"rendered":"<p><strong>Willy Exner 1888-1947 Pastell Kreide Portrait eines Mannes signiert um 1919<\/strong><\/p>\n<p>Pastell-Kreidezeichnung im Original-Holzrahmen<\/p>\n<p>Ber\u00fchmter Portr\u00e4tist von Nazi Gr\u00f6\u00dfen sowie auch Hitler.<\/p>\n<p>wei\u00dfe Flecke auf dem Foto sind Lufteinschl\u00fcsse im Original-Glas<br \/>\nsiehe Bestand im Landesarchiv Baden-W\u00fcrttemberg<\/p>\n<p>signiert: Willy Exner 1919<\/p>\n<p>Abma\u00dfe des Bildes: ca. 30 x 42 cm<br \/>\nAbma\u00dfe des Rahmens: ca. 34,5 x 47 cm<\/p>\n","protected":false},"featured_media":73269,"template":"","meta":{"site-sidebar-layout":"default","site-content-layout":"default","ast-site-content-layout":"","site-content-style":"default","site-sidebar-style":"default","ast-global-header-display":"","ast-banner-title-visibility":"","ast-main-header-display":"","ast-hfb-above-header-display":"","ast-hfb-below-header-display":"","ast-hfb-mobile-header-display":"","site-post-title":"","ast-breadcrumbs-content":"","ast-featured-img":"","footer-sml-layout":"","theme-transparent-header-meta":"default","adv-header-id-meta":"","stick-header-meta":"","header-above-stick-meta":"","header-main-stick-meta":"","header-below-stick-meta":"","astra-migrate-meta-layouts":"default","ast-page-background-enabled":"default","ast-page-background-meta":{"desktop":{"background-color":"","background-image":"","background-repeat":"repeat","background-position":"center center","background-size":"auto","background-attachment":"scroll","background-type":"","background-media":"","overlay-type":"","overlay-color":"","overlay-opacity":"","overlay-gradient":""},"tablet":{"background-color":"","background-image":"","background-repeat":"repeat","background-position":"center center","background-size":"auto","background-attachment":"scroll","background-type":"","background-media":"","overlay-type":"","overlay-color":"","overlay-opacity":"","overlay-gradient":""},"mobile":{"background-color":"","background-image":"","background-repeat":"repeat","background-position":"center center","background-size":"auto","background-attachment":"scroll","background-type":"","background-media":"","overlay-type":"","overlay-color":"","overlay-opacity":"","overlay-gradient":""}},"ast-content-background-meta":{"desktop":{"background-color":"var(--ast-global-color-5)","background-image":"","background-repeat":"repeat","background-position":"center center","background-size":"auto","background-attachment":"scroll","background-type":"","background-media":"","overlay-type":"","overlay-color":"","overlay-opacity":"","overlay-gradient":""},"tablet":{"background-color":"var(--ast-global-color-5)","background-image":"","background-repeat":"repeat","background-position":"center center","background-size":"auto","background-attachment":"scroll","background-type":"","background-media":"","overlay-type":"","overlay-color":"","overlay-opacity":"","overlay-gradient":""},"mobile":{"background-color":"var(--ast-global-color-5)","background-image":"","background-repeat":"repeat","background-position":"center center","background-size":"auto","background-attachment":"scroll","background-type":"","background-media":"","overlay-type":"","overlay-color":"","overlay-opacity":"","overlay-gradient":""}}},"product_brand":[],"product_cat":[3608,3559,4324],"product_tag":[4189,4188,4186,4184,4167,4190,4166,4187,4183,4182,4168,4165,4111,4185,4181],"class_list":{"0":"post-73273","1":"product","2":"type-product","3":"status-publish","4":"has-post-thumbnail","6":"product_cat-gemaelde-grafik","7":"product_cat-jugendstil","8":"product_cat-kunstobjekte","9":"product_tag-1888-1947","10":"product_tag-4188","11":"product_tag-baden-wuerttemberg","12":"product_tag-bildnis","13":"product_tag-crayon","14":"product_tag-hitler","15":"product_tag-kreide","16":"product_tag-landesarchiv","17":"product_tag-man","18":"product_tag-mann","19":"product_tag-pastel","20":"product_tag-pastell","21":"product_tag-portrait","22":"product_tag-portraetist","23":"product_tag-willy-exner","24":"desktop-align-left","25":"tablet-align-left","26":"mobile-align-left","28":"first","29":"instock","30":"sold-individually","31":"shipping-taxable","32":"purchasable","33":"product-type-simple"},"_links":{"self":[{"href":"https:\/\/www.multimedium.eu\/index.php?rest_route=\/wp\/v2\/product\/73273","targetHints":{"allow":["GET"]}}],"collection":[{"href":"https:\/\/www.multimedium.eu\/index.php?rest_route=\/wp\/v2\/product"}],"about":[{"href":"https:\/\/www.multimedium.eu\/index.php?rest_route=\/wp\/v2\/types\/product"}],"version-history":[{"count":5,"href":"https:\/\/www.multimedium.eu\/index.php?rest_route=\/wp\/v2\/product\/73273\/revisions"}],"predecessor-version":[{"id":83926,"href":"https:\/\/www.multimedium.eu\/index.php?rest_route=\/wp\/v2\/product\/73273\/revisions\/83926"}],"wp:featuredmedia":[{"embeddable":true,"href":"https:\/\/www.multimedium.eu\/index.php?rest_route=\/wp\/v2\/media\/73269"}],"wp:attachment":[{"href":"https:\/\/www.multimedium.eu\/index.php?rest_route=%2Fwp%2Fv2%2Fmedia&parent=73273"}],"wp:term":[{"taxonomy":"product_brand","embeddable":true,"href":"https:\/\/www.multimedium.eu\/index.php?rest_route=%2Fwp%2Fv2%2Fproduct_brand&post=73273"},{"taxonomy":"product_cat","embeddable":true,"href":"https:\/\/www.multimedium.eu\/index.php?rest_route=%2Fwp%2Fv2%2Fproduct_cat&post=73273"},{"taxonomy":"product_tag","embeddable":true,"href":"https:\/\/www.multimedium.eu\/index.php?rest_route=%2Fwp%2Fv2%2Fproduct_tag&post=73273"}],"curies":[{"name":"wp","href":"https:\/\/api.w.org\/{rel}","templated":true}]}}