{"id":73710,"date":"2020-06-22T21:32:35","date_gmt":"2020-06-22T19:32:35","guid":{"rendered":"http:\/\/multimedium.eu\/?post_type=product&#038;p=73710"},"modified":"2025-03-13T09:31:32","modified_gmt":"2025-03-13T08:31:32","slug":"jugendstil-silber-salz-gefaess-blauer-glaseinsatz","status":"publish","type":"product","link":"https:\/\/www.multimedium.eu\/?product=jugendstil-silber-salz-gefaess-blauer-glaseinsatz","title":{"rendered":"Jugendstil Silber Salz Gef\u00e4\u00df blauer Glaseinsatz"},"content":{"rendered":"","protected":false},"excerpt":{"rendered":"<p><strong> Jugendstil Silber Salz Gef\u00e4\u00df blauer Glaseinsatz<\/strong><\/p>\n<p>wei (P\u00e4rchen) prachvolle sch\u00f6ne dekorative Jugendstil Silber Salz- und Gew\u00fcrz-Gef\u00e4\u00dfe, vermutlich Bruckmann und S\u00f6hne<br \/>\nim Stil einer Jardinere mit blauem Glaseinsatz<br \/>\nSilber vergoldet, keine L\u00f6ffelchen dazu vorhanden<br \/>\nquallit\u00e4tsvolle Verarbeitung<br \/>\ndas in der Mitte stehende Wappenschild wird von 2 Chim\u00e4ren flankiert,<br \/>\nR\u00fcckseite gegengleich gearbeitet, durchbrochen gearbeitet,<br \/>\nHenkel jeweils mit einem Chim\u00e4renkopf verziert<br \/>\nKorpus steht auf 4 verzierten gefl\u00fcgelten F\u00fc\u00dfchen<br \/>\ngestempelt: 800 Mond Krone, Firmenpunze (ein wenig undeutlich)<br \/>\nGlaseins\u00e4tze sowie auch die Silbermontierungen<br \/>\nin einen guten sch\u00f6nen Erhaltungszustand (keine Chips)<br \/>\nVergoldung altersm\u00e4\u00dfig ein wenig berieben<\/p>\n<p>L\u00e4nge der Jardinere: 9,5 cm<br \/>\nH\u00f6he der Jardinere: 3,4 cm<br \/>\nBreite der Jardinere: 2,3 cm<\/p>\n","protected":false},"featured_media":73707,"template":"","meta":{"site-sidebar-layout":"default","site-content-layout":"default","ast-site-content-layout":"","site-content-style":"default","site-sidebar-style":"default","ast-global-header-display":"","ast-banner-title-visibility":"","ast-main-header-display":"","ast-hfb-above-header-display":"","ast-hfb-below-header-display":"","ast-hfb-mobile-header-display":"","site-post-title":"","ast-breadcrumbs-content":"","ast-featured-img":"","footer-sml-layout":"","theme-transparent-header-meta":"default","adv-header-id-meta":"","stick-header-meta":"","header-above-stick-meta":"","header-main-stick-meta":"","header-below-stick-meta":"","astra-migrate-meta-layouts":"default","ast-page-background-enabled":"default","ast-page-background-meta":{"desktop":{"background-color":"","background-image":"","background-repeat":"repeat","background-position":"center center","background-size":"auto","background-attachment":"scroll","background-type":"","background-media":"","overlay-type":"","overlay-color":"","overlay-opacity":"","overlay-gradient":""},"tablet":{"background-color":"","background-image":"","background-repeat":"repeat","background-position":"center center","background-size":"auto","background-attachment":"scroll","background-type":"","background-media":"","overlay-type":"","overlay-color":"","overlay-opacity":"","overlay-gradient":""},"mobile":{"background-color":"","background-image":"","background-repeat":"repeat","background-position":"center center","background-size":"auto","background-attachment":"scroll","background-type":"","background-media":"","overlay-type":"","overlay-color":"","overlay-opacity":"","overlay-gradient":""}},"ast-content-background-meta":{"desktop":{"background-color":"var(--ast-global-color-5)","background-image":"","background-repeat":"repeat","background-position":"center center","background-size":"auto","background-attachment":"scroll","background-type":"","background-media":"","overlay-type":"","overlay-color":"","overlay-opacity":"","overlay-gradient":""},"tablet":{"background-color":"var(--ast-global-color-5)","background-image":"","background-repeat":"repeat","background-position":"center center","background-size":"auto","background-attachment":"scroll","background-type":"","background-media":"","overlay-type":"","overlay-color":"","overlay-opacity":"","overlay-gradient":""},"mobile":{"background-color":"var(--ast-global-color-5)","background-image":"","background-repeat":"repeat","background-position":"center center","background-size":"auto","background-attachment":"scroll","background-type":"","background-media":"","overlay-type":"","overlay-color":"","overlay-opacity":"","overlay-gradient":""}}},"product_brand":[],"product_cat":[3559,4324,4322,4325,3620],"product_tag":[3700,3638,3990,4226,4395,3698,4394,3641,3342],"class_list":{"0":"post-73710","1":"product","2":"type-product","3":"status-publish","4":"has-post-thumbnail","6":"product_cat-jugendstil","7":"product_cat-kunstobjekte","8":"product_cat-periode","9":"product_cat-silber","10":"product_cat-silber-objekte","11":"product_tag-art-nouveau","12":"product_tag-blau","13":"product_tag-blue","14":"product_tag-glaseinsatz","15":"product_tag-jardinere","16":"product_tag-jugendstil","17":"product_tag-salzgefaess","18":"product_tag-silber","19":"product_tag-silver","20":"desktop-align-left","21":"tablet-align-left","22":"mobile-align-left","24":"first","25":"instock","26":"sold-individually","27":"shipping-taxable","28":"product-type-simple"},"_links":{"self":[{"href":"https:\/\/www.multimedium.eu\/index.php?rest_route=\/wp\/v2\/product\/73710","targetHints":{"allow":["GET"]}}],"collection":[{"href":"https:\/\/www.multimedium.eu\/index.php?rest_route=\/wp\/v2\/product"}],"about":[{"href":"https:\/\/www.multimedium.eu\/index.php?rest_route=\/wp\/v2\/types\/product"}],"version-history":[{"count":2,"href":"https:\/\/www.multimedium.eu\/index.php?rest_route=\/wp\/v2\/product\/73710\/revisions"}],"predecessor-version":[{"id":83864,"href":"https:\/\/www.multimedium.eu\/index.php?rest_route=\/wp\/v2\/product\/73710\/revisions\/83864"}],"wp:featuredmedia":[{"embeddable":true,"href":"https:\/\/www.multimedium.eu\/index.php?rest_route=\/wp\/v2\/media\/73707"}],"wp:attachment":[{"href":"https:\/\/www.multimedium.eu\/index.php?rest_route=%2Fwp%2Fv2%2Fmedia&parent=73710"}],"wp:term":[{"taxonomy":"product_brand","embeddable":true,"href":"https:\/\/www.multimedium.eu\/index.php?rest_route=%2Fwp%2Fv2%2Fproduct_brand&post=73710"},{"taxonomy":"product_cat","embeddable":true,"href":"https:\/\/www.multimedium.eu\/index.php?rest_route=%2Fwp%2Fv2%2Fproduct_cat&post=73710"},{"taxonomy":"product_tag","embeddable":true,"href":"https:\/\/www.multimedium.eu\/index.php?rest_route=%2Fwp%2Fv2%2Fproduct_tag&post=73710"}],"curies":[{"name":"wp","href":"https:\/\/api.w.org\/{rel}","templated":true}]}}