{"id":73755,"date":"2020-06-22T23:43:28","date_gmt":"2020-06-22T21:43:28","guid":{"rendered":"http:\/\/multimedium.eu\/?post_type=product&#038;p=73755"},"modified":"2025-03-13T09:31:37","modified_gmt":"2025-03-13T08:31:37","slug":"jugendstil-silber-spiegel-mit-lippenstift","status":"publish","type":"product","link":"https:\/\/www.multimedium.eu\/?product=jugendstil-silber-spiegel-mit-lippenstift","title":{"rendered":"Jugendstil Silber-Spiegel mit Lippenstift"},"content":{"rendered":"","protected":false},"excerpt":{"rendered":"<p><strong>Jugendstil Silber-Spiegel mit Lippenstift<\/strong><\/p>\n<p>Prachtvoller entz\u00fcckender, sehr sch\u00f6ner, ausgefallener, seltener Jugendstil Taschen-Silber-Spiegel mit Lippenstift um 1910, Sammlerst\u00fcck<br \/>\nintegrierter Lippenstift unten im Griff herausschiebbar<br \/>\nbeidseitig ovaler facettiert geschliffener Spiegel<br \/>\nSilber-Spiegel mit sch\u00f6ner Guilloche-Gravur in Handarbeit,<br \/>\nSpiegel gestempelt: 900, Pat C.12,<br \/>\nLippenstift gestempelt:<br \/>\nsch\u00f6ne massive Verarbeitung<br \/>\nguter sch\u00f6ner Erhaltungszustand<\/p>\n<p>Lippenstift:<br \/>\nL\u00e4nge : cm<br \/>\nBreite : cm<br \/>\nH\u00f6he : cm<\/p>\n<p>Spiegel:<br \/>\nDurchmesser: cm<br \/>\nH\u00f6he: ca. cm<\/p>\n","protected":false},"featured_media":73687,"template":"","meta":{"site-sidebar-layout":"default","site-content-layout":"default","ast-site-content-layout":"","site-content-style":"default","site-sidebar-style":"default","ast-global-header-display":"","ast-banner-title-visibility":"","ast-main-header-display":"","ast-hfb-above-header-display":"","ast-hfb-below-header-display":"","ast-hfb-mobile-header-display":"","site-post-title":"","ast-breadcrumbs-content":"","ast-featured-img":"","footer-sml-layout":"","theme-transparent-header-meta":"default","adv-header-id-meta":"","stick-header-meta":"","header-above-stick-meta":"","header-main-stick-meta":"","header-below-stick-meta":"","astra-migrate-meta-layouts":"default","ast-page-background-enabled":"default","ast-page-background-meta":{"desktop":{"background-color":"","background-image":"","background-repeat":"repeat","background-position":"center center","background-size":"auto","background-attachment":"scroll","background-type":"","background-media":"","overlay-type":"","overlay-color":"","overlay-opacity":"","overlay-gradient":""},"tablet":{"background-color":"","background-image":"","background-repeat":"repeat","background-position":"center center","background-size":"auto","background-attachment":"scroll","background-type":"","background-media":"","overlay-type":"","overlay-color":"","overlay-opacity":"","overlay-gradient":""},"mobile":{"background-color":"","background-image":"","background-repeat":"repeat","background-position":"center center","background-size":"auto","background-attachment":"scroll","background-type":"","background-media":"","overlay-type":"","overlay-color":"","overlay-opacity":"","overlay-gradient":""}},"ast-content-background-meta":{"desktop":{"background-color":"var(--ast-global-color-5)","background-image":"","background-repeat":"repeat","background-position":"center center","background-size":"auto","background-attachment":"scroll","background-type":"","background-media":"","overlay-type":"","overlay-color":"","overlay-opacity":"","overlay-gradient":""},"tablet":{"background-color":"var(--ast-global-color-5)","background-image":"","background-repeat":"repeat","background-position":"center center","background-size":"auto","background-attachment":"scroll","background-type":"","background-media":"","overlay-type":"","overlay-color":"","overlay-opacity":"","overlay-gradient":""},"mobile":{"background-color":"var(--ast-global-color-5)","background-image":"","background-repeat":"repeat","background-position":"center center","background-size":"auto","background-attachment":"scroll","background-type":"","background-media":"","overlay-type":"","overlay-color":"","overlay-opacity":"","overlay-gradient":""}}},"product_brand":[],"product_cat":[3559,4324,4322,4325,3620,4321],"product_tag":[3700,3698,4417,4418,3709,3641,3342,3708],"class_list":{"0":"post-73755","1":"product","2":"type-product","3":"status-publish","4":"has-post-thumbnail","6":"product_cat-jugendstil","7":"product_cat-kunstobjekte","8":"product_cat-periode","9":"product_cat-silber","10":"product_cat-silber-objekte","11":"product_cat-steine","12":"product_tag-art-nouveau","13":"product_tag-jugendstil","14":"product_tag-lippenstift","15":"product_tag-lipstick","16":"product_tag-mirror","17":"product_tag-silber","18":"product_tag-silver","19":"product_tag-spiegel","20":"desktop-align-left","21":"tablet-align-left","22":"mobile-align-left","24":"first","25":"instock","26":"sold-individually","27":"shipping-taxable","28":"product-type-simple"},"_links":{"self":[{"href":"https:\/\/www.multimedium.eu\/index.php?rest_route=\/wp\/v2\/product\/73755","targetHints":{"allow":["GET"]}}],"collection":[{"href":"https:\/\/www.multimedium.eu\/index.php?rest_route=\/wp\/v2\/product"}],"about":[{"href":"https:\/\/www.multimedium.eu\/index.php?rest_route=\/wp\/v2\/types\/product"}],"version-history":[{"count":2,"href":"https:\/\/www.multimedium.eu\/index.php?rest_route=\/wp\/v2\/product\/73755\/revisions"}],"predecessor-version":[{"id":83838,"href":"https:\/\/www.multimedium.eu\/index.php?rest_route=\/wp\/v2\/product\/73755\/revisions\/83838"}],"wp:featuredmedia":[{"embeddable":true,"href":"https:\/\/www.multimedium.eu\/index.php?rest_route=\/wp\/v2\/media\/73687"}],"wp:attachment":[{"href":"https:\/\/www.multimedium.eu\/index.php?rest_route=%2Fwp%2Fv2%2Fmedia&parent=73755"}],"wp:term":[{"taxonomy":"product_brand","embeddable":true,"href":"https:\/\/www.multimedium.eu\/index.php?rest_route=%2Fwp%2Fv2%2Fproduct_brand&post=73755"},{"taxonomy":"product_cat","embeddable":true,"href":"https:\/\/www.multimedium.eu\/index.php?rest_route=%2Fwp%2Fv2%2Fproduct_cat&post=73755"},{"taxonomy":"product_tag","embeddable":true,"href":"https:\/\/www.multimedium.eu\/index.php?rest_route=%2Fwp%2Fv2%2Fproduct_tag&post=73755"}],"curies":[{"name":"wp","href":"https:\/\/api.w.org\/{rel}","templated":true}]}}