{"id":73757,"date":"2020-06-22T23:48:58","date_gmt":"2020-06-22T21:48:58","guid":{"rendered":"http:\/\/multimedium.eu\/?post_type=product&#038;p=73757"},"modified":"2025-03-13T09:31:37","modified_gmt":"2025-03-13T08:31:37","slug":"silber-guertelschliesse-belt-buckle-silver-basilisk","status":"publish","type":"product","link":"https:\/\/www.multimedium.eu\/?product=silber-guertelschliesse-belt-buckle-silver-basilisk","title":{"rendered":"Silber G\u00fcrtelschlie\u00dfe belt buckle silver Basilisk"},"content":{"rendered":"","protected":false},"excerpt":{"rendered":"<p><strong>Silber G\u00fcrtelschlie\u00dfe belt buckle silver Basilisk<\/strong><\/p>\n<p>Prachtvolle sch\u00f6ne gro\u00dfe Jugendstil Silber G\u00fcrtelschlie\u00dfe um 1900<br \/>\nmit einer mythologischen Darstellung des Basilisk als Fabelwesen, Trauben essend<br \/>\nin der Mitte geteilt, rechts und links gegengleich gearbeitet<br \/>\ngestempelt: 835, Herstellerpunze (E.V.O.)<\/p>\n<p>Gesamt-Breite: 16 cm<br \/>\nGesamt-H\u00f6he: 7,5 cm<\/p>\n","protected":false},"featured_media":73686,"template":"","meta":{"site-sidebar-layout":"default","site-content-layout":"default","ast-site-content-layout":"","site-content-style":"default","site-sidebar-style":"default","ast-global-header-display":"","ast-banner-title-visibility":"","ast-main-header-display":"","ast-hfb-above-header-display":"","ast-hfb-below-header-display":"","ast-hfb-mobile-header-display":"","site-post-title":"","ast-breadcrumbs-content":"","ast-featured-img":"","footer-sml-layout":"","theme-transparent-header-meta":"default","adv-header-id-meta":"","stick-header-meta":"","header-above-stick-meta":"","header-main-stick-meta":"","header-below-stick-meta":"","astra-migrate-meta-layouts":"default","ast-page-background-enabled":"default","ast-page-background-meta":{"desktop":{"background-color":"","background-image":"","background-repeat":"repeat","background-position":"center center","background-size":"auto","background-attachment":"scroll","background-type":"","background-media":"","overlay-type":"","overlay-color":"","overlay-opacity":"","overlay-gradient":""},"tablet":{"background-color":"","background-image":"","background-repeat":"repeat","background-position":"center center","background-size":"auto","background-attachment":"scroll","background-type":"","background-media":"","overlay-type":"","overlay-color":"","overlay-opacity":"","overlay-gradient":""},"mobile":{"background-color":"","background-image":"","background-repeat":"repeat","background-position":"center center","background-size":"auto","background-attachment":"scroll","background-type":"","background-media":"","overlay-type":"","overlay-color":"","overlay-opacity":"","overlay-gradient":""}},"ast-content-background-meta":{"desktop":{"background-color":"var(--ast-global-color-5)","background-image":"","background-repeat":"repeat","background-position":"center center","background-size":"auto","background-attachment":"scroll","background-type":"","background-media":"","overlay-type":"","overlay-color":"","overlay-opacity":"","overlay-gradient":""},"tablet":{"background-color":"var(--ast-global-color-5)","background-image":"","background-repeat":"repeat","background-position":"center center","background-size":"auto","background-attachment":"scroll","background-type":"","background-media":"","overlay-type":"","overlay-color":"","overlay-opacity":"","overlay-gradient":""},"mobile":{"background-color":"var(--ast-global-color-5)","background-image":"","background-repeat":"repeat","background-position":"center center","background-size":"auto","background-attachment":"scroll","background-type":"","background-media":"","overlay-type":"","overlay-color":"","overlay-opacity":"","overlay-gradient":""}}},"product_brand":[],"product_cat":[3559,4324,4322,4325,3620,4321],"product_tag":[3700,4419,3635,4420,3634,3698,4422,3641,3342,4421],"class_list":{"0":"post-73757","1":"product","2":"type-product","3":"status-publish","4":"has-post-thumbnail","6":"product_cat-jugendstil","7":"product_cat-kunstobjekte","8":"product_cat-periode","9":"product_cat-silber","10":"product_cat-silber-objekte","11":"product_cat-steine","12":"product_tag-art-nouveau","13":"product_tag-basilisk","14":"product_tag-belt-buckle","15":"product_tag-fabelwesen","16":"product_tag-guertelschliesse","17":"product_tag-jugendstil","18":"product_tag-mythologischen-darstellung","19":"product_tag-silber","20":"product_tag-silver","21":"product_tag-trauben","22":"desktop-align-left","23":"tablet-align-left","24":"mobile-align-left","26":"first","27":"instock","28":"sold-individually","29":"shipping-taxable","30":"product-type-simple"},"_links":{"self":[{"href":"https:\/\/www.multimedium.eu\/index.php?rest_route=\/wp\/v2\/product\/73757","targetHints":{"allow":["GET"]}}],"collection":[{"href":"https:\/\/www.multimedium.eu\/index.php?rest_route=\/wp\/v2\/product"}],"about":[{"href":"https:\/\/www.multimedium.eu\/index.php?rest_route=\/wp\/v2\/types\/product"}],"version-history":[{"count":2,"href":"https:\/\/www.multimedium.eu\/index.php?rest_route=\/wp\/v2\/product\/73757\/revisions"}],"predecessor-version":[{"id":83840,"href":"https:\/\/www.multimedium.eu\/index.php?rest_route=\/wp\/v2\/product\/73757\/revisions\/83840"}],"wp:featuredmedia":[{"embeddable":true,"href":"https:\/\/www.multimedium.eu\/index.php?rest_route=\/wp\/v2\/media\/73686"}],"wp:attachment":[{"href":"https:\/\/www.multimedium.eu\/index.php?rest_route=%2Fwp%2Fv2%2Fmedia&parent=73757"}],"wp:term":[{"taxonomy":"product_brand","embeddable":true,"href":"https:\/\/www.multimedium.eu\/index.php?rest_route=%2Fwp%2Fv2%2Fproduct_brand&post=73757"},{"taxonomy":"product_cat","embeddable":true,"href":"https:\/\/www.multimedium.eu\/index.php?rest_route=%2Fwp%2Fv2%2Fproduct_cat&post=73757"},{"taxonomy":"product_tag","embeddable":true,"href":"https:\/\/www.multimedium.eu\/index.php?rest_route=%2Fwp%2Fv2%2Fproduct_tag&post=73757"}],"curies":[{"name":"wp","href":"https:\/\/api.w.org\/{rel}","templated":true}]}}