{"id":73820,"date":"2020-06-23T23:34:31","date_gmt":"2020-06-23T21:34:31","guid":{"rendered":"http:\/\/multimedium.eu\/?post_type=product&#038;p=73820"},"modified":"2025-03-13T09:27:40","modified_gmt":"2025-03-13T08:27:40","slug":"katholische-bilderbibel-des-alten-und-neuen-testamentes","status":"publish","type":"product","link":"https:\/\/www.multimedium.eu\/?product=katholische-bilderbibel-des-alten-und-neuen-testamentes","title":{"rendered":"Katholische Bilderbibel des Alten und Neuen Testamentes"},"content":{"rendered":"<h6><strong>Catholic Picture Bible of the Old and New Testaments<\/strong><\/h6>\n<p>Original Art Nouveau German Catholic Picture Bible,<\/p>\n<p>publisher W. Herlet, Berlin, 1909. no reprint,<\/p>\n<p>Red original cloth-binding in large format 44 x 34 cm<\/p>\n<p>with gilt embossed on the back und title cover<\/p>\n<p>as well as extremely splendid floral gold embossing<\/p>\n<p>which, similar to embroidery, cover the whole front cover and book spine<\/p>\n<p>rear cover with ornamental blind embossing<\/p>\n<p>fully illustrated large format Picture Bible<\/p>\n<p>with introducing (not filled) family chronicle<\/p>\n<p>and large format (half page) wood cut illustration on every page,<\/p>\n<p>255 pages<\/p>\n<p>everything is age related in good condition<\/p>\n<p>&nbsp;<\/p>\n<p>&nbsp;<\/p>\n","protected":false},"excerpt":{"rendered":"<h6><strong>Katholische Bilderbibel des Alten und Neuen Testamentes<\/strong><\/h6>\n<p>&#8211;VERKAUFT&#8211;<\/p>\n<p>Original Jugendstil deutsch-katholische Bilderbibel,<br \/>\nVerlag W. Herlet, Berlin, 1909. kein Nachdruck,<br \/>\nRoter Original-Leinenband im Gro\u00dfformat 44 x 34 cm<br \/>\nmit Goldpr\u00e4gung auf R\u00fccken und Titeldeckel<br \/>\nsowie \u00e4u\u00dferst pr\u00e4chtiger floraler Goldpr\u00e4gung<br \/>\ndie, \u00e4hnlich einer Stickerei, den gesamten Vorderdeckel und Buchr\u00fccken bedecken<br \/>\nR\u00fcckdeckel mit ornamentaler Blindpr\u00e4gung<br \/>\nVollst\u00e4ndig illustrierte Bilderbibel im Gro\u00dfformat<br \/>\nmit einf\u00fchrender (nicht gef\u00fcllter) Familienchronik<br \/>\nund gro\u00dfformatiger (halbseitiger) Holzschnittillustration auf jeder Seite,<br \/>\n255 Seiten<\/p>\n<p>altersbedingt in gutem Erhaltungszustand<\/p>\n<p>Folio. 255 S. Mit 236 Illustrationen nach Schnorr von Carolsfeld, Ph. Schumacher u.a.<\/p>\n<p>Dunkelrote Orig.-Leinwand mit reicher Goldpr\u00e4gung.<\/p>\n<p>In einem guten sch\u00f6nen Erhaltungszustand<\/p>\n","protected":false},"featured_media":85799,"template":"","meta":{"site-sidebar-layout":"default","site-content-layout":"default","ast-site-content-layout":"default","site-content-style":"default","site-sidebar-style":"default","ast-global-header-display":"","ast-banner-title-visibility":"","ast-main-header-display":"","ast-hfb-above-header-display":"","ast-hfb-below-header-display":"","ast-hfb-mobile-header-display":"","site-post-title":"","ast-breadcrumbs-content":"","ast-featured-img":"","footer-sml-layout":"","theme-transparent-header-meta":"default","adv-header-id-meta":"","stick-header-meta":"","header-above-stick-meta":"","header-main-stick-meta":"","header-below-stick-meta":"","astra-migrate-meta-layouts":"set","ast-page-background-enabled":"default","ast-page-background-meta":{"desktop":{"background-color":"","background-image":"","background-repeat":"repeat","background-position":"center center","background-size":"auto","background-attachment":"scroll","background-type":"","background-media":"","overlay-type":"","overlay-color":"","overlay-opacity":"","overlay-gradient":""},"tablet":{"background-color":"","background-image":"","background-repeat":"repeat","background-position":"center center","background-size":"auto","background-attachment":"scroll","background-type":"","background-media":"","overlay-type":"","overlay-color":"","overlay-opacity":"","overlay-gradient":""},"mobile":{"background-color":"","background-image":"","background-repeat":"repeat","background-position":"center center","background-size":"auto","background-attachment":"scroll","background-type":"","background-media":"","overlay-type":"","overlay-color":"","overlay-opacity":"","overlay-gradient":""}},"ast-content-background-meta":{"desktop":{"background-color":"var(--ast-global-color-5)","background-image":"","background-repeat":"repeat","background-position":"center center","background-size":"auto","background-attachment":"scroll","background-type":"","background-media":"","overlay-type":"","overlay-color":"","overlay-opacity":"","overlay-gradient":""},"tablet":{"background-color":"var(--ast-global-color-5)","background-image":"","background-repeat":"repeat","background-position":"center center","background-size":"auto","background-attachment":"scroll","background-type":"","background-media":"","overlay-type":"","overlay-color":"","overlay-opacity":"","overlay-gradient":""},"mobile":{"background-color":"var(--ast-global-color-5)","background-image":"","background-repeat":"repeat","background-position":"center center","background-size":"auto","background-attachment":"scroll","background-type":"","background-media":"","overlay-type":"","overlay-color":"","overlay-opacity":"","overlay-gradient":""}}},"product_brand":[],"product_cat":[3511,3559,4324,4322,4320],"product_tag":[4436,3700,4439,4428,4431,4438,3698,4440,4437,4435,4215],"class_list":{"0":"post-73820","1":"product","2":"type-product","3":"status-publish","4":"has-post-thumbnail","6":"product_cat-buecher","7":"product_cat-jugendstil","8":"product_cat-kunstobjekte","9":"product_cat-periode","10":"product_cat-verkauft","11":"product_tag-altes-testamentes","12":"product_tag-art-nouveau","13":"product_tag-bibel","14":"product_tag-buch","15":"product_tag-goldpraegung","16":"product_tag-illustrationen","17":"product_tag-jugendstil","18":"product_tag-katholische-bibel","19":"product_tag-katholische-bilderbibel","20":"product_tag-neues-testamentes","21":"product_tag-verkauft","22":"desktop-align-left","23":"tablet-align-left","24":"mobile-align-left","26":"first","27":"outofstock","28":"sold-individually","29":"shipping-taxable","30":"product-type-simple"},"_links":{"self":[{"href":"https:\/\/www.multimedium.eu\/index.php?rest_route=\/wp\/v2\/product\/73820","targetHints":{"allow":["GET"]}}],"collection":[{"href":"https:\/\/www.multimedium.eu\/index.php?rest_route=\/wp\/v2\/product"}],"about":[{"href":"https:\/\/www.multimedium.eu\/index.php?rest_route=\/wp\/v2\/types\/product"}],"version-history":[{"count":8,"href":"https:\/\/www.multimedium.eu\/index.php?rest_route=\/wp\/v2\/product\/73820\/revisions"}],"predecessor-version":[{"id":90898,"href":"https:\/\/www.multimedium.eu\/index.php?rest_route=\/wp\/v2\/product\/73820\/revisions\/90898"}],"wp:featuredmedia":[{"embeddable":true,"href":"https:\/\/www.multimedium.eu\/index.php?rest_route=\/wp\/v2\/media\/85799"}],"wp:attachment":[{"href":"https:\/\/www.multimedium.eu\/index.php?rest_route=%2Fwp%2Fv2%2Fmedia&parent=73820"}],"wp:term":[{"taxonomy":"product_brand","embeddable":true,"href":"https:\/\/www.multimedium.eu\/index.php?rest_route=%2Fwp%2Fv2%2Fproduct_brand&post=73820"},{"taxonomy":"product_cat","embeddable":true,"href":"https:\/\/www.multimedium.eu\/index.php?rest_route=%2Fwp%2Fv2%2Fproduct_cat&post=73820"},{"taxonomy":"product_tag","embeddable":true,"href":"https:\/\/www.multimedium.eu\/index.php?rest_route=%2Fwp%2Fv2%2Fproduct_tag&post=73820"}],"curies":[{"name":"wp","href":"https:\/\/api.w.org\/{rel}","templated":true}]}}