{"id":73881,"date":"2020-06-24T22:55:30","date_gmt":"2020-06-24T20:55:30","guid":{"rendered":"http:\/\/multimedium.eu\/?post_type=product&#038;p=73881"},"modified":"2025-03-13T09:31:31","modified_gmt":"2025-03-13T08:31:31","slug":"sankt-michael","status":"publish","type":"product","link":"https:\/\/www.multimedium.eu\/?product=sankt-michael","title":{"rendered":"Sankt Michael"},"content":{"rendered":"","protected":false},"excerpt":{"rendered":"<p><strong>Sankt Michael<\/strong><\/p>\n<p>Johann Leicht, Domkapitular in Bamberg in Verbindung mit<br \/>\nPr\u00e4lat Dr. Josef Mausbach, Prof. Dr. Mich. Gatterer S. J.,<br \/>\nmit einer Einf\u00fchrung von Dr. Paul W. Von Keppler Bischof von Rottenburg<br \/>\nSankt Michael Ein Buch zur Sankt Michael<br \/>\nDeutscher Sankt-Michaels-Verlag GmbH, W\u00fcrzburg.Berlin und Wien, 1919<\/p>\n<p>Ein Erinnerungsbuch aus schwerer Zeit zur Erbauung und Tr\u00f6stung f\u00fcr die Katholiken Deutschlands und die Soldaten im Ersten Weltkrieg; des deutschen Volkes Schutzpatron. Geschichten wie Sturmgel\u00e4ut, Dankopfer f\u00fcr unsere Helden, Gottselig und gen\u00fcgsam. Mit zahlreichen Zeichnungen zum Text, aber auch viele farbige einzeln eingeklebte Bildtafeln, mit einer kurzen Anmerkung zu jedem Bild. , 384 Seiten,<\/p>\n","protected":false},"featured_media":73795,"template":"","meta":{"site-sidebar-layout":"default","site-content-layout":"default","ast-site-content-layout":"","site-content-style":"default","site-sidebar-style":"default","ast-global-header-display":"","ast-banner-title-visibility":"","ast-main-header-display":"","ast-hfb-above-header-display":"","ast-hfb-below-header-display":"","ast-hfb-mobile-header-display":"","site-post-title":"","ast-breadcrumbs-content":"","ast-featured-img":"","footer-sml-layout":"","theme-transparent-header-meta":"default","adv-header-id-meta":"","stick-header-meta":"","header-above-stick-meta":"","header-main-stick-meta":"","header-below-stick-meta":"","astra-migrate-meta-layouts":"default","ast-page-background-enabled":"default","ast-page-background-meta":{"desktop":{"background-color":"","background-image":"","background-repeat":"repeat","background-position":"center center","background-size":"auto","background-attachment":"scroll","background-type":"","background-media":"","overlay-type":"","overlay-color":"","overlay-opacity":"","overlay-gradient":""},"tablet":{"background-color":"","background-image":"","background-repeat":"repeat","background-position":"center center","background-size":"auto","background-attachment":"scroll","background-type":"","background-media":"","overlay-type":"","overlay-color":"","overlay-opacity":"","overlay-gradient":""},"mobile":{"background-color":"","background-image":"","background-repeat":"repeat","background-position":"center center","background-size":"auto","background-attachment":"scroll","background-type":"","background-media":"","overlay-type":"","overlay-color":"","overlay-opacity":"","overlay-gradient":""}},"ast-content-background-meta":{"desktop":{"background-color":"var(--ast-global-color-5)","background-image":"","background-repeat":"repeat","background-position":"center center","background-size":"auto","background-attachment":"scroll","background-type":"","background-media":"","overlay-type":"","overlay-color":"","overlay-opacity":"","overlay-gradient":""},"tablet":{"background-color":"var(--ast-global-color-5)","background-image":"","background-repeat":"repeat","background-position":"center center","background-size":"auto","background-attachment":"scroll","background-type":"","background-media":"","overlay-type":"","overlay-color":"","overlay-opacity":"","overlay-gradient":""},"mobile":{"background-color":"var(--ast-global-color-5)","background-image":"","background-repeat":"repeat","background-position":"center center","background-size":"auto","background-attachment":"scroll","background-type":"","background-media":"","overlay-type":"","overlay-color":"","overlay-opacity":"","overlay-gradient":""}}},"product_brand":[],"product_cat":[3559,4324,4322],"product_tag":[4428,4473,4472],"class_list":{"0":"post-73881","1":"product","2":"type-product","3":"status-publish","4":"has-post-thumbnail","6":"product_cat-jugendstil","7":"product_cat-kunstobjekte","8":"product_cat-periode","9":"product_tag-buch","10":"product_tag-erbauung-und-troestung","11":"product_tag-sankt-michael","12":"desktop-align-left","13":"tablet-align-left","14":"mobile-align-left","16":"first","17":"instock","18":"sold-individually","19":"shipping-taxable","20":"product-type-simple"},"_links":{"self":[{"href":"https:\/\/www.multimedium.eu\/index.php?rest_route=\/wp\/v2\/product\/73881","targetHints":{"allow":["GET"]}}],"collection":[{"href":"https:\/\/www.multimedium.eu\/index.php?rest_route=\/wp\/v2\/product"}],"about":[{"href":"https:\/\/www.multimedium.eu\/index.php?rest_route=\/wp\/v2\/types\/product"}],"version-history":[{"count":2,"href":"https:\/\/www.multimedium.eu\/index.php?rest_route=\/wp\/v2\/product\/73881\/revisions"}],"predecessor-version":[{"id":83824,"href":"https:\/\/www.multimedium.eu\/index.php?rest_route=\/wp\/v2\/product\/73881\/revisions\/83824"}],"wp:featuredmedia":[{"embeddable":true,"href":"https:\/\/www.multimedium.eu\/index.php?rest_route=\/wp\/v2\/media\/73795"}],"wp:attachment":[{"href":"https:\/\/www.multimedium.eu\/index.php?rest_route=%2Fwp%2Fv2%2Fmedia&parent=73881"}],"wp:term":[{"taxonomy":"product_brand","embeddable":true,"href":"https:\/\/www.multimedium.eu\/index.php?rest_route=%2Fwp%2Fv2%2Fproduct_brand&post=73881"},{"taxonomy":"product_cat","embeddable":true,"href":"https:\/\/www.multimedium.eu\/index.php?rest_route=%2Fwp%2Fv2%2Fproduct_cat&post=73881"},{"taxonomy":"product_tag","embeddable":true,"href":"https:\/\/www.multimedium.eu\/index.php?rest_route=%2Fwp%2Fv2%2Fproduct_tag&post=73881"}],"curies":[{"name":"wp","href":"https:\/\/api.w.org\/{rel}","templated":true}]}}