{"id":74033,"date":"2020-06-26T23:42:37","date_gmt":"2020-06-26T21:42:37","guid":{"rendered":"http:\/\/multimedium.eu\/?post_type=product&#038;p=74033"},"modified":"2025-03-13T09:31:24","modified_gmt":"2025-03-13T08:31:24","slug":"rock-mit-spitzeneinsaetzen","status":"publish","type":"product","link":"https:\/\/www.multimedium.eu\/?product=rock-mit-spitzeneinsaetzen","title":{"rendered":"Antiker Rock Handarbeit mit Spitzeneins\u00e4tzen"},"content":{"rendered":"","protected":false},"excerpt":{"rendered":"<h6><strong>Antiker Rock Handarbeit mit Spitzeneins\u00e4tzen<\/strong><\/h6>\n<p>Sch\u00f6ner weiter Unterw\u00e4scherock<br \/>\nmit sch\u00f6ner alter Kl\u00f6ppelspitze ca. um 1920<br \/>\nGr\u00f6\u00dfere Gr\u00f6\u00dfe, ca. 44 &#8211; 46<\/p>\n<p>in einem guten Erhaltungszustand<\/p>\n","protected":false},"featured_media":74012,"template":"","meta":{"site-sidebar-layout":"default","site-content-layout":"default","ast-site-content-layout":"","site-content-style":"default","site-sidebar-style":"default","ast-global-header-display":"","ast-banner-title-visibility":"","ast-main-header-display":"","ast-hfb-above-header-display":"","ast-hfb-below-header-display":"","ast-hfb-mobile-header-display":"","site-post-title":"","ast-breadcrumbs-content":"","ast-featured-img":"","footer-sml-layout":"","theme-transparent-header-meta":"default","adv-header-id-meta":"","stick-header-meta":"","header-above-stick-meta":"","header-main-stick-meta":"","header-below-stick-meta":"","astra-migrate-meta-layouts":"default","ast-page-background-enabled":"default","ast-page-background-meta":{"desktop":{"background-color":"","background-image":"","background-repeat":"repeat","background-position":"center center","background-size":"auto","background-attachment":"scroll","background-type":"","background-media":"","overlay-type":"","overlay-color":"","overlay-opacity":"","overlay-gradient":""},"tablet":{"background-color":"","background-image":"","background-repeat":"repeat","background-position":"center center","background-size":"auto","background-attachment":"scroll","background-type":"","background-media":"","overlay-type":"","overlay-color":"","overlay-opacity":"","overlay-gradient":""},"mobile":{"background-color":"","background-image":"","background-repeat":"repeat","background-position":"center center","background-size":"auto","background-attachment":"scroll","background-type":"","background-media":"","overlay-type":"","overlay-color":"","overlay-opacity":"","overlay-gradient":""}},"ast-content-background-meta":{"desktop":{"background-color":"var(--ast-global-color-5)","background-image":"","background-repeat":"repeat","background-position":"center center","background-size":"auto","background-attachment":"scroll","background-type":"","background-media":"","overlay-type":"","overlay-color":"","overlay-opacity":"","overlay-gradient":""},"tablet":{"background-color":"var(--ast-global-color-5)","background-image":"","background-repeat":"repeat","background-position":"center center","background-size":"auto","background-attachment":"scroll","background-type":"","background-media":"","overlay-type":"","overlay-color":"","overlay-opacity":"","overlay-gradient":""},"mobile":{"background-color":"var(--ast-global-color-5)","background-image":"","background-repeat":"repeat","background-position":"center center","background-size":"auto","background-attachment":"scroll","background-type":"","background-media":"","overlay-type":"","overlay-color":"","overlay-opacity":"","overlay-gradient":""}}},"product_brand":[],"product_cat":[3559,4324,4322,3514],"product_tag":[3700,3698,4524,4526,4525,4520,4521],"class_list":{"0":"post-74033","1":"product","2":"type-product","3":"status-publish","4":"has-post-thumbnail","6":"product_cat-jugendstil","7":"product_cat-kunstobjekte","8":"product_cat-periode","9":"product_cat-textilien-handarbeiten","10":"product_tag-art-nouveau","11":"product_tag-jugendstil","12":"product_tag-rock","13":"product_tag-spitze","14":"product_tag-spitzeneinsaetzen","15":"product_tag-textilien","16":"product_tag-waesche","17":"desktop-align-left","18":"tablet-align-left","19":"mobile-align-left","21":"first","22":"instock","23":"sold-individually","24":"shipping-taxable","25":"purchasable","26":"product-type-simple"},"_links":{"self":[{"href":"https:\/\/www.multimedium.eu\/index.php?rest_route=\/wp\/v2\/product\/74033","targetHints":{"allow":["GET"]}}],"collection":[{"href":"https:\/\/www.multimedium.eu\/index.php?rest_route=\/wp\/v2\/product"}],"about":[{"href":"https:\/\/www.multimedium.eu\/index.php?rest_route=\/wp\/v2\/types\/product"}],"version-history":[{"count":5,"href":"https:\/\/www.multimedium.eu\/index.php?rest_route=\/wp\/v2\/product\/74033\/revisions"}],"predecessor-version":[{"id":88446,"href":"https:\/\/www.multimedium.eu\/index.php?rest_route=\/wp\/v2\/product\/74033\/revisions\/88446"}],"wp:featuredmedia":[{"embeddable":true,"href":"https:\/\/www.multimedium.eu\/index.php?rest_route=\/wp\/v2\/media\/74012"}],"wp:attachment":[{"href":"https:\/\/www.multimedium.eu\/index.php?rest_route=%2Fwp%2Fv2%2Fmedia&parent=74033"}],"wp:term":[{"taxonomy":"product_brand","embeddable":true,"href":"https:\/\/www.multimedium.eu\/index.php?rest_route=%2Fwp%2Fv2%2Fproduct_brand&post=74033"},{"taxonomy":"product_cat","embeddable":true,"href":"https:\/\/www.multimedium.eu\/index.php?rest_route=%2Fwp%2Fv2%2Fproduct_cat&post=74033"},{"taxonomy":"product_tag","embeddable":true,"href":"https:\/\/www.multimedium.eu\/index.php?rest_route=%2Fwp%2Fv2%2Fproduct_tag&post=74033"}],"curies":[{"name":"wp","href":"https:\/\/api.w.org\/{rel}","templated":true}]}}