{"id":74795,"date":"2020-07-23T00:00:17","date_gmt":"2020-07-22T22:00:17","guid":{"rendered":"http:\/\/multimedium.eu\/?post_type=product&#038;p=74795"},"modified":"2025-03-13T09:31:00","modified_gmt":"2025-03-13T08:31:00","slug":"barock-rosenkranz-mit-herz-silber-holz-perlmutt-18-jhd-silver-baroque-pendant","status":"publish","type":"product","link":"https:\/\/www.multimedium.eu\/?product=barock-rosenkranz-mit-herz-silber-holz-perlmutt-18-jhd-silver-baroque-pendant","title":{"rendered":"Verkauft &#8211; Barock Rosenkranz mit Herz Silber Holz Perlmutt 18. Jhd silver baroque pendant"},"content":{"rendered":"","protected":false},"excerpt":{"rendered":"<p>Verkauft &#8211;<\/p>\n<p>Antiker seltener gro\u00dfer Barock Rosenkranz 18. Jahrhundert,<br \/>\nmit einem sch\u00f6nen gro\u00dfen Wallfahrts &#8211; Herz aus Silber,<br \/>\nmit der Darstellung von Antonius von Padua,<br \/>\nr\u00fcckseitig mit Darstellung einer Szene mit Geiselung,<br \/>\nmit 8 Zwischenkugeln in Holz mit Perlmutt-Einlagen und Silberfassung,<br \/>\nin Abstand mit jeweils 10 Kugeln in Holz ,<br \/>\nmit 2 Zwischenst\u00fccken Maria mit Kind und Kreuzigungs-Szene (mit Fehlstelle),<br \/>\nmit 4 kleinen runden Anh\u00e4ngern in Kupfer,<br \/>\nversilbert, datiert mit 1768, 1793 und 1840,<br \/>\nwohl sp\u00e4ter dazugekommen muselal, sammelw\u00fcrdig,<\/p>\n<p>mit original Patina altersgem\u00e4\u00dfe Gebrauchsspuren,<br \/>\nbei 2 Holz-Kugeln Perlmutt-Scheibe besch\u00e4digt, Faden gerissen,<br \/>\nf\u00fcr das Alter in einem guten Erhaltungszustand<\/p>\n<p>Gesamt-L\u00e4nge des Rosenkranzes (doppelstr\u00e4ngig):<br \/>\nGesamt-H\u00f6he des Herzens (Aufh\u00e4nger\u00f6se bis zum Zapfen): 7,4 cm<br \/>\nGesamt-Breite des Herzens (von Zapfen zu Zapfen): 6,2 cm<\/p>\n","protected":false},"featured_media":74807,"template":"","meta":{"site-sidebar-layout":"default","site-content-layout":"default","ast-site-content-layout":"","site-content-style":"default","site-sidebar-style":"default","ast-global-header-display":"","ast-banner-title-visibility":"","ast-main-header-display":"","ast-hfb-above-header-display":"","ast-hfb-below-header-display":"","ast-hfb-mobile-header-display":"","site-post-title":"","ast-breadcrumbs-content":"","ast-featured-img":"","footer-sml-layout":"","theme-transparent-header-meta":"default","adv-header-id-meta":"","stick-header-meta":"","header-above-stick-meta":"","header-main-stick-meta":"","header-below-stick-meta":"","astra-migrate-meta-layouts":"default","ast-page-background-enabled":"default","ast-page-background-meta":{"desktop":{"background-color":"","background-image":"","background-repeat":"repeat","background-position":"center center","background-size":"auto","background-attachment":"scroll","background-type":"","background-media":"","overlay-type":"","overlay-color":"","overlay-opacity":"","overlay-gradient":""},"tablet":{"background-color":"","background-image":"","background-repeat":"repeat","background-position":"center center","background-size":"auto","background-attachment":"scroll","background-type":"","background-media":"","overlay-type":"","overlay-color":"","overlay-opacity":"","overlay-gradient":""},"mobile":{"background-color":"","background-image":"","background-repeat":"repeat","background-position":"center center","background-size":"auto","background-attachment":"scroll","background-type":"","background-media":"","overlay-type":"","overlay-color":"","overlay-opacity":"","overlay-gradient":""}},"ast-content-background-meta":{"desktop":{"background-color":"var(--ast-global-color-5)","background-image":"","background-repeat":"repeat","background-position":"center center","background-size":"auto","background-attachment":"scroll","background-type":"","background-media":"","overlay-type":"","overlay-color":"","overlay-opacity":"","overlay-gradient":""},"tablet":{"background-color":"var(--ast-global-color-5)","background-image":"","background-repeat":"repeat","background-position":"center center","background-size":"auto","background-attachment":"scroll","background-type":"","background-media":"","overlay-type":"","overlay-color":"","overlay-opacity":"","overlay-gradient":""},"mobile":{"background-color":"var(--ast-global-color-5)","background-image":"","background-repeat":"repeat","background-position":"center center","background-size":"auto","background-attachment":"scroll","background-type":"","background-media":"","overlay-type":"","overlay-color":"","overlay-opacity":"","overlay-gradient":""}}},"product_brand":[],"product_cat":[4069,4324,4322,3527,4320],"product_tag":[4779,4068,4040,3703,4777,4215,4778],"class_list":{"0":"post-74795","1":"product","2":"type-product","3":"status-publish","4":"has-post-thumbnail","6":"product_cat-barock","7":"product_cat-kunstobjekte","8":"product_cat-periode","9":"product_cat-religioese-volkskunst","10":"product_cat-verkauft","11":"product_tag-antonius-von-padua","12":"product_tag-barock","13":"product_tag-holz","14":"product_tag-perlmutt","15":"product_tag-rosenkranz","16":"product_tag-verkauft","17":"product_tag-wallfahrts-herz","18":"desktop-align-left","19":"tablet-align-left","20":"mobile-align-left","22":"first","23":"outofstock","24":"sold-individually","25":"shipping-taxable","26":"product-type-simple"},"_links":{"self":[{"href":"https:\/\/www.multimedium.eu\/index.php?rest_route=\/wp\/v2\/product\/74795","targetHints":{"allow":["GET"]}}],"collection":[{"href":"https:\/\/www.multimedium.eu\/index.php?rest_route=\/wp\/v2\/product"}],"about":[{"href":"https:\/\/www.multimedium.eu\/index.php?rest_route=\/wp\/v2\/types\/product"}],"version-history":[{"count":5,"href":"https:\/\/www.multimedium.eu\/index.php?rest_route=\/wp\/v2\/product\/74795\/revisions"}],"predecessor-version":[{"id":83621,"href":"https:\/\/www.multimedium.eu\/index.php?rest_route=\/wp\/v2\/product\/74795\/revisions\/83621"}],"wp:featuredmedia":[{"embeddable":true,"href":"https:\/\/www.multimedium.eu\/index.php?rest_route=\/wp\/v2\/media\/74807"}],"wp:attachment":[{"href":"https:\/\/www.multimedium.eu\/index.php?rest_route=%2Fwp%2Fv2%2Fmedia&parent=74795"}],"wp:term":[{"taxonomy":"product_brand","embeddable":true,"href":"https:\/\/www.multimedium.eu\/index.php?rest_route=%2Fwp%2Fv2%2Fproduct_brand&post=74795"},{"taxonomy":"product_cat","embeddable":true,"href":"https:\/\/www.multimedium.eu\/index.php?rest_route=%2Fwp%2Fv2%2Fproduct_cat&post=74795"},{"taxonomy":"product_tag","embeddable":true,"href":"https:\/\/www.multimedium.eu\/index.php?rest_route=%2Fwp%2Fv2%2Fproduct_tag&post=74795"}],"curies":[{"name":"wp","href":"https:\/\/api.w.org\/{rel}","templated":true}]}}