{"id":74944,"date":"2020-07-24T22:54:00","date_gmt":"2020-07-24T20:54:00","guid":{"rendered":"http:\/\/multimedium.eu\/?post_type=product&#038;p=74944"},"modified":"2025-03-13T09:30:54","modified_gmt":"2025-03-13T08:30:54","slug":"750-weissgold-ring-diamant-saphir-18ct-white-gold-diamond-sapphire","status":"publish","type":"product","link":"https:\/\/www.multimedium.eu\/?product=750-weissgold-ring-diamant-saphir-18ct-white-gold-diamond-sapphire","title":{"rendered":"750 Wei\u00dfgold Ring Diamant Saphir 18ct white gold diamond sapphire"},"content":{"rendered":"<h6>750 white gold ring diamond sapphire 18ct white gold diamond sapphire<\/h6>\n<p>Beautiful decorative vintage 750 white gold ring,<br \/>\nwith a 0.25ct round diamond<br \/>\nSI-SSI, color G-I,<br \/>\nand two fancy-cut blue sapphires<br \/>\nStamped in the ring band: 18ct<br \/>\nRing band inside labeled with date:<br \/>\n8 Sept 35 and Consuelo (Spanish: consolation)<br \/>\nin a good beautiful conditionRing size: 58 (18.4 mm \u00d8)<br \/>\nRing head width : 8.56 mm<br \/>\nDiamond diameter: 4.1 mm (0.25 ct)<br \/>\nDimensions of each sapphire: approx. 6.2 x 6.2 mm<br \/>\nTotal Weight: About 5g<\/p>\n","protected":false},"excerpt":{"rendered":"<div><strong>750 Wei\u00dfgold Ring Diamant Saphir 18ct white gold diamond sapphire<\/strong><\/div>\n<div><\/div>\n<div class=\"description\">Sch\u00f6ner dekorativer vintage 750er Wei\u00dfgold-Ring,<br \/>\nmit einem runden 0,25ct Diamanten<\/div>\n<div class=\"description\"><span style=\"font-size: large;\">SI-SSI, <\/span>Farbe G-I,<\/div>\n<div class=\"description\">und zwei blauen Saphiren im Phantasieschliff<br \/>\nin der Ringschiene gestempelt: 18ct<\/div>\n<div class=\"description\">Ringschiene innen beschriftet mit Datum:<\/div>\n<div class=\"description\">8. Sept 35 und Consuelo (Spanisch: Trost)<\/div>\n<div class=\"description\">in einem guten sch\u00f6nen ErhaltungszustandRinggr\u00f6\u00dfe: 58 (18,4 mm \u00d8)<br \/>\nBreite des Ringkopfs : 8,56 mm<br \/>\nDurchmesser des Diamanten: 4,1 mm (0,25 ct)<br \/>\nMa\u00dfe der Saphire je: ca. 6,2 x 6,2 mm<br \/>\nGesamtgewicht: ca. 5 g<\/div>\n<p>&nbsp;<\/p>\n","protected":false},"featured_media":74946,"template":"","meta":{"site-sidebar-layout":"default","site-content-layout":"default","ast-site-content-layout":"","site-content-style":"default","site-sidebar-style":"default","ast-global-header-display":"","ast-banner-title-visibility":"","ast-main-header-display":"","ast-hfb-above-header-display":"","ast-hfb-below-header-display":"","ast-hfb-mobile-header-display":"","site-post-title":"","ast-breadcrumbs-content":"","ast-featured-img":"","footer-sml-layout":"","theme-transparent-header-meta":"default","adv-header-id-meta":"","stick-header-meta":"","header-above-stick-meta":"","header-main-stick-meta":"","header-below-stick-meta":"","astra-migrate-meta-layouts":"default","ast-page-background-enabled":"default","ast-page-background-meta":{"desktop":{"background-color":"","background-image":"","background-repeat":"repeat","background-position":"center center","background-size":"auto","background-attachment":"scroll","background-type":"","background-media":"","overlay-type":"","overlay-color":"","overlay-opacity":"","overlay-gradient":""},"tablet":{"background-color":"","background-image":"","background-repeat":"repeat","background-position":"center center","background-size":"auto","background-attachment":"scroll","background-type":"","background-media":"","overlay-type":"","overlay-color":"","overlay-opacity":"","overlay-gradient":""},"mobile":{"background-color":"","background-image":"","background-repeat":"repeat","background-position":"center center","background-size":"auto","background-attachment":"scroll","background-type":"","background-media":"","overlay-type":"","overlay-color":"","overlay-opacity":"","overlay-gradient":""}},"ast-content-background-meta":{"desktop":{"background-color":"var(--ast-global-color-5)","background-image":"","background-repeat":"repeat","background-position":"center center","background-size":"auto","background-attachment":"scroll","background-type":"","background-media":"","overlay-type":"","overlay-color":"","overlay-opacity":"","overlay-gradient":""},"tablet":{"background-color":"var(--ast-global-color-5)","background-image":"","background-repeat":"repeat","background-position":"center center","background-size":"auto","background-attachment":"scroll","background-type":"","background-media":"","overlay-type":"","overlay-color":"","overlay-opacity":"","overlay-gradient":""},"mobile":{"background-color":"var(--ast-global-color-5)","background-image":"","background-repeat":"repeat","background-position":"center center","background-size":"auto","background-attachment":"scroll","background-type":"","background-media":"","overlay-type":"","overlay-color":"","overlay-opacity":"","overlay-gradient":""}}},"product_brand":[],"product_cat":[3806,3575,3564,3572,4322,3579,4791,4321],"product_tag":[3716,3713,3714,3710,3655,4792,4793,4756,4794],"class_list":{"0":"post-74944","1":"product","2":"type-product","3":"status-publish","4":"has-post-thumbnail","6":"product_cat-art-deco","7":"product_cat-diamant","8":"product_cat-gold","9":"product_cat-juwelen","10":"product_cat-periode","11":"product_cat-ringe","12":"product_cat-saphir","13":"product_cat-steine","14":"product_tag-art-deco","15":"product_tag-diamant","16":"product_tag-diamond","17":"product_tag-gold","18":"product_tag-ring","19":"product_tag-saphir","20":"product_tag-sapphire","21":"product_tag-weissgold","22":"product_tag-white-gold","23":"desktop-align-left","24":"tablet-align-left","25":"mobile-align-left","27":"first","28":"instock","29":"sold-individually","30":"shipping-taxable","31":"purchasable","32":"product-type-simple"},"_links":{"self":[{"href":"https:\/\/www.multimedium.eu\/index.php?rest_route=\/wp\/v2\/product\/74944","targetHints":{"allow":["GET"]}}],"collection":[{"href":"https:\/\/www.multimedium.eu\/index.php?rest_route=\/wp\/v2\/product"}],"about":[{"href":"https:\/\/www.multimedium.eu\/index.php?rest_route=\/wp\/v2\/types\/product"}],"version-history":[{"count":4,"href":"https:\/\/www.multimedium.eu\/index.php?rest_route=\/wp\/v2\/product\/74944\/revisions"}],"predecessor-version":[{"id":86039,"href":"https:\/\/www.multimedium.eu\/index.php?rest_route=\/wp\/v2\/product\/74944\/revisions\/86039"}],"wp:featuredmedia":[{"embeddable":true,"href":"https:\/\/www.multimedium.eu\/index.php?rest_route=\/wp\/v2\/media\/74946"}],"wp:attachment":[{"href":"https:\/\/www.multimedium.eu\/index.php?rest_route=%2Fwp%2Fv2%2Fmedia&parent=74944"}],"wp:term":[{"taxonomy":"product_brand","embeddable":true,"href":"https:\/\/www.multimedium.eu\/index.php?rest_route=%2Fwp%2Fv2%2Fproduct_brand&post=74944"},{"taxonomy":"product_cat","embeddable":true,"href":"https:\/\/www.multimedium.eu\/index.php?rest_route=%2Fwp%2Fv2%2Fproduct_cat&post=74944"},{"taxonomy":"product_tag","embeddable":true,"href":"https:\/\/www.multimedium.eu\/index.php?rest_route=%2Fwp%2Fv2%2Fproduct_tag&post=74944"}],"curies":[{"name":"wp","href":"https:\/\/api.w.org\/{rel}","templated":true}]}}