{"id":74950,"date":"2020-07-24T23:10:19","date_gmt":"2020-07-24T21:10:19","guid":{"rendered":"http:\/\/multimedium.eu\/?post_type=product&#038;p=74950"},"modified":"2025-03-13T09:30:54","modified_gmt":"2025-03-13T08:30:54","slug":"antiker-historismus-silber-emaille-anhaenger-neorenaissance-silver","status":"publish","type":"product","link":"https:\/\/www.multimedium.eu\/?product=antiker-historismus-silber-emaille-anhaenger-neorenaissance-silver","title":{"rendered":"Antiker Historismus Silber Emaille Anh\u00e4nger Neorenaissance silver"},"content":{"rendered":"<h6>Antique historicism silver enamel pendant Neo-Renaissance silver<\/h6>\n<p>Magnificent outstanding solid historicism silver pendant<br \/>\naround 1880,<br \/>\nworked in openwork,<br \/>\nwith enamel decorations on the front,<br \/>\ncan also be worn as a traditional costume pendant,<br \/>\nunmarked, tested for silver, (at least 800 silver) in good, worn condition<\/p>\n<p>Height without hanger: 4.35 cm<br \/>\nHeight with hanger: 2 inches<br \/>\nWidth: 4 cm<\/p>\n","protected":false},"excerpt":{"rendered":"<h6><strong>Antiker Historismus Silber Emaille Anh\u00e4nger Neorenaissance silver<\/strong><\/h6>\n<div><\/div>\n<div class=\"description\">Prachtvoller ausgefallener massiver Historismus Silber Anh\u00e4nger<\/div>\n<div class=\"description\">um 1880,<br \/>\ndurchbrochen gearbeitet,<br \/>\nmit Emailleverzierungen auf der Vorderseite,<br \/>\nauch als Trachten-Anh\u00e4nger zu tragen,<br \/>\nungestempelt, auf Silber gepr\u00fcft, (mindestens 800er Silber)in einem guten getragenen ErhaltungszustandH\u00f6he ohne Aufh\u00e4nger : 4,35 cm<br \/>\nH\u00f6he mit Aufh\u00e4nger: 5,1 cm<br \/>\nBreite : 4 cm<\/div>\n<p>&nbsp;<\/p>\n","protected":false},"featured_media":74956,"template":"","meta":{"site-sidebar-layout":"default","site-content-layout":"default","ast-site-content-layout":"default","site-content-style":"default","site-sidebar-style":"default","ast-global-header-display":"","ast-banner-title-visibility":"","ast-main-header-display":"","ast-hfb-above-header-display":"","ast-hfb-below-header-display":"","ast-hfb-mobile-header-display":"","site-post-title":"","ast-breadcrumbs-content":"","ast-featured-img":"","footer-sml-layout":"","theme-transparent-header-meta":"default","adv-header-id-meta":"","stick-header-meta":"","header-above-stick-meta":"","header-main-stick-meta":"","header-below-stick-meta":"","astra-migrate-meta-layouts":"set","ast-page-background-enabled":"default","ast-page-background-meta":{"desktop":{"background-color":"","background-image":"","background-repeat":"repeat","background-position":"center center","background-size":"auto","background-attachment":"scroll","background-type":"","background-media":"","overlay-type":"","overlay-color":"","overlay-opacity":"","overlay-gradient":""},"tablet":{"background-color":"","background-image":"","background-repeat":"repeat","background-position":"center center","background-size":"auto","background-attachment":"scroll","background-type":"","background-media":"","overlay-type":"","overlay-color":"","overlay-opacity":"","overlay-gradient":""},"mobile":{"background-color":"","background-image":"","background-repeat":"repeat","background-position":"center center","background-size":"auto","background-attachment":"scroll","background-type":"","background-media":"","overlay-type":"","overlay-color":"","overlay-opacity":"","overlay-gradient":""}},"ast-content-background-meta":{"desktop":{"background-color":"var(--ast-global-color-5)","background-image":"","background-repeat":"repeat","background-position":"center center","background-size":"auto","background-attachment":"scroll","background-type":"","background-media":"","overlay-type":"","overlay-color":"","overlay-opacity":"","overlay-gradient":""},"tablet":{"background-color":"var(--ast-global-color-5)","background-image":"","background-repeat":"repeat","background-position":"center center","background-size":"auto","background-attachment":"scroll","background-type":"","background-media":"","overlay-type":"","overlay-color":"","overlay-opacity":"","overlay-gradient":""},"mobile":{"background-color":"var(--ast-global-color-5)","background-image":"","background-repeat":"repeat","background-position":"center center","background-size":"auto","background-attachment":"scroll","background-type":"","background-media":"","overlay-type":"","overlay-color":"","overlay-opacity":"","overlay-gradient":""}}},"product_brand":[],"product_cat":[3598,4121,4322,4325,4321],"product_tag":[3647,3639,3654,3980,3341,3641,3342],"class_list":{"0":"post-74950","1":"product","2":"type-product","3":"status-publish","4":"has-post-thumbnail","6":"product_cat-emaille","7":"product_cat-historismus","8":"product_cat-periode","9":"product_cat-silber","10":"product_cat-steine","11":"product_tag-anhaenger","12":"product_tag-emaille","13":"product_tag-enamel","14":"product_tag-historismus","15":"product_tag-pendant","16":"product_tag-silber","17":"product_tag-silver","18":"desktop-align-left","19":"tablet-align-left","20":"mobile-align-left","22":"first","23":"instock","24":"sold-individually","25":"shipping-taxable","26":"purchasable","27":"product-type-simple"},"_links":{"self":[{"href":"https:\/\/www.multimedium.eu\/index.php?rest_route=\/wp\/v2\/product\/74950","targetHints":{"allow":["GET"]}}],"collection":[{"href":"https:\/\/www.multimedium.eu\/index.php?rest_route=\/wp\/v2\/product"}],"about":[{"href":"https:\/\/www.multimedium.eu\/index.php?rest_route=\/wp\/v2\/types\/product"}],"version-history":[{"count":5,"href":"https:\/\/www.multimedium.eu\/index.php?rest_route=\/wp\/v2\/product\/74950\/revisions"}],"predecessor-version":[{"id":89285,"href":"https:\/\/www.multimedium.eu\/index.php?rest_route=\/wp\/v2\/product\/74950\/revisions\/89285"}],"wp:featuredmedia":[{"embeddable":true,"href":"https:\/\/www.multimedium.eu\/index.php?rest_route=\/wp\/v2\/media\/74956"}],"wp:attachment":[{"href":"https:\/\/www.multimedium.eu\/index.php?rest_route=%2Fwp%2Fv2%2Fmedia&parent=74950"}],"wp:term":[{"taxonomy":"product_brand","embeddable":true,"href":"https:\/\/www.multimedium.eu\/index.php?rest_route=%2Fwp%2Fv2%2Fproduct_brand&post=74950"},{"taxonomy":"product_cat","embeddable":true,"href":"https:\/\/www.multimedium.eu\/index.php?rest_route=%2Fwp%2Fv2%2Fproduct_cat&post=74950"},{"taxonomy":"product_tag","embeddable":true,"href":"https:\/\/www.multimedium.eu\/index.php?rest_route=%2Fwp%2Fv2%2Fproduct_tag&post=74950"}],"curies":[{"name":"wp","href":"https:\/\/api.w.org\/{rel}","templated":true}]}}