{"id":75206,"date":"2020-07-26T22:49:30","date_gmt":"2020-07-26T20:49:30","guid":{"rendered":"http:\/\/multimedium.eu\/?post_type=product&#038;p=75206"},"modified":"2025-03-13T09:30:49","modified_gmt":"2025-03-13T08:30:49","slug":"585-er-gold-kreuz-anhaenger-diamant-brillant-saphir-safir-cross-pendant-diamond","status":"publish","type":"product","link":"https:\/\/www.multimedium.eu\/?product=585-er-gold-kreuz-anhaenger-diamant-brillant-saphir-safir-cross-pendant-diamond","title":{"rendered":"585 er Gold Kreuz Anh\u00e4nger Diamant Brillant Saphir Safir cross pendant diamond"},"content":{"rendered":"","protected":false},"excerpt":{"rendered":"<p>-VERKAUFT &#8211;<\/p>\n<p><strong>585 er Gold Kreuz Anh\u00e4nger Diamant Brillant Saphir Safir cross pendant diamond<\/strong><\/p>\n<p>Prachtvolles 585er Gold-Kreuz<br \/>\nmit 21 geschliffenen und gefassten Brillanten<br \/>\nDurchmesser je 1,9-2 mm pro Stein (=0,03ct) (insgesamt ca 0,6 ct)<br \/>\nund 3 ovale Saphir-Cabochons (je ca 6x4mm)<br \/>\njeweils an den 3 Seiten der Kreuz-Enden gefasst<br \/>\nan der \u00d6se gestempelt: 585 mit Herstellerpunze<\/p>\n<p>guter sch\u00f6ner Erhaltungszustand<\/p>\n<p>H\u00f6he incl. Aufh\u00e4nger-\u00d6se : 5,2 cm<br \/>\nBreite : 3,1 cm<br \/>\nGesamgewicht: 7,8 g<br \/>\n\u00d6se Innenma\u00df: H\u00f6he 7,5 mm, Breite 3mm<\/p>\n","protected":false},"featured_media":75213,"template":"","meta":{"site-sidebar-layout":"default","site-content-layout":"default","ast-site-content-layout":"","site-content-style":"default","site-sidebar-style":"default","ast-global-header-display":"","ast-banner-title-visibility":"","ast-main-header-display":"","ast-hfb-above-header-display":"","ast-hfb-below-header-display":"","ast-hfb-mobile-header-display":"","site-post-title":"","ast-breadcrumbs-content":"","ast-featured-img":"","footer-sml-layout":"","theme-transparent-header-meta":"default","adv-header-id-meta":"","stick-header-meta":"","header-above-stick-meta":"","header-main-stick-meta":"","header-below-stick-meta":"","astra-migrate-meta-layouts":"default","ast-page-background-enabled":"default","ast-page-background-meta":{"desktop":{"background-color":"","background-image":"","background-repeat":"repeat","background-position":"center center","background-size":"auto","background-attachment":"scroll","background-type":"","background-media":"","overlay-type":"","overlay-color":"","overlay-opacity":"","overlay-gradient":""},"tablet":{"background-color":"","background-image":"","background-repeat":"repeat","background-position":"center center","background-size":"auto","background-attachment":"scroll","background-type":"","background-media":"","overlay-type":"","overlay-color":"","overlay-opacity":"","overlay-gradient":""},"mobile":{"background-color":"","background-image":"","background-repeat":"repeat","background-position":"center center","background-size":"auto","background-attachment":"scroll","background-type":"","background-media":"","overlay-type":"","overlay-color":"","overlay-opacity":"","overlay-gradient":""}},"ast-content-background-meta":{"desktop":{"background-color":"var(--ast-global-color-5)","background-image":"","background-repeat":"repeat","background-position":"center center","background-size":"auto","background-attachment":"scroll","background-type":"","background-media":"","overlay-type":"","overlay-color":"","overlay-opacity":"","overlay-gradient":""},"tablet":{"background-color":"var(--ast-global-color-5)","background-image":"","background-repeat":"repeat","background-position":"center center","background-size":"auto","background-attachment":"scroll","background-type":"","background-media":"","overlay-type":"","overlay-color":"","overlay-opacity":"","overlay-gradient":""},"mobile":{"background-color":"var(--ast-global-color-5)","background-image":"","background-repeat":"repeat","background-position":"center center","background-size":"auto","background-attachment":"scroll","background-type":"","background-media":"","overlay-type":"","overlay-color":"","overlay-opacity":"","overlay-gradient":""}}},"product_brand":[],"product_cat":[4450,3575,3564,3572,4832,4365,4322,4791,4321,4320,4833],"product_tag":[3647,3675,4834,3714,3710,3674,3341,4792,4793,4215,4756],"class_list":{"0":"post-75206","1":"product","2":"type-product","3":"status-publish","4":"has-post-thumbnail","6":"product_cat-anhaenger","7":"product_cat-diamant","8":"product_cat-gold","9":"product_cat-juwelen","10":"product_cat-kreuz","11":"product_cat-modernist","12":"product_cat-periode","13":"product_cat-saphir","14":"product_cat-steine","15":"product_cat-verkauft","16":"product_cat-weissgold","17":"product_tag-anhaenger","18":"product_tag-cross","19":"product_tag-diamand","20":"product_tag-diamond","21":"product_tag-gold","22":"product_tag-kreuz","23":"product_tag-pendant","24":"product_tag-saphir","25":"product_tag-sapphire","26":"product_tag-verkauft","27":"product_tag-weissgold","28":"desktop-align-left","29":"tablet-align-left","30":"mobile-align-left","32":"first","33":"outofstock","34":"sold-individually","35":"shipping-taxable","36":"product-type-simple"},"_links":{"self":[{"href":"https:\/\/www.multimedium.eu\/index.php?rest_route=\/wp\/v2\/product\/75206","targetHints":{"allow":["GET"]}}],"collection":[{"href":"https:\/\/www.multimedium.eu\/index.php?rest_route=\/wp\/v2\/product"}],"about":[{"href":"https:\/\/www.multimedium.eu\/index.php?rest_route=\/wp\/v2\/types\/product"}],"version-history":[{"count":4,"href":"https:\/\/www.multimedium.eu\/index.php?rest_route=\/wp\/v2\/product\/75206\/revisions"}],"predecessor-version":[{"id":87710,"href":"https:\/\/www.multimedium.eu\/index.php?rest_route=\/wp\/v2\/product\/75206\/revisions\/87710"}],"wp:featuredmedia":[{"embeddable":true,"href":"https:\/\/www.multimedium.eu\/index.php?rest_route=\/wp\/v2\/media\/75213"}],"wp:attachment":[{"href":"https:\/\/www.multimedium.eu\/index.php?rest_route=%2Fwp%2Fv2%2Fmedia&parent=75206"}],"wp:term":[{"taxonomy":"product_brand","embeddable":true,"href":"https:\/\/www.multimedium.eu\/index.php?rest_route=%2Fwp%2Fv2%2Fproduct_brand&post=75206"},{"taxonomy":"product_cat","embeddable":true,"href":"https:\/\/www.multimedium.eu\/index.php?rest_route=%2Fwp%2Fv2%2Fproduct_cat&post=75206"},{"taxonomy":"product_tag","embeddable":true,"href":"https:\/\/www.multimedium.eu\/index.php?rest_route=%2Fwp%2Fv2%2Fproduct_tag&post=75206"}],"curies":[{"name":"wp","href":"https:\/\/api.w.org\/{rel}","templated":true}]}}