{"id":75252,"date":"2020-07-27T23:37:26","date_gmt":"2020-07-27T21:37:26","guid":{"rendered":"http:\/\/multimedium.eu\/?post_type=product&#038;p=75252"},"modified":"2025-03-13T09:30:48","modified_gmt":"2025-03-13T08:30:48","slug":"art-deco-750-18kt-gold-lavaliere-collier-halskette-diamond-necklace","status":"publish","type":"product","link":"https:\/\/www.multimedium.eu\/?product=art-deco-750-18kt-gold-lavaliere-collier-halskette-diamond-necklace","title":{"rendered":"Art Deco 750 18kt Gold Lavaliere Collier Halskette diamond necklace"},"content":{"rendered":"","protected":false},"excerpt":{"rendered":"<p>&#8211; VERKAUFT &#8211;<\/p>\n<p><strong>Art Deco 750 18kt Gold Lavaliere Collier Halskette diamond necklace<\/strong><\/p>\n<p>Ausgefallenes sch\u00f6nes Art Deco Lavaliere Gold Collier mit Diamanten<br \/>\nHalskette in 585 Wei\u00dfgold und Mittelteil in 750er Gelbgold mit Wei\u00dfgold platiert<br \/>\n9 Diamanten insgesamt ca. 0,41ct davon 3 gr\u00f6\u00dfere (2 x 0,05ct und 0,11ct)<br \/>\nund 6 kleinere (4 x 0,03ct und 2 x 0,04ct)<br \/>\ndie gr\u00f6\u00dferen Steine sind in einer quadratischen Fassung gefasst<br \/>\nSt\u00e4be mit Zierelementen an einh\u00e4ngender \u00d6se beweglich<br \/>\nCollier in einer guten massiven Verarbeitung<br \/>\nmit einem Gesamt-Gewicht von: 5,1g<\/p>\n<p>Kette gestempelt: 585<br \/>\nAnh\u00e4nger r\u00fcckseitig gestempelt: 750, Herstellerpunze<br \/>\nin einem guten sch\u00f6nen Erhaltungszustand<\/p>\n<p>Breite des Mittelteils (von \u00d6se zu \u00d6se):\u00a0 1,4 cm<br \/>\nH\u00f6he des Mittelteils: 4,4 cm<br \/>\nGesamtl\u00e4nge der Kette : 46,5 cm<\/p>\n","protected":false},"featured_media":75254,"template":"","meta":{"site-sidebar-layout":"default","site-content-layout":"default","ast-site-content-layout":"","site-content-style":"default","site-sidebar-style":"default","ast-global-header-display":"","ast-banner-title-visibility":"","ast-main-header-display":"","ast-hfb-above-header-display":"","ast-hfb-below-header-display":"","ast-hfb-mobile-header-display":"","site-post-title":"","ast-breadcrumbs-content":"","ast-featured-img":"","footer-sml-layout":"","theme-transparent-header-meta":"default","adv-header-id-meta":"","stick-header-meta":"","header-above-stick-meta":"","header-main-stick-meta":"","header-below-stick-meta":"","astra-migrate-meta-layouts":"default","ast-page-background-enabled":"default","ast-page-background-meta":{"desktop":{"background-color":"","background-image":"","background-repeat":"repeat","background-position":"center center","background-size":"auto","background-attachment":"scroll","background-type":"","background-media":"","overlay-type":"","overlay-color":"","overlay-opacity":"","overlay-gradient":""},"tablet":{"background-color":"","background-image":"","background-repeat":"repeat","background-position":"center center","background-size":"auto","background-attachment":"scroll","background-type":"","background-media":"","overlay-type":"","overlay-color":"","overlay-opacity":"","overlay-gradient":""},"mobile":{"background-color":"","background-image":"","background-repeat":"repeat","background-position":"center center","background-size":"auto","background-attachment":"scroll","background-type":"","background-media":"","overlay-type":"","overlay-color":"","overlay-opacity":"","overlay-gradient":""}},"ast-content-background-meta":{"desktop":{"background-color":"var(--ast-global-color-5)","background-image":"","background-repeat":"repeat","background-position":"center center","background-size":"auto","background-attachment":"scroll","background-type":"","background-media":"","overlay-type":"","overlay-color":"","overlay-opacity":"","overlay-gradient":""},"tablet":{"background-color":"var(--ast-global-color-5)","background-image":"","background-repeat":"repeat","background-position":"center center","background-size":"auto","background-attachment":"scroll","background-type":"","background-media":"","overlay-type":"","overlay-color":"","overlay-opacity":"","overlay-gradient":""},"mobile":{"background-color":"var(--ast-global-color-5)","background-image":"","background-repeat":"repeat","background-position":"center center","background-size":"auto","background-attachment":"scroll","background-type":"","background-media":"","overlay-type":"","overlay-color":"","overlay-opacity":"","overlay-gradient":""}}},"product_brand":[],"product_cat":[3806,3575,3564,3572,3582,4322,4321,4320,4833],"product_tag":[3716,3649,3713,4844,3714,4764,3710,4843,4215,4756],"class_list":{"0":"post-75252","1":"product","2":"type-product","3":"status-publish","4":"has-post-thumbnail","6":"product_cat-art-deco","7":"product_cat-diamant","8":"product_cat-gold","9":"product_cat-juwelen","10":"product_cat-ketten-colliers","11":"product_cat-periode","12":"product_cat-steine","13":"product_cat-verkauft","14":"product_cat-weissgold","15":"product_tag-art-deco","16":"product_tag-collier","17":"product_tag-diamant","18":"product_tag-diamanten","19":"product_tag-diamond","20":"product_tag-gelbgold","21":"product_tag-gold","22":"product_tag-lavaliere","23":"product_tag-verkauft","24":"product_tag-weissgold","25":"desktop-align-left","26":"tablet-align-left","27":"mobile-align-left","29":"first","30":"outofstock","31":"sold-individually","32":"shipping-taxable","33":"product-type-simple"},"_links":{"self":[{"href":"https:\/\/www.multimedium.eu\/index.php?rest_route=\/wp\/v2\/product\/75252","targetHints":{"allow":["GET"]}}],"collection":[{"href":"https:\/\/www.multimedium.eu\/index.php?rest_route=\/wp\/v2\/product"}],"about":[{"href":"https:\/\/www.multimedium.eu\/index.php?rest_route=\/wp\/v2\/types\/product"}],"version-history":[{"count":5,"href":"https:\/\/www.multimedium.eu\/index.php?rest_route=\/wp\/v2\/product\/75252\/revisions"}],"predecessor-version":[{"id":87723,"href":"https:\/\/www.multimedium.eu\/index.php?rest_route=\/wp\/v2\/product\/75252\/revisions\/87723"}],"wp:featuredmedia":[{"embeddable":true,"href":"https:\/\/www.multimedium.eu\/index.php?rest_route=\/wp\/v2\/media\/75254"}],"wp:attachment":[{"href":"https:\/\/www.multimedium.eu\/index.php?rest_route=%2Fwp%2Fv2%2Fmedia&parent=75252"}],"wp:term":[{"taxonomy":"product_brand","embeddable":true,"href":"https:\/\/www.multimedium.eu\/index.php?rest_route=%2Fwp%2Fv2%2Fproduct_brand&post=75252"},{"taxonomy":"product_cat","embeddable":true,"href":"https:\/\/www.multimedium.eu\/index.php?rest_route=%2Fwp%2Fv2%2Fproduct_cat&post=75252"},{"taxonomy":"product_tag","embeddable":true,"href":"https:\/\/www.multimedium.eu\/index.php?rest_route=%2Fwp%2Fv2%2Fproduct_tag&post=75252"}],"curies":[{"name":"wp","href":"https:\/\/api.w.org\/{rel}","templated":true}]}}