{"id":75307,"date":"2020-07-28T21:37:28","date_gmt":"2020-07-28T19:37:28","guid":{"rendered":"http:\/\/multimedium.eu\/?post_type=product&#038;p=75307"},"modified":"2025-03-13T09:30:47","modified_gmt":"2025-03-13T08:30:47","slug":"art-deco-murano-glas-kette-halskette-facettiert-necklace-millefiori","status":"publish","type":"product","link":"https:\/\/www.multimedium.eu\/?product=art-deco-murano-glas-kette-halskette-facettiert-necklace-millefiori","title":{"rendered":"Art Deco Murano Glas Kette Halskette facettiert necklace millefiori"},"content":{"rendered":"<p>Rare Decorative Antique Art Deco Murano Millefiori Glass Necklace from the 1930s<br \/>\nhandcrafted with beautiful multicolored facetted cut glass beads with glass seals,<br \/>\nin a strikingly beautiful color scheme, collector&#8217;s item,<br \/>\nnewly strung on pearl silk with intermediate pearls,<br \/>\nSpring ring lock and capsules in doubl\u00e9 (rolled gold)<\/p>\n<p>in a good, beautiful condition<\/p>\n<p>Length: 18,7&#8243; (47.5 cm)<br \/>\nDimensions of the largest olive (L x Dm): approx. 1,09&#8243; x 0,71&#8243; cm (2.78 x 1.8 cm)<\/p>\n","protected":false},"excerpt":{"rendered":"<p><strong>Art Deco Murano Glas Kette Halskette facettiert necklace millefiori<\/strong><\/p>\n<p>Seltene dekorative antike Art Deco Murano Millefiori Glas Halskette<br \/>\naus den 30er Jahren<br \/>\nmit sch\u00f6nen bunten facettiert geschliffenen Glasperlen mit Glaseinschmelzungen,<br \/>\nin Handarbeit gefertigt,<br \/>\nin einer auff\u00e4llig sch\u00f6nen Farbgebung, Sammlerst\u00fcck,<br \/>\nneu auf Perlseide aufgezogen mit Zwischenperlen,<br \/>\nFederring-Verschlu\u00df und Kapseln in Doubl\u00e9<\/p>\n<p>in einem guten sch\u00f6nen Erhaltungszustand<\/p>\n<p>L\u00e4nge : 47,5 cm<br \/>\nMa\u00df der gr\u00f6\u00dften Olive (L x Dm): ca. 2,78 x 1,8 cm<\/p>\n","protected":false},"featured_media":75308,"template":"","meta":{"site-sidebar-layout":"default","site-content-layout":"default","ast-site-content-layout":"default","site-content-style":"default","site-sidebar-style":"default","ast-global-header-display":"","ast-banner-title-visibility":"","ast-main-header-display":"","ast-hfb-above-header-display":"","ast-hfb-below-header-display":"","ast-hfb-mobile-header-display":"","site-post-title":"","ast-breadcrumbs-content":"","ast-featured-img":"","footer-sml-layout":"","theme-transparent-header-meta":"default","adv-header-id-meta":"","stick-header-meta":"","header-above-stick-meta":"","header-main-stick-meta":"","header-below-stick-meta":"","astra-migrate-meta-layouts":"set","ast-page-background-enabled":"default","ast-page-background-meta":{"desktop":{"background-color":"","background-image":"","background-repeat":"repeat","background-position":"center center","background-size":"auto","background-attachment":"scroll","background-type":"","background-media":"","overlay-type":"","overlay-color":"","overlay-opacity":"","overlay-gradient":""},"tablet":{"background-color":"","background-image":"","background-repeat":"repeat","background-position":"center center","background-size":"auto","background-attachment":"scroll","background-type":"","background-media":"","overlay-type":"","overlay-color":"","overlay-opacity":"","overlay-gradient":""},"mobile":{"background-color":"","background-image":"","background-repeat":"repeat","background-position":"center center","background-size":"auto","background-attachment":"scroll","background-type":"","background-media":"","overlay-type":"","overlay-color":"","overlay-opacity":"","overlay-gradient":""}},"ast-content-background-meta":{"desktop":{"background-color":"var(--ast-global-color-5)","background-image":"","background-repeat":"repeat","background-position":"center center","background-size":"auto","background-attachment":"scroll","background-type":"","background-media":"","overlay-type":"","overlay-color":"","overlay-opacity":"","overlay-gradient":""},"tablet":{"background-color":"var(--ast-global-color-5)","background-image":"","background-repeat":"repeat","background-position":"center center","background-size":"auto","background-attachment":"scroll","background-type":"","background-media":"","overlay-type":"","overlay-color":"","overlay-opacity":"","overlay-gradient":""},"mobile":{"background-color":"var(--ast-global-color-5)","background-image":"","background-repeat":"repeat","background-position":"center center","background-size":"auto","background-attachment":"scroll","background-type":"","background-media":"","overlay-type":"","overlay-color":"","overlay-opacity":"","overlay-gradient":""}}},"product_brand":[],"product_cat":[3806,3572,3582,4858,4322,4321],"product_tag":[3716,9068,5634,9070,3649,3760,3972,3761,9072,3650,4084,9046,9047,4536,9054,9056,9071,9052,9053,8984,9055,9067,9069,9065,9049,9051,9050,9048,3652,9066,3993],"class_list":{"0":"post-75307","1":"product","2":"type-product","3":"status-publish","4":"has-post-thumbnail","6":"product_cat-art-deco","7":"product_cat-juwelen","8":"product_cat-ketten-colliers","9":"product_cat-millefiori","10":"product_cat-periode","11":"product_cat-steine","12":"product_tag-art-deco","13":"product_tag-beaded-glass-jewelry-blown-in-venice-by-murano","14":"product_tag-beads","15":"product_tag-bijoux-handmade-in-italy","16":"product_tag-collier","17":"product_tag-glas","18":"product_tag-glasperlen","19":"product_tag-glass","20":"product_tag-glass-of-venice-murano-mosaic-necklace","21":"product_tag-halskette","22":"product_tag-millefiori","23":"product_tag-millefiori-halskette","24":"product_tag-millefiori-necklace","25":"product_tag-murano","26":"product_tag-murano-beads","27":"product_tag-murano-glas","28":"product_tag-murano-glas-ketten-aus-italien","29":"product_tag-murano-glasperlen","30":"product_tag-murano-glasperlen-halskette","31":"product_tag-murano-glass","32":"product_tag-murano-glass-beads","33":"product_tag-murano-glass-jewellery","34":"product_tag-murano-glass-jewelry","35":"product_tag-murano-glass-necklaces","36":"product_tag-murano-halskette","37":"product_tag-murano-millefiori-halskette","38":"product_tag-murano-millefiori-necklace","39":"product_tag-murano-necklace","40":"product_tag-necklace","41":"product_tag-necklaces-in-original-murano-glass-with-venetian-beads","42":"product_tag-vintage","43":"desktop-align-left","44":"tablet-align-left","45":"mobile-align-left","47":"first","48":"instock","49":"sold-individually","50":"shipping-taxable","51":"purchasable","52":"product-type-simple"},"_links":{"self":[{"href":"https:\/\/www.multimedium.eu\/index.php?rest_route=\/wp\/v2\/product\/75307","targetHints":{"allow":["GET"]}}],"collection":[{"href":"https:\/\/www.multimedium.eu\/index.php?rest_route=\/wp\/v2\/product"}],"about":[{"href":"https:\/\/www.multimedium.eu\/index.php?rest_route=\/wp\/v2\/types\/product"}],"version-history":[{"count":5,"href":"https:\/\/www.multimedium.eu\/index.php?rest_route=\/wp\/v2\/product\/75307\/revisions"}],"predecessor-version":[{"id":82784,"href":"https:\/\/www.multimedium.eu\/index.php?rest_route=\/wp\/v2\/product\/75307\/revisions\/82784"}],"wp:featuredmedia":[{"embeddable":true,"href":"https:\/\/www.multimedium.eu\/index.php?rest_route=\/wp\/v2\/media\/75308"}],"wp:attachment":[{"href":"https:\/\/www.multimedium.eu\/index.php?rest_route=%2Fwp%2Fv2%2Fmedia&parent=75307"}],"wp:term":[{"taxonomy":"product_brand","embeddable":true,"href":"https:\/\/www.multimedium.eu\/index.php?rest_route=%2Fwp%2Fv2%2Fproduct_brand&post=75307"},{"taxonomy":"product_cat","embeddable":true,"href":"https:\/\/www.multimedium.eu\/index.php?rest_route=%2Fwp%2Fv2%2Fproduct_cat&post=75307"},{"taxonomy":"product_tag","embeddable":true,"href":"https:\/\/www.multimedium.eu\/index.php?rest_route=%2Fwp%2Fv2%2Fproduct_tag&post=75307"}],"curies":[{"name":"wp","href":"https:\/\/api.w.org\/{rel}","templated":true}]}}