{"id":75426,"date":"2020-07-30T00:44:26","date_gmt":"2020-07-29T22:44:26","guid":{"rendered":"http:\/\/multimedium.eu\/?post_type=product&#038;p=75426"},"modified":"2025-03-13T09:30:42","modified_gmt":"2025-03-13T08:30:42","slug":"antiker-prachtvoller-14k-gold-ring-opal-rotgold-antik-antique-milchopal-red-gold","status":"publish","type":"product","link":"https:\/\/www.multimedium.eu\/?product=antiker-prachtvoller-14k-gold-ring-opal-rotgold-antik-antique-milchopal-red-gold","title":{"rendered":"Antiker prachtvoller 14k Gold Ring Opal Rotgold Antik antique Milchopal red gold"},"content":{"rendered":"","protected":false},"excerpt":{"rendered":"<p><strong>Antiker prachtvoller 14k Gold Ring Opal Rotgold Antik antique Milchopal red gold<\/strong><\/p>\n<p>Antiker prachtvoller gro\u00dfer 14 Karat Gold Ring mit Opal um 1900<br \/>\nmit einem gefassten ovalen Milch-Opal-Cabochon,<br \/>\nim Licht sch\u00f6n schimmernd<br \/>\nreliefierte Ringschiene, Handarbeit<br \/>\ngestempelt: A Hundekopf 4 (Wien, \u00d6sterrreich)<br \/>\nbandf\u00f6rmige Verzierung an der Ringschiene berieben<\/p>\n<p>guter Erhaltungszustand mit Gebrauchsspuren<\/p>\n<p>Ringgr\u00f6\u00dfe: 58\u00a0 (18,4 mm Dm)<br \/>\nGr\u00f6\u00dfe des Ringkopfs (Au\u00dfenma\u00dfe) : 1,3 cm x 1,2 cm<\/p>\n","protected":false},"featured_media":75432,"template":"","meta":{"site-sidebar-layout":"default","site-content-layout":"default","ast-site-content-layout":"","site-content-style":"default","site-sidebar-style":"default","ast-global-header-display":"","ast-banner-title-visibility":"","ast-main-header-display":"","ast-hfb-above-header-display":"","ast-hfb-below-header-display":"","ast-hfb-mobile-header-display":"","site-post-title":"","ast-breadcrumbs-content":"","ast-featured-img":"","footer-sml-layout":"","theme-transparent-header-meta":"default","adv-header-id-meta":"","stick-header-meta":"","header-above-stick-meta":"","header-main-stick-meta":"","header-below-stick-meta":"","astra-migrate-meta-layouts":"default","ast-page-background-enabled":"default","ast-page-background-meta":{"desktop":{"background-color":"","background-image":"","background-repeat":"repeat","background-position":"center center","background-size":"auto","background-attachment":"scroll","background-type":"","background-media":"","overlay-type":"","overlay-color":"","overlay-opacity":"","overlay-gradient":""},"tablet":{"background-color":"","background-image":"","background-repeat":"repeat","background-position":"center center","background-size":"auto","background-attachment":"scroll","background-type":"","background-media":"","overlay-type":"","overlay-color":"","overlay-opacity":"","overlay-gradient":""},"mobile":{"background-color":"","background-image":"","background-repeat":"repeat","background-position":"center center","background-size":"auto","background-attachment":"scroll","background-type":"","background-media":"","overlay-type":"","overlay-color":"","overlay-opacity":"","overlay-gradient":""}},"ast-content-background-meta":{"desktop":{"background-color":"var(--ast-global-color-5)","background-image":"","background-repeat":"repeat","background-position":"center center","background-size":"auto","background-attachment":"scroll","background-type":"","background-media":"","overlay-type":"","overlay-color":"","overlay-opacity":"","overlay-gradient":""},"tablet":{"background-color":"var(--ast-global-color-5)","background-image":"","background-repeat":"repeat","background-position":"center center","background-size":"auto","background-attachment":"scroll","background-type":"","background-media":"","overlay-type":"","overlay-color":"","overlay-opacity":"","overlay-gradient":""},"mobile":{"background-color":"var(--ast-global-color-5)","background-image":"","background-repeat":"repeat","background-position":"center center","background-size":"auto","background-attachment":"scroll","background-type":"","background-media":"","overlay-type":"","overlay-color":"","overlay-opacity":"","overlay-gradient":""}}},"product_brand":[],"product_cat":[3564,3559,3572,4860,4322,3579,4321],"product_tag":[3700,3710,3698,4861,3655],"class_list":{"0":"post-75426","1":"product","2":"type-product","3":"status-publish","4":"has-post-thumbnail","6":"product_cat-gold","7":"product_cat-jugendstil","8":"product_cat-juwelen","9":"product_cat-opal","10":"product_cat-periode","11":"product_cat-ringe","12":"product_cat-steine","13":"product_tag-art-nouveau","14":"product_tag-gold","15":"product_tag-jugendstil","16":"product_tag-opal","17":"product_tag-ring","18":"desktop-align-left","19":"tablet-align-left","20":"mobile-align-left","22":"first","23":"instock","24":"sold-individually","25":"shipping-taxable","26":"purchasable","27":"product-type-simple"},"_links":{"self":[{"href":"https:\/\/www.multimedium.eu\/index.php?rest_route=\/wp\/v2\/product\/75426","targetHints":{"allow":["GET"]}}],"collection":[{"href":"https:\/\/www.multimedium.eu\/index.php?rest_route=\/wp\/v2\/product"}],"about":[{"href":"https:\/\/www.multimedium.eu\/index.php?rest_route=\/wp\/v2\/types\/product"}],"version-history":[{"count":2,"href":"https:\/\/www.multimedium.eu\/index.php?rest_route=\/wp\/v2\/product\/75426\/revisions"}],"predecessor-version":[{"id":83550,"href":"https:\/\/www.multimedium.eu\/index.php?rest_route=\/wp\/v2\/product\/75426\/revisions\/83550"}],"wp:featuredmedia":[{"embeddable":true,"href":"https:\/\/www.multimedium.eu\/index.php?rest_route=\/wp\/v2\/media\/75432"}],"wp:attachment":[{"href":"https:\/\/www.multimedium.eu\/index.php?rest_route=%2Fwp%2Fv2%2Fmedia&parent=75426"}],"wp:term":[{"taxonomy":"product_brand","embeddable":true,"href":"https:\/\/www.multimedium.eu\/index.php?rest_route=%2Fwp%2Fv2%2Fproduct_brand&post=75426"},{"taxonomy":"product_cat","embeddable":true,"href":"https:\/\/www.multimedium.eu\/index.php?rest_route=%2Fwp%2Fv2%2Fproduct_cat&post=75426"},{"taxonomy":"product_tag","embeddable":true,"href":"https:\/\/www.multimedium.eu\/index.php?rest_route=%2Fwp%2Fv2%2Fproduct_tag&post=75426"}],"curies":[{"name":"wp","href":"https:\/\/api.w.org\/{rel}","templated":true}]}}