{"id":75773,"date":"2020-08-02T23:12:02","date_gmt":"2020-08-02T21:12:02","guid":{"rendered":"http:\/\/multimedium.eu\/?post_type=product&#038;p=75773"},"modified":"2025-03-13T09:30:37","modified_gmt":"2025-03-13T08:30:37","slug":"jugendstil-silber-vergoldet-anhaenger-amethyst-stil-wiener-werkstaette","status":"publish","type":"product","link":"https:\/\/www.multimedium.eu\/?product=jugendstil-silber-vergoldet-anhaenger-amethyst-stil-wiener-werkstaette","title":{"rendered":"Jugendstil Silber vergoldet Anh\u00e4nger Amethyst Stil Wiener Werkst\u00e4tte"},"content":{"rendered":"","protected":false},"excerpt":{"rendered":"<p><strong>Jugendstil Silber vergoldet Anh\u00e4nger Amethyst Stil Wiener Werkst\u00e4tte<\/strong><\/p>\n<p>Prachtvoller, sehr seltener, wundersch\u00f6ner Jugendstil Silber vergoldeter Anh\u00e4nger,<br \/>\num ca. 1920, im Stil von Hoffmann,<br \/>\ndurchbrochen gearbeitet in Handarbeit gefertigt, getrieben,<br \/>\ninteressantes Sammlerst\u00fcck, Rarit\u00e4t,<br \/>\nleider ist keine Signatur oder Marke erkennbar,<br \/>\nes handelt sich aber um einen Original-Anh\u00e4nger aus der Zeit,<br \/>\nvermutlich handet es sich hier nicht mehr um die Original \u00d6se,<br \/>\nvon daher ist eine evtl. Punzierung nicht nachweisbar,<br \/>\nAnh\u00e4nger mit Perlrandverzierung,<br \/>\nungestempelt,\u00a0 auf Silber gepr\u00fcft,\u00a0 mindestens 800er Silber<\/p>\n<p>in einem guten sch\u00f6nen Erhaltungszustand<\/p>\n<p>H\u00f6he ohne Aufh\u00e4nger:\u00a0 7,3 cm<br \/>\nmit Aufh\u00e4nger:\u00a0 7,9 cm<br \/>\nBreite: 3,5 cm<\/p>\n","protected":false},"featured_media":75776,"template":"","meta":{"site-sidebar-layout":"default","site-content-layout":"default","ast-site-content-layout":"","site-content-style":"default","site-sidebar-style":"default","ast-global-header-display":"","ast-banner-title-visibility":"","ast-main-header-display":"","ast-hfb-above-header-display":"","ast-hfb-below-header-display":"","ast-hfb-mobile-header-display":"","site-post-title":"","ast-breadcrumbs-content":"","ast-featured-img":"","footer-sml-layout":"","theme-transparent-header-meta":"default","adv-header-id-meta":"","stick-header-meta":"","header-above-stick-meta":"","header-main-stick-meta":"","header-below-stick-meta":"","astra-migrate-meta-layouts":"default","ast-page-background-enabled":"default","ast-page-background-meta":{"desktop":{"background-color":"","background-image":"","background-repeat":"repeat","background-position":"center center","background-size":"auto","background-attachment":"scroll","background-type":"","background-media":"","overlay-type":"","overlay-color":"","overlay-opacity":"","overlay-gradient":""},"tablet":{"background-color":"","background-image":"","background-repeat":"repeat","background-position":"center center","background-size":"auto","background-attachment":"scroll","background-type":"","background-media":"","overlay-type":"","overlay-color":"","overlay-opacity":"","overlay-gradient":""},"mobile":{"background-color":"","background-image":"","background-repeat":"repeat","background-position":"center center","background-size":"auto","background-attachment":"scroll","background-type":"","background-media":"","overlay-type":"","overlay-color":"","overlay-opacity":"","overlay-gradient":""}},"ast-content-background-meta":{"desktop":{"background-color":"var(--ast-global-color-5)","background-image":"","background-repeat":"repeat","background-position":"center center","background-size":"auto","background-attachment":"scroll","background-type":"","background-media":"","overlay-type":"","overlay-color":"","overlay-opacity":"","overlay-gradient":""},"tablet":{"background-color":"var(--ast-global-color-5)","background-image":"","background-repeat":"repeat","background-position":"center center","background-size":"auto","background-attachment":"scroll","background-type":"","background-media":"","overlay-type":"","overlay-color":"","overlay-opacity":"","overlay-gradient":""},"mobile":{"background-color":"var(--ast-global-color-5)","background-image":"","background-repeat":"repeat","background-position":"center center","background-size":"auto","background-attachment":"scroll","background-type":"","background-media":"","overlay-type":"","overlay-color":"","overlay-opacity":"","overlay-gradient":""}}},"product_brand":[],"product_cat":[4761,4450,3559,3572,4322,4325,4321],"product_tag":[3651,3647,3700,3662,3698,3341,3641,3342,3660,3969],"class_list":{"0":"post-75773","1":"product","2":"type-product","3":"status-publish","4":"has-post-thumbnail","6":"product_cat-amethyst","7":"product_cat-anhaenger","8":"product_cat-jugendstil","9":"product_cat-juwelen","10":"product_cat-periode","11":"product_cat-silber","12":"product_cat-steine","13":"product_tag-amethyst","14":"product_tag-anhaenger","15":"product_tag-art-nouveau","16":"product_tag-gilt","17":"product_tag-jugendstil","18":"product_tag-pendant","19":"product_tag-silber","20":"product_tag-silver","21":"product_tag-vergoldet","22":"product_tag-wiener-werkstaette","23":"desktop-align-left","24":"tablet-align-left","25":"mobile-align-left","27":"first","28":"instock","29":"sold-individually","30":"shipping-taxable","31":"purchasable","32":"product-type-simple"},"_links":{"self":[{"href":"https:\/\/www.multimedium.eu\/index.php?rest_route=\/wp\/v2\/product\/75773","targetHints":{"allow":["GET"]}}],"collection":[{"href":"https:\/\/www.multimedium.eu\/index.php?rest_route=\/wp\/v2\/product"}],"about":[{"href":"https:\/\/www.multimedium.eu\/index.php?rest_route=\/wp\/v2\/types\/product"}],"version-history":[{"count":2,"href":"https:\/\/www.multimedium.eu\/index.php?rest_route=\/wp\/v2\/product\/75773\/revisions"}],"predecessor-version":[{"id":83496,"href":"https:\/\/www.multimedium.eu\/index.php?rest_route=\/wp\/v2\/product\/75773\/revisions\/83496"}],"wp:featuredmedia":[{"embeddable":true,"href":"https:\/\/www.multimedium.eu\/index.php?rest_route=\/wp\/v2\/media\/75776"}],"wp:attachment":[{"href":"https:\/\/www.multimedium.eu\/index.php?rest_route=%2Fwp%2Fv2%2Fmedia&parent=75773"}],"wp:term":[{"taxonomy":"product_brand","embeddable":true,"href":"https:\/\/www.multimedium.eu\/index.php?rest_route=%2Fwp%2Fv2%2Fproduct_brand&post=75773"},{"taxonomy":"product_cat","embeddable":true,"href":"https:\/\/www.multimedium.eu\/index.php?rest_route=%2Fwp%2Fv2%2Fproduct_cat&post=75773"},{"taxonomy":"product_tag","embeddable":true,"href":"https:\/\/www.multimedium.eu\/index.php?rest_route=%2Fwp%2Fv2%2Fproduct_tag&post=75773"}],"curies":[{"name":"wp","href":"https:\/\/api.w.org\/{rel}","templated":true}]}}