{"id":75786,"date":"2020-08-03T18:22:16","date_gmt":"2020-08-03T16:22:16","guid":{"rendered":"http:\/\/multimedium.eu\/?post_type=product&#038;p=75786"},"modified":"2025-03-13T09:30:37","modified_gmt":"2025-03-13T08:30:37","slug":"xxl-art-deco-silber-anhaenger-cloisonne-emaille-silver-enamel-pendant","status":"publish","type":"product","link":"https:\/\/www.multimedium.eu\/?product=xxl-art-deco-silber-anhaenger-cloisonne-emaille-silver-enamel-pendant","title":{"rendered":"XXL Art Deco Silber Anh\u00e4nger Cloisonn\u00e9 Emaille silver enamel pendant"},"content":{"rendered":"<p>XXL Art Deco silver pendant cloisonn\u00e9 enamel silver enamel pendant<\/p>\n<p>Large magnificent rare unusual beautiful decorative<br \/>\nArt Deco cloisonn\u00e9 enamel silver pendant from the 1930s,<br \/>\nMotif: lady with fruit basket,<br \/>\nsigned with master&#8217;s mark,<br \/>\ntranslucent enamel, the background appears mother-of-pearl (in enamel),<br \/>\nReverse enameled with an opaque white speckled<br \/>\nand clear translucent enamel,<br \/>\nvery nice unusual part,<br \/>\nStamped: 935, master&#8217;s mark<\/p>\n<p>Enamel with some very fine hairline cracks,<br \/>\nis hardly noticeable because on the surface,<br \/>\ngenerally in a good state of preservation<\/p>\n<p>Length without hanging loop: 7.4 cm<br \/>\n(with hanging loop: 8.5 cm)<br \/>\nWidth : 4 cm<\/p>\n","protected":false},"excerpt":{"rendered":"<p><strong>XXL Art Deco Silber Anh\u00e4nger Cloisonn\u00e9 Emaille silver enamel pendant<\/strong><\/p>\n<p>Gro\u00dfer prachtvoller seltener ausgefallener sch\u00f6ner dekorativer<br \/>\nArt Deco Cloisonn\u00e9 Emaille Silber Anh\u00e4nger aus den 30er Jahren,<br \/>\nMotiv: Dame mit Fr\u00fcchtekorb,<br \/>\nsigniert mit Meisterpunze,<br \/>\ntransluzides Emaille, der Hintergrund wirkt perlmuttartig (in Emaille),<br \/>\nR\u00fcckseite emailliert mit einem opaken wei\u00dfen geprenkelten<br \/>\nund klaren transluziden Emaille,<br \/>\nsehr sch\u00f6nes ausgefallenes Teil,<br \/>\ngestempelt: 935, Meisterpunze<\/p>\n<p>Emaille mit einigen sehr feinen Haarrissen,<br \/>\nf\u00e4llt kaum auf, da an der Oberfl\u00e4che,<br \/>\nallgemein in einem guten Erhaltungszustand<\/p>\n<p>L\u00e4nge ohne Aufh\u00e4nger-\u00d6se: 7,4 cm<br \/>\n(mit Aufh\u00e4nger-\u00d6se: 8,5 cm)<br \/>\nBreite : 4 cm<\/p>\n","protected":false},"featured_media":75787,"template":"","meta":{"site-sidebar-layout":"default","site-content-layout":"default","ast-site-content-layout":"","site-content-style":"default","site-sidebar-style":"default","ast-global-header-display":"","ast-banner-title-visibility":"","ast-main-header-display":"","ast-hfb-above-header-display":"","ast-hfb-below-header-display":"","ast-hfb-mobile-header-display":"","site-post-title":"","ast-breadcrumbs-content":"","ast-featured-img":"","footer-sml-layout":"","theme-transparent-header-meta":"default","adv-header-id-meta":"","stick-header-meta":"","header-above-stick-meta":"","header-main-stick-meta":"","header-below-stick-meta":"","astra-migrate-meta-layouts":"default","ast-page-background-enabled":"default","ast-page-background-meta":{"desktop":{"background-color":"","background-image":"","background-repeat":"repeat","background-position":"center center","background-size":"auto","background-attachment":"scroll","background-type":"","background-media":"","overlay-type":"","overlay-color":"","overlay-opacity":"","overlay-gradient":""},"tablet":{"background-color":"","background-image":"","background-repeat":"repeat","background-position":"center center","background-size":"auto","background-attachment":"scroll","background-type":"","background-media":"","overlay-type":"","overlay-color":"","overlay-opacity":"","overlay-gradient":""},"mobile":{"background-color":"","background-image":"","background-repeat":"repeat","background-position":"center center","background-size":"auto","background-attachment":"scroll","background-type":"","background-media":"","overlay-type":"","overlay-color":"","overlay-opacity":"","overlay-gradient":""}},"ast-content-background-meta":{"desktop":{"background-color":"var(--ast-global-color-5)","background-image":"","background-repeat":"repeat","background-position":"center center","background-size":"auto","background-attachment":"scroll","background-type":"","background-media":"","overlay-type":"","overlay-color":"","overlay-opacity":"","overlay-gradient":""},"tablet":{"background-color":"var(--ast-global-color-5)","background-image":"","background-repeat":"repeat","background-position":"center center","background-size":"auto","background-attachment":"scroll","background-type":"","background-media":"","overlay-type":"","overlay-color":"","overlay-opacity":"","overlay-gradient":""},"mobile":{"background-color":"var(--ast-global-color-5)","background-image":"","background-repeat":"repeat","background-position":"center center","background-size":"auto","background-attachment":"scroll","background-type":"","background-media":"","overlay-type":"","overlay-color":"","overlay-opacity":"","overlay-gradient":""}}},"product_brand":[],"product_cat":[4450,3806,3598,3572,4322,4325,4321],"product_tag":[3647,3716,3639,3654,3341,3641,3342],"class_list":{"0":"post-75786","1":"product","2":"type-product","3":"status-publish","4":"has-post-thumbnail","6":"product_cat-anhaenger","7":"product_cat-art-deco","8":"product_cat-emaille","9":"product_cat-juwelen","10":"product_cat-periode","11":"product_cat-silber","12":"product_cat-steine","13":"product_tag-anhaenger","14":"product_tag-art-deco","15":"product_tag-emaille","16":"product_tag-enamel","17":"product_tag-pendant","18":"product_tag-silber","19":"product_tag-silver","20":"desktop-align-left","21":"tablet-align-left","22":"mobile-align-left","24":"first","25":"instock","26":"sold-individually","27":"shipping-taxable","28":"purchasable","29":"product-type-simple"},"_links":{"self":[{"href":"https:\/\/www.multimedium.eu\/index.php?rest_route=\/wp\/v2\/product\/75786","targetHints":{"allow":["GET"]}}],"collection":[{"href":"https:\/\/www.multimedium.eu\/index.php?rest_route=\/wp\/v2\/product"}],"about":[{"href":"https:\/\/www.multimedium.eu\/index.php?rest_route=\/wp\/v2\/types\/product"}],"version-history":[{"count":4,"href":"https:\/\/www.multimedium.eu\/index.php?rest_route=\/wp\/v2\/product\/75786\/revisions"}],"predecessor-version":[{"id":85954,"href":"https:\/\/www.multimedium.eu\/index.php?rest_route=\/wp\/v2\/product\/75786\/revisions\/85954"}],"wp:featuredmedia":[{"embeddable":true,"href":"https:\/\/www.multimedium.eu\/index.php?rest_route=\/wp\/v2\/media\/75787"}],"wp:attachment":[{"href":"https:\/\/www.multimedium.eu\/index.php?rest_route=%2Fwp%2Fv2%2Fmedia&parent=75786"}],"wp:term":[{"taxonomy":"product_brand","embeddable":true,"href":"https:\/\/www.multimedium.eu\/index.php?rest_route=%2Fwp%2Fv2%2Fproduct_brand&post=75786"},{"taxonomy":"product_cat","embeddable":true,"href":"https:\/\/www.multimedium.eu\/index.php?rest_route=%2Fwp%2Fv2%2Fproduct_cat&post=75786"},{"taxonomy":"product_tag","embeddable":true,"href":"https:\/\/www.multimedium.eu\/index.php?rest_route=%2Fwp%2Fv2%2Fproduct_tag&post=75786"}],"curies":[{"name":"wp","href":"https:\/\/api.w.org\/{rel}","templated":true}]}}