{"id":75839,"date":"2020-08-03T21:57:35","date_gmt":"2020-08-03T19:57:35","guid":{"rendered":"http:\/\/multimedium.eu\/?post_type=product&#038;p=75839"},"modified":"2025-03-13T09:30:36","modified_gmt":"2025-03-13T08:30:36","slug":"vintage-korallen-kette-2-reihig-lachsfarben-halskette-koralle-magnet","status":"publish","type":"product","link":"https:\/\/www.multimedium.eu\/?product=vintage-korallen-kette-2-reihig-lachsfarben-halskette-koralle-magnet","title":{"rendered":"Vintage Korallen Kette 2-reihig lachsfarben Halskette Koralle Magnet"},"content":{"rendered":"","protected":false},"excerpt":{"rendered":"<p><strong>Vintage Korallen Kette 2-reihig lachsfarben Halskette Koralle Magnet<\/strong><\/p>\n<p>Sch\u00f6ne dekorative vintage Korallenkette 2-reihig lachsfarben um 1930<br \/>\nGr\u00f6\u00dfe im Verlauf zur Mitte zunehmend,<br \/>\nmit neuwertigem Magnetverschlu\u00df in 925er Sterlingsilber,<br \/>\nVerschlu\u00df gestempelt: Patent Ag 925 Lange Austria<\/p>\n<p>guter sch\u00f6ner Erhaltungszustand<\/p>\n<p>Durchmesser der gr\u00f6\u00dften Kugel in der Mitte: 9,4 mm<br \/>\nL\u00e4nge der k\u00fcrzeren Korallenkette (incl. Verschlu\u00df): 51,5 cm = Halsweite<br \/>\n5L\u00e4nge der l\u00e4ngeren Korallenkette (incl. Verschlu\u00df): 55,5 cm<\/p>\n","protected":false},"featured_media":75841,"template":"","meta":{"site-sidebar-layout":"default","site-content-layout":"default","ast-site-content-layout":"","site-content-style":"default","site-sidebar-style":"default","ast-global-header-display":"","ast-banner-title-visibility":"","ast-main-header-display":"","ast-hfb-above-header-display":"","ast-hfb-below-header-display":"","ast-hfb-mobile-header-display":"","site-post-title":"","ast-breadcrumbs-content":"","ast-featured-img":"","footer-sml-layout":"","theme-transparent-header-meta":"default","adv-header-id-meta":"","stick-header-meta":"","header-above-stick-meta":"","header-main-stick-meta":"","header-below-stick-meta":"","astra-migrate-meta-layouts":"default","ast-page-background-enabled":"default","ast-page-background-meta":{"desktop":{"background-color":"","background-image":"","background-repeat":"repeat","background-position":"center center","background-size":"auto","background-attachment":"scroll","background-type":"","background-media":"","overlay-type":"","overlay-color":"","overlay-opacity":"","overlay-gradient":""},"tablet":{"background-color":"","background-image":"","background-repeat":"repeat","background-position":"center center","background-size":"auto","background-attachment":"scroll","background-type":"","background-media":"","overlay-type":"","overlay-color":"","overlay-opacity":"","overlay-gradient":""},"mobile":{"background-color":"","background-image":"","background-repeat":"repeat","background-position":"center center","background-size":"auto","background-attachment":"scroll","background-type":"","background-media":"","overlay-type":"","overlay-color":"","overlay-opacity":"","overlay-gradient":""}},"ast-content-background-meta":{"desktop":{"background-color":"var(--ast-global-color-5)","background-image":"","background-repeat":"repeat","background-position":"center center","background-size":"auto","background-attachment":"scroll","background-type":"","background-media":"","overlay-type":"","overlay-color":"","overlay-opacity":"","overlay-gradient":""},"tablet":{"background-color":"var(--ast-global-color-5)","background-image":"","background-repeat":"repeat","background-position":"center center","background-size":"auto","background-attachment":"scroll","background-type":"","background-media":"","overlay-type":"","overlay-color":"","overlay-opacity":"","overlay-gradient":""},"mobile":{"background-color":"var(--ast-global-color-5)","background-image":"","background-repeat":"repeat","background-position":"center center","background-size":"auto","background-attachment":"scroll","background-type":"","background-media":"","overlay-type":"","overlay-color":"","overlay-opacity":"","overlay-gradient":""}}},"product_brand":[],"product_cat":[3561,3572,3582,3574,4322,4325,4321],"product_tag":[4565,4590,3716,4020,3649,3729,3650,3728,4917,3652,4019,3641,3342],"class_list":{"0":"post-75839","1":"product","2":"type-product","3":"status-publish","4":"has-post-thumbnail","6":"product_cat-design-nach-1945","7":"product_cat-juwelen","8":"product_cat-ketten-colliers","9":"product_cat-koralle","10":"product_cat-periode","11":"product_cat-silber","12":"product_cat-steine","13":"product_tag-30er-jahre","14":"product_tag-30s","15":"product_tag-art-deco","16":"product_tag-austria","17":"product_tag-collier","18":"product_tag-coral","19":"product_tag-halskette","20":"product_tag-koralle","21":"product_tag-lange","22":"product_tag-necklace","23":"product_tag-oesterreich","24":"product_tag-silber","25":"product_tag-silver","26":"desktop-align-left","27":"tablet-align-left","28":"mobile-align-left","30":"first","31":"instock","32":"sold-individually","33":"shipping-taxable","34":"purchasable","35":"product-type-simple"},"_links":{"self":[{"href":"https:\/\/www.multimedium.eu\/index.php?rest_route=\/wp\/v2\/product\/75839","targetHints":{"allow":["GET"]}}],"collection":[{"href":"https:\/\/www.multimedium.eu\/index.php?rest_route=\/wp\/v2\/product"}],"about":[{"href":"https:\/\/www.multimedium.eu\/index.php?rest_route=\/wp\/v2\/types\/product"}],"version-history":[{"count":2,"href":"https:\/\/www.multimedium.eu\/index.php?rest_route=\/wp\/v2\/product\/75839\/revisions"}],"predecessor-version":[{"id":83488,"href":"https:\/\/www.multimedium.eu\/index.php?rest_route=\/wp\/v2\/product\/75839\/revisions\/83488"}],"wp:featuredmedia":[{"embeddable":true,"href":"https:\/\/www.multimedium.eu\/index.php?rest_route=\/wp\/v2\/media\/75841"}],"wp:attachment":[{"href":"https:\/\/www.multimedium.eu\/index.php?rest_route=%2Fwp%2Fv2%2Fmedia&parent=75839"}],"wp:term":[{"taxonomy":"product_brand","embeddable":true,"href":"https:\/\/www.multimedium.eu\/index.php?rest_route=%2Fwp%2Fv2%2Fproduct_brand&post=75839"},{"taxonomy":"product_cat","embeddable":true,"href":"https:\/\/www.multimedium.eu\/index.php?rest_route=%2Fwp%2Fv2%2Fproduct_cat&post=75839"},{"taxonomy":"product_tag","embeddable":true,"href":"https:\/\/www.multimedium.eu\/index.php?rest_route=%2Fwp%2Fv2%2Fproduct_tag&post=75839"}],"curies":[{"name":"wp","href":"https:\/\/api.w.org\/{rel}","templated":true}]}}