{"id":75870,"date":"2020-08-03T22:55:21","date_gmt":"2020-08-03T20:55:21","guid":{"rendered":"http:\/\/multimedium.eu\/?post_type=product&#038;p=75870"},"modified":"2025-03-13T09:30:35","modified_gmt":"2025-03-13T08:30:35","slug":"antiker-victorian-585-gold-anhaenger-koralle-hand-1850-coral-pendant","status":"publish","type":"product","link":"https:\/\/www.multimedium.eu\/?product=antiker-victorian-585-gold-anhaenger-koralle-hand-1850-coral-pendant","title":{"rendered":"Antiker Victorian 585 Gold Anh\u00e4nger Koralle Hand 1850 coral pendant"},"content":{"rendered":"<p>-SOLD &#8211;<\/p>\n<p>Magnificent beautiful decorative Victorian coral gold symbol pendant<br \/>\nwith a finely carved Mediterranean salmon coral, around 1850,<br \/>\nin the shape of a hand,<br \/>\nset in a chased 585 gold cuff,<br \/>\nholding a chased handle (585 gold),<br \/>\nwith three attached 585 gold arrows (or lightning bolts)<br \/>\nunmarked, checked for 585 gold<\/p>\n<p>in a good, beautiful state of preservation<\/p>\n<p>Total height of the pendant\u00a0 (including firmly soldered eyelet,<br \/>\nwithout hanger eyelet): 5.2 cm<br \/>\nWidth of the pendant (at the cuff): 1.2 cm<\/p>\n","protected":false},"excerpt":{"rendered":"<p><strong>&#8211; Verkauft &#8211; <\/strong><\/p>\n<p><strong>Antiker Victorian 585 Gold Anh\u00e4nger Koralle Hand 1850 coral pendant<\/strong><\/p>\n<p>Prachtvoller sch\u00f6ner dekorativer Viktorianischer Koralle Gold Symbol Anh\u00e4nger<br \/>\nmit einer fein geschnittenen Lachskoralle, um 1850,<\/p>\n<p>in Form einer Hand,<br \/>\ngefasst in einer ziselierten 585er Gold-Manschette,<br \/>\neinen ziselierten Henkel (585er Gold) haltend,<br \/>\nmit drei eingeh\u00e4ngten 585er Gold Pfeilen (bzw. Blitze darstellend)<br \/>\nungestempelt, auf 585er Gold gepr\u00fcft<\/p>\n<p>in einem guten sch\u00f6nen Erhaltungszustand<\/p>\n<p>Gesamt-H\u00f6he des Anh\u00e4ngers (incl. fest verl\u00f6teter \u00d6se,<br \/>\nohne Aufh\u00e4nger-\u00d6se): 5,2 cm<br \/>\nBreite des Anh\u00e4ngers ( an der Manschette): 1,2 cm<\/p>\n","protected":false},"featured_media":75872,"template":"","meta":{"site-sidebar-layout":"default","site-content-layout":"default","ast-site-content-layout":"","site-content-style":"default","site-sidebar-style":"default","ast-global-header-display":"","ast-banner-title-visibility":"","ast-main-header-display":"","ast-hfb-above-header-display":"","ast-hfb-below-header-display":"","ast-hfb-mobile-header-display":"","site-post-title":"","ast-breadcrumbs-content":"","ast-featured-img":"","footer-sml-layout":"","theme-transparent-header-meta":"default","adv-header-id-meta":"","stick-header-meta":"","header-above-stick-meta":"","header-main-stick-meta":"","header-below-stick-meta":"","astra-migrate-meta-layouts":"default","ast-page-background-enabled":"default","ast-page-background-meta":{"desktop":{"background-color":"","background-image":"","background-repeat":"repeat","background-position":"center center","background-size":"auto","background-attachment":"scroll","background-type":"","background-media":"","overlay-type":"","overlay-color":"","overlay-opacity":"","overlay-gradient":""},"tablet":{"background-color":"","background-image":"","background-repeat":"repeat","background-position":"center center","background-size":"auto","background-attachment":"scroll","background-type":"","background-media":"","overlay-type":"","overlay-color":"","overlay-opacity":"","overlay-gradient":""},"mobile":{"background-color":"","background-image":"","background-repeat":"repeat","background-position":"center center","background-size":"auto","background-attachment":"scroll","background-type":"","background-media":"","overlay-type":"","overlay-color":"","overlay-opacity":"","overlay-gradient":""}},"ast-content-background-meta":{"desktop":{"background-color":"var(--ast-global-color-5)","background-image":"","background-repeat":"repeat","background-position":"center center","background-size":"auto","background-attachment":"scroll","background-type":"","background-media":"","overlay-type":"","overlay-color":"","overlay-opacity":"","overlay-gradient":""},"tablet":{"background-color":"var(--ast-global-color-5)","background-image":"","background-repeat":"repeat","background-position":"center center","background-size":"auto","background-attachment":"scroll","background-type":"","background-media":"","overlay-type":"","overlay-color":"","overlay-opacity":"","overlay-gradient":""},"mobile":{"background-color":"var(--ast-global-color-5)","background-image":"","background-repeat":"repeat","background-position":"center center","background-size":"auto","background-attachment":"scroll","background-type":"","background-media":"","overlay-type":"","overlay-color":"","overlay-opacity":"","overlay-gradient":""}}},"product_brand":[],"product_cat":[4450,3564,4121,3572,3574,4322,4321,4320],"product_tag":[3647,3710,4031,3980,3728,4215,3797],"class_list":{"0":"post-75870","1":"product","2":"type-product","3":"status-publish","4":"has-post-thumbnail","6":"product_cat-anhaenger","7":"product_cat-gold","8":"product_cat-historismus","9":"product_cat-juwelen","10":"product_cat-koralle","11":"product_cat-periode","12":"product_cat-steine","13":"product_cat-verkauft","14":"product_tag-anhaenger","15":"product_tag-gold","16":"product_tag-hand","17":"product_tag-historismus","18":"product_tag-koralle","19":"product_tag-verkauft","20":"product_tag-victorian","21":"desktop-align-left","22":"tablet-align-left","23":"mobile-align-left","25":"first","26":"outofstock","27":"sold-individually","28":"shipping-taxable","29":"product-type-simple"},"_links":{"self":[{"href":"https:\/\/www.multimedium.eu\/index.php?rest_route=\/wp\/v2\/product\/75870","targetHints":{"allow":["GET"]}}],"collection":[{"href":"https:\/\/www.multimedium.eu\/index.php?rest_route=\/wp\/v2\/product"}],"about":[{"href":"https:\/\/www.multimedium.eu\/index.php?rest_route=\/wp\/v2\/types\/product"}],"version-history":[{"count":8,"href":"https:\/\/www.multimedium.eu\/index.php?rest_route=\/wp\/v2\/product\/75870\/revisions"}],"predecessor-version":[{"id":87782,"href":"https:\/\/www.multimedium.eu\/index.php?rest_route=\/wp\/v2\/product\/75870\/revisions\/87782"}],"wp:featuredmedia":[{"embeddable":true,"href":"https:\/\/www.multimedium.eu\/index.php?rest_route=\/wp\/v2\/media\/75872"}],"wp:attachment":[{"href":"https:\/\/www.multimedium.eu\/index.php?rest_route=%2Fwp%2Fv2%2Fmedia&parent=75870"}],"wp:term":[{"taxonomy":"product_brand","embeddable":true,"href":"https:\/\/www.multimedium.eu\/index.php?rest_route=%2Fwp%2Fv2%2Fproduct_brand&post=75870"},{"taxonomy":"product_cat","embeddable":true,"href":"https:\/\/www.multimedium.eu\/index.php?rest_route=%2Fwp%2Fv2%2Fproduct_cat&post=75870"},{"taxonomy":"product_tag","embeddable":true,"href":"https:\/\/www.multimedium.eu\/index.php?rest_route=%2Fwp%2Fv2%2Fproduct_tag&post=75870"}],"curies":[{"name":"wp","href":"https:\/\/api.w.org\/{rel}","templated":true}]}}