{"id":75903,"date":"2020-08-04T13:16:46","date_gmt":"2020-08-04T11:16:46","guid":{"rendered":"http:\/\/multimedium.eu\/?post_type=product&#038;p=75903"},"modified":"2025-03-13T09:26:41","modified_gmt":"2025-03-13T08:26:41","slug":"jugendstil-piel-freres-guertelschnalle-guertelschliesse-belt-buckle","status":"publish","type":"product","link":"https:\/\/www.multimedium.eu\/?product=jugendstil-piel-freres-guertelschnalle-guertelschliesse-belt-buckle","title":{"rendered":"Jugendstil Piel Fr\u00e8res G\u00fcrtelschnalle G\u00fcrtelschlie\u00dfe belt buckle"},"content":{"rendered":"<h6>Art Nouveau Piel Fr\u00e8res belt buckle belt buckle<\/h6>\n<p>Adorable, very decorative, filigree Art Nouveau belt buckle,<br \/>\nby Piel Fr\u00e8res, Paris around 1900,<br \/>\nopenworked in silver-plated brass,<br \/>\nwith amethyst paste stones,<br \/>\n2 worked in the shape of a heart in opposite directions,<br \/>\nrare in this type of Piel Fr\u00e8res,<\/p>\n<p>stamped: manufacturer&#8217;s mark (PFs with cross)<\/p>\n<p>Age-appropriate and in a good used condition<\/p>\n<p>with signs of wear, including on a setting with a stone,<\/p>\n<p>Height: 4cm<br \/>\nWidth: 7.3cm<\/p>\n","protected":false},"excerpt":{"rendered":"<h6><strong>Jugendstil Piel Fr\u00e8res G\u00fcrtelschnalle G\u00fcrtelschlie\u00dfe belt buckle<\/strong><\/h6>\n<div class=\"description\">Entz\u00fcckende sehr dekorative filigrane Jugendstil G\u00fcrtelschlie\u00dfe,<\/div>\n<div class=\"description\">von Piel Fr\u00e8res, Paris um 1900,<br \/>\ndurchbrochen gearbeitet in Messing versilbert,<\/div>\n<div class=\"description\">mit Amethyst-Paste Steinen,<\/div>\n<div class=\"description\">2 in Herzform gegengleich gearbeitet,<\/div>\n<div class=\"description\">in dieser Art von Piel Fr\u00e8res selten,<\/div>\n<div class=\"description\">\n<p>gestempelt: Herstellerpunze (PFs mit Kreuz)<\/p>\n<p>altersgem\u00e4\u00df in einem guten gebrauchten Erhaltungszustand<\/p>\n<\/div>\n<div class=\"description\">\n<p>mit Gebrauchsspuren auch an einer Fassung mit Stein,<\/p>\n<p>H\u00f6he: 4 cm<br \/>\nBreite: 7,3 cm<\/p>\n<\/div>\n<p>&nbsp;<\/p>\n","protected":false},"featured_media":91045,"template":"","meta":{"site-sidebar-layout":"default","site-content-layout":"default","ast-site-content-layout":"default","site-content-style":"default","site-sidebar-style":"default","ast-global-header-display":"","ast-banner-title-visibility":"","ast-main-header-display":"","ast-hfb-above-header-display":"","ast-hfb-below-header-display":"","ast-hfb-mobile-header-display":"","site-post-title":"","ast-breadcrumbs-content":"","ast-featured-img":"","footer-sml-layout":"","theme-transparent-header-meta":"default","adv-header-id-meta":"","stick-header-meta":"","header-above-stick-meta":"","header-main-stick-meta":"","header-below-stick-meta":"","astra-migrate-meta-layouts":"set","ast-page-background-enabled":"default","ast-page-background-meta":{"desktop":{"background-color":"","background-image":"","background-repeat":"repeat","background-position":"center center","background-size":"auto","background-attachment":"scroll","background-type":"","background-media":"","overlay-type":"","overlay-color":"","overlay-opacity":"","overlay-gradient":""},"tablet":{"background-color":"","background-image":"","background-repeat":"repeat","background-position":"center center","background-size":"auto","background-attachment":"scroll","background-type":"","background-media":"","overlay-type":"","overlay-color":"","overlay-opacity":"","overlay-gradient":""},"mobile":{"background-color":"","background-image":"","background-repeat":"repeat","background-position":"center center","background-size":"auto","background-attachment":"scroll","background-type":"","background-media":"","overlay-type":"","overlay-color":"","overlay-opacity":"","overlay-gradient":""}},"ast-content-background-meta":{"desktop":{"background-color":"var(--ast-global-color-5)","background-image":"","background-repeat":"repeat","background-position":"center center","background-size":"auto","background-attachment":"scroll","background-type":"","background-media":"","overlay-type":"","overlay-color":"","overlay-opacity":"","overlay-gradient":""},"tablet":{"background-color":"var(--ast-global-color-5)","background-image":"","background-repeat":"repeat","background-position":"center center","background-size":"auto","background-attachment":"scroll","background-type":"","background-media":"","overlay-type":"","overlay-color":"","overlay-opacity":"","overlay-gradient":""},"mobile":{"background-color":"var(--ast-global-color-5)","background-image":"","background-repeat":"repeat","background-position":"center center","background-size":"auto","background-attachment":"scroll","background-type":"","background-media":"","overlay-type":"","overlay-color":"","overlay-opacity":"","overlay-gradient":""}}},"product_brand":[],"product_cat":[4486,3559,4324,3543,4322],"product_tag":[3651,3635,3634,4919,3698,3925,3929,3810,4265,4105,4004,4003],"class_list":{"0":"post-75903","1":"product","2":"type-product","3":"status-publish","4":"has-post-thumbnail","6":"product_cat-accessoires","7":"product_cat-jugendstil","8":"product_cat-kunstobjekte","9":"product_cat-metall","10":"product_cat-periode","11":"product_tag-amethyst","12":"product_tag-belt-buckle","13":"product_tag-guertelschliesse","14":"product_tag-guertelschnalle","15":"product_tag-jugendstil","16":"product_tag-messing","17":"product_tag-metal","18":"product_tag-metall","19":"product_tag-paris","20":"product_tag-piel-freres","21":"product_tag-silver-plated","22":"product_tag-versilbert","23":"desktop-align-left","24":"tablet-align-left","25":"mobile-align-left","27":"first","28":"instock","29":"sold-individually","30":"shipping-taxable","31":"purchasable","32":"product-type-simple"},"_links":{"self":[{"href":"https:\/\/www.multimedium.eu\/index.php?rest_route=\/wp\/v2\/product\/75903","targetHints":{"allow":["GET"]}}],"collection":[{"href":"https:\/\/www.multimedium.eu\/index.php?rest_route=\/wp\/v2\/product"}],"about":[{"href":"https:\/\/www.multimedium.eu\/index.php?rest_route=\/wp\/v2\/types\/product"}],"version-history":[{"count":6,"href":"https:\/\/www.multimedium.eu\/index.php?rest_route=\/wp\/v2\/product\/75903\/revisions"}],"predecessor-version":[{"id":89044,"href":"https:\/\/www.multimedium.eu\/index.php?rest_route=\/wp\/v2\/product\/75903\/revisions\/89044"}],"wp:featuredmedia":[{"embeddable":true,"href":"https:\/\/www.multimedium.eu\/index.php?rest_route=\/wp\/v2\/media\/91045"}],"wp:attachment":[{"href":"https:\/\/www.multimedium.eu\/index.php?rest_route=%2Fwp%2Fv2%2Fmedia&parent=75903"}],"wp:term":[{"taxonomy":"product_brand","embeddable":true,"href":"https:\/\/www.multimedium.eu\/index.php?rest_route=%2Fwp%2Fv2%2Fproduct_brand&post=75903"},{"taxonomy":"product_cat","embeddable":true,"href":"https:\/\/www.multimedium.eu\/index.php?rest_route=%2Fwp%2Fv2%2Fproduct_cat&post=75903"},{"taxonomy":"product_tag","embeddable":true,"href":"https:\/\/www.multimedium.eu\/index.php?rest_route=%2Fwp%2Fv2%2Fproduct_tag&post=75903"}],"curies":[{"name":"wp","href":"https:\/\/api.w.org\/{rel}","templated":true}]}}