{"id":75913,"date":"2020-08-04T14:26:59","date_gmt":"2020-08-04T12:26:59","guid":{"rendered":"http:\/\/multimedium.eu\/?post_type=product&#038;p=75913"},"modified":"2025-03-13T09:30:35","modified_gmt":"2025-03-13T08:30:35","slug":"jugendstil-guertel-schliesse-um-1900-silber-800-mond-krone-belt-buckle-silver","status":"publish","type":"product","link":"https:\/\/www.multimedium.eu\/?product=jugendstil-guertel-schliesse-um-1900-silber-800-mond-krone-belt-buckle-silver","title":{"rendered":"Jugendstil G\u00fcrtel Schlie\u00dfe um 1900 Silber 800 Mond Krone belt buckle silver"},"content":{"rendered":"<p><strong>-Sold &#8211; <\/strong><\/p>\n<p><strong>Beautiful decorative Art Nouveau Belt Buckle c. 1900 in 800 Silver<\/strong><br \/>\n<strong>naturalistic Design<\/strong><br \/>\n<strong>with grasshopper, blossoms and leaves,<\/strong><br \/>\n<strong>crafted in openwork<\/strong><br \/>\n<strong>marked: 800 crescent moon crown<\/strong><\/p>\n<p><strong>good beautiful condition<\/strong><\/p>\n<p><strong>Width: 3 1\/2 &#8220; (9cm)<\/strong><br \/>\n<strong>Height: 2 1\/4&#8243; (5,7 cm<\/strong><\/p>\n","protected":false},"excerpt":{"rendered":"<p>&#8211; VERKAUFT &#8211;<\/p>\n<p><strong>Jugendstil G\u00fcrtel Schlie\u00dfe um 1900 Silber 800 Mond Krone belt buckle silver<\/strong><\/p>\n<p>Sch\u00f6ne dekorative Jugendstil G\u00fcrtel Schlie\u00dfe um 1900 Silber<br \/>\nnaturalistische Darstellung,<br \/>\nmit Heuschrecken, Bl\u00fcten und Bl\u00e4tter,<br \/>\ndurchbrochen gearbeitet<br \/>\ngestempelt: 800 Mond Krone<\/p>\n<p>guter sch\u00f6ner Erhaltungszustand<\/p>\n<p>Breite : 9 cm<br \/>\nH\u00f6he : 5,7 cm<\/p>\n","protected":false},"featured_media":75916,"template":"","meta":{"site-sidebar-layout":"default","site-content-layout":"default","ast-site-content-layout":"","site-content-style":"default","site-sidebar-style":"default","ast-global-header-display":"","ast-banner-title-visibility":"","ast-main-header-display":"","ast-hfb-above-header-display":"","ast-hfb-below-header-display":"","ast-hfb-mobile-header-display":"","site-post-title":"","ast-breadcrumbs-content":"","ast-featured-img":"","footer-sml-layout":"","theme-transparent-header-meta":"default","adv-header-id-meta":"","stick-header-meta":"","header-above-stick-meta":"","header-main-stick-meta":"","header-below-stick-meta":"","astra-migrate-meta-layouts":"default","ast-page-background-enabled":"default","ast-page-background-meta":{"desktop":{"background-color":"","background-image":"","background-repeat":"repeat","background-position":"center center","background-size":"auto","background-attachment":"scroll","background-type":"","background-media":"","overlay-type":"","overlay-color":"","overlay-opacity":"","overlay-gradient":""},"tablet":{"background-color":"","background-image":"","background-repeat":"repeat","background-position":"center center","background-size":"auto","background-attachment":"scroll","background-type":"","background-media":"","overlay-type":"","overlay-color":"","overlay-opacity":"","overlay-gradient":""},"mobile":{"background-color":"","background-image":"","background-repeat":"repeat","background-position":"center center","background-size":"auto","background-attachment":"scroll","background-type":"","background-media":"","overlay-type":"","overlay-color":"","overlay-opacity":"","overlay-gradient":""}},"ast-content-background-meta":{"desktop":{"background-color":"var(--ast-global-color-5)","background-image":"","background-repeat":"repeat","background-position":"center center","background-size":"auto","background-attachment":"scroll","background-type":"","background-media":"","overlay-type":"","overlay-color":"","overlay-opacity":"","overlay-gradient":""},"tablet":{"background-color":"var(--ast-global-color-5)","background-image":"","background-repeat":"repeat","background-position":"center center","background-size":"auto","background-attachment":"scroll","background-type":"","background-media":"","overlay-type":"","overlay-color":"","overlay-opacity":"","overlay-gradient":""},"mobile":{"background-color":"var(--ast-global-color-5)","background-image":"","background-repeat":"repeat","background-position":"center center","background-size":"auto","background-attachment":"scroll","background-type":"","background-media":"","overlay-type":"","overlay-color":"","overlay-opacity":"","overlay-gradient":""}}},"product_brand":[],"product_cat":[4486,3559,4324,5645,4322,3620,4321,4320],"product_tag":[3700,3635,4223,4113,4914,4921,3634,4919,4920,3698,4222,3641,3342,4215],"class_list":{"0":"post-75913","1":"product","2":"type-product","3":"status-publish","4":"has-post-thumbnail","6":"product_cat-accessoires","7":"product_cat-jugendstil","8":"product_cat-kunstobjekte","9":"product_cat-ohne-steine","10":"product_cat-periode","11":"product_cat-silber-objekte","12":"product_cat-steine","13":"product_cat-verkauft","14":"product_tag-art-nouveau","15":"product_tag-belt-buckle","16":"product_tag-blaetter","17":"product_tag-blossom","18":"product_tag-blueten","19":"product_tag-grasshopper","20":"product_tag-guertelschliesse","21":"product_tag-guertelschnalle","22":"product_tag-heuschrecken","23":"product_tag-jugendstil","24":"product_tag-leaves","25":"product_tag-silber","26":"product_tag-silver","27":"product_tag-verkauft","28":"desktop-align-left","29":"tablet-align-left","30":"mobile-align-left","32":"first","33":"outofstock","34":"sold-individually","35":"shipping-taxable","36":"product-type-simple"},"_links":{"self":[{"href":"https:\/\/www.multimedium.eu\/index.php?rest_route=\/wp\/v2\/product\/75913","targetHints":{"allow":["GET"]}}],"collection":[{"href":"https:\/\/www.multimedium.eu\/index.php?rest_route=\/wp\/v2\/product"}],"about":[{"href":"https:\/\/www.multimedium.eu\/index.php?rest_route=\/wp\/v2\/types\/product"}],"version-history":[{"count":5,"href":"https:\/\/www.multimedium.eu\/index.php?rest_route=\/wp\/v2\/product\/75913\/revisions"}],"predecessor-version":[{"id":87750,"href":"https:\/\/www.multimedium.eu\/index.php?rest_route=\/wp\/v2\/product\/75913\/revisions\/87750"}],"wp:featuredmedia":[{"embeddable":true,"href":"https:\/\/www.multimedium.eu\/index.php?rest_route=\/wp\/v2\/media\/75916"}],"wp:attachment":[{"href":"https:\/\/www.multimedium.eu\/index.php?rest_route=%2Fwp%2Fv2%2Fmedia&parent=75913"}],"wp:term":[{"taxonomy":"product_brand","embeddable":true,"href":"https:\/\/www.multimedium.eu\/index.php?rest_route=%2Fwp%2Fv2%2Fproduct_brand&post=75913"},{"taxonomy":"product_cat","embeddable":true,"href":"https:\/\/www.multimedium.eu\/index.php?rest_route=%2Fwp%2Fv2%2Fproduct_cat&post=75913"},{"taxonomy":"product_tag","embeddable":true,"href":"https:\/\/www.multimedium.eu\/index.php?rest_route=%2Fwp%2Fv2%2Fproduct_tag&post=75913"}],"curies":[{"name":"wp","href":"https:\/\/api.w.org\/{rel}","templated":true}]}}