{"id":76026,"date":"2020-08-06T00:16:02","date_gmt":"2020-08-05T22:16:02","guid":{"rendered":"http:\/\/multimedium.eu\/?post_type=product&#038;p=76026"},"modified":"2025-03-13T09:30:31","modified_gmt":"2025-03-13T08:30:31","slug":"modernist-ring-silber-rosenquarz-cabochon-silver-ring-from-rose-quartz","status":"publish","type":"product","link":"https:\/\/www.multimedium.eu\/?product=modernist-ring-silber-rosenquarz-cabochon-silver-ring-from-rose-quartz","title":{"rendered":"Modernist Ring Silber Rosenquarz Cabochon silver ring From rose quartz"},"content":{"rendered":"","protected":false},"excerpt":{"rendered":"<p><strong>Modernist Ring Silber Rosenquarz Cabochon silver ring From rose quartz<\/strong><\/p>\n<p>Sch\u00f6ner dekorativer Modernist Silber Ring<br \/>\nwohl von Georg Kramer oder Erik From,<br \/>\nmassiv gearbeitet, Ringschiene offen<br \/>\ngefasst mit einer Halbkugel in Rosenquarz,<br \/>\nungestempelt, auf Silber gepr\u00fcft<\/p>\n<p>in einem guten getragenen Erhaltungszustand<\/p>\n<p>Ringgr\u00f6\u00dfe: 50 (15,9 mm \u00d8)<br \/>\nDurchmesser des Rings: 1,6 cm<br \/>\nDurchmesser des Steins: 1,2 cm<\/p>\n","protected":false},"featured_media":76030,"template":"","meta":{"site-sidebar-layout":"default","site-content-layout":"default","ast-site-content-layout":"","site-content-style":"default","site-sidebar-style":"default","ast-global-header-display":"","ast-banner-title-visibility":"","ast-main-header-display":"","ast-hfb-above-header-display":"","ast-hfb-below-header-display":"","ast-hfb-mobile-header-display":"","site-post-title":"","ast-breadcrumbs-content":"","ast-featured-img":"","footer-sml-layout":"","theme-transparent-header-meta":"default","adv-header-id-meta":"","stick-header-meta":"","header-above-stick-meta":"","header-main-stick-meta":"","header-below-stick-meta":"","astra-migrate-meta-layouts":"default","ast-page-background-enabled":"default","ast-page-background-meta":{"desktop":{"background-color":"","background-image":"","background-repeat":"repeat","background-position":"center center","background-size":"auto","background-attachment":"scroll","background-type":"","background-media":"","overlay-type":"","overlay-color":"","overlay-opacity":"","overlay-gradient":""},"tablet":{"background-color":"","background-image":"","background-repeat":"repeat","background-position":"center center","background-size":"auto","background-attachment":"scroll","background-type":"","background-media":"","overlay-type":"","overlay-color":"","overlay-opacity":"","overlay-gradient":""},"mobile":{"background-color":"","background-image":"","background-repeat":"repeat","background-position":"center center","background-size":"auto","background-attachment":"scroll","background-type":"","background-media":"","overlay-type":"","overlay-color":"","overlay-opacity":"","overlay-gradient":""}},"ast-content-background-meta":{"desktop":{"background-color":"var(--ast-global-color-5)","background-image":"","background-repeat":"repeat","background-position":"center center","background-size":"auto","background-attachment":"scroll","background-type":"","background-media":"","overlay-type":"","overlay-color":"","overlay-opacity":"","overlay-gradient":""},"tablet":{"background-color":"var(--ast-global-color-5)","background-image":"","background-repeat":"repeat","background-position":"center center","background-size":"auto","background-attachment":"scroll","background-type":"","background-media":"","overlay-type":"","overlay-color":"","overlay-opacity":"","overlay-gradient":""},"mobile":{"background-color":"var(--ast-global-color-5)","background-image":"","background-repeat":"repeat","background-position":"center center","background-size":"auto","background-attachment":"scroll","background-type":"","background-media":"","overlay-type":"","overlay-color":"","overlay-opacity":"","overlay-gradient":""}}},"product_brand":[],"product_cat":[3561,3572,4322,3579,4924,4325,4321],"product_tag":[4135,4926,3950,3835,3655,4925,3730,3641,3342],"class_list":{"0":"post-76026","1":"product","2":"type-product","3":"status-publish","4":"has-post-thumbnail","6":"product_cat-design-nach-1945","7":"product_cat-juwelen","8":"product_cat-periode","9":"product_cat-ringe","10":"product_cat-rosenquarz","11":"product_cat-silber","12":"product_cat-steine","13":"product_tag-cabochon","14":"product_tag-erik-from","15":"product_tag-georg-kramer","16":"product_tag-modernist","17":"product_tag-ring","18":"product_tag-rose-quartz","19":"product_tag-rosenquarz","20":"product_tag-silber","21":"product_tag-silver","22":"desktop-align-left","23":"tablet-align-left","24":"mobile-align-left","26":"first","27":"instock","28":"sold-individually","29":"shipping-taxable","30":"purchasable","31":"product-type-simple"},"_links":{"self":[{"href":"https:\/\/www.multimedium.eu\/index.php?rest_route=\/wp\/v2\/product\/76026","targetHints":{"allow":["GET"]}}],"collection":[{"href":"https:\/\/www.multimedium.eu\/index.php?rest_route=\/wp\/v2\/product"}],"about":[{"href":"https:\/\/www.multimedium.eu\/index.php?rest_route=\/wp\/v2\/types\/product"}],"version-history":[{"count":3,"href":"https:\/\/www.multimedium.eu\/index.php?rest_route=\/wp\/v2\/product\/76026\/revisions"}],"predecessor-version":[{"id":83470,"href":"https:\/\/www.multimedium.eu\/index.php?rest_route=\/wp\/v2\/product\/76026\/revisions\/83470"}],"wp:featuredmedia":[{"embeddable":true,"href":"https:\/\/www.multimedium.eu\/index.php?rest_route=\/wp\/v2\/media\/76030"}],"wp:attachment":[{"href":"https:\/\/www.multimedium.eu\/index.php?rest_route=%2Fwp%2Fv2%2Fmedia&parent=76026"}],"wp:term":[{"taxonomy":"product_brand","embeddable":true,"href":"https:\/\/www.multimedium.eu\/index.php?rest_route=%2Fwp%2Fv2%2Fproduct_brand&post=76026"},{"taxonomy":"product_cat","embeddable":true,"href":"https:\/\/www.multimedium.eu\/index.php?rest_route=%2Fwp%2Fv2%2Fproduct_cat&post=76026"},{"taxonomy":"product_tag","embeddable":true,"href":"https:\/\/www.multimedium.eu\/index.php?rest_route=%2Fwp%2Fv2%2Fproduct_tag&post=76026"}],"curies":[{"name":"wp","href":"https:\/\/api.w.org\/{rel}","templated":true}]}}