{"id":76150,"date":"2020-08-08T00:17:29","date_gmt":"2020-08-07T22:17:29","guid":{"rendered":"http:\/\/multimedium.eu\/?post_type=product&#038;p=76150"},"modified":"2025-12-22T19:36:56","modified_gmt":"2025-12-22T18:36:56","slug":"pentti-sarpaneva-finnland-silber-anhaenger-perle-modernist-silver-pendant-1966","status":"publish","type":"product","link":"https:\/\/www.multimedium.eu\/?product=pentti-sarpaneva-finnland-silber-anhaenger-perle-modernist-silver-pendant-1966","title":{"rendered":"Pentti Sarpaneva Finnland Silber Anh\u00e4nger Perle modernist silver pendant 1966"},"content":{"rendered":"<h6>Pentti Sarpaneva Finland Silver Pendant with Pearl, Modernist Silver Pendant, 1966<\/h6>\n<p>Very rare, interesting, and unusual silver pendant with a pearl<\/p>\n<p>by Pentti Sarpaneva, Helsinki, Finland, circa 1966<\/p>\n<p>with integrated pea chain<\/p>\n<p>Marked: HGL, Finnish hallmark, 916H, boat, H7<br \/>\nP. Sarpaneva<\/p>\n<p>dark hallmark illegible<\/p>\n<p>A hairline crack on the back, presumably from the casting process<br \/>\notherwise in good, beautiful condition<\/p>\n<p>Chain length: 72 cm<br \/>\nPendant length including bail: 7.7 cm (6.9 cm without bail)<br \/>\nWidth: 3.3 cm<br \/>\nWidth at the bottom, from point to point: 2.6 cm<\/p>\n","protected":false},"excerpt":{"rendered":"<h6><strong>Pentti Sarpaneva Finnland Silber Anh\u00e4nger Perle modernist silver pendant 1966<\/strong><\/h6>\n<p>Sehr seltener interessanter und ausgefallener Silber Anh\u00e4nger mit Perle<br \/>\nvon Pentti Sarpaneva,\u00a0 Helsinki, Finnland um 1966<br \/>\nmit integrierter Erbsenkette<\/p>\n<p>gestempelt: : HGL , Finnlandpunze, 916H , Boot, H7<br \/>\nP. Sarpaneva,<br \/>\ndunkle Punze unleserlich<\/p>\n<p>R\u00fcckseite ein Steg mit Haarri\u00df,<br \/>\nwelcher vermutlich vom Gu\u00df stammt<br \/>\nsonst guter sch\u00f6ner Erhaltungszustand<\/p>\n<p>L\u00e4nge der Kette: 72 cm<br \/>\nL\u00e4nge des Anh\u00e4ngers incl. \u00d6se: 7,7 cm (6,9 cm ohne \u00d6se)<br \/>\nBreite : 3,3 cm<br \/>\nBreite unten von Zacken zu Zacken: 2,6 cm<\/p>\n","protected":false},"featured_media":76152,"template":"","meta":{"site-sidebar-layout":"default","site-content-layout":"default","ast-site-content-layout":"default","site-content-style":"default","site-sidebar-style":"default","ast-global-header-display":"","ast-banner-title-visibility":"","ast-main-header-display":"","ast-hfb-above-header-display":"","ast-hfb-below-header-display":"","ast-hfb-mobile-header-display":"","site-post-title":"","ast-breadcrumbs-content":"","ast-featured-img":"","footer-sml-layout":"","theme-transparent-header-meta":"default","adv-header-id-meta":"","stick-header-meta":"","header-above-stick-meta":"","header-main-stick-meta":"","header-below-stick-meta":"","astra-migrate-meta-layouts":"set","ast-page-background-enabled":"default","ast-page-background-meta":{"desktop":{"background-color":"","background-image":"","background-repeat":"repeat","background-position":"center center","background-size":"auto","background-attachment":"scroll","background-type":"","background-media":"","overlay-type":"","overlay-color":"","overlay-opacity":"","overlay-gradient":""},"tablet":{"background-color":"","background-image":"","background-repeat":"repeat","background-position":"center center","background-size":"auto","background-attachment":"scroll","background-type":"","background-media":"","overlay-type":"","overlay-color":"","overlay-opacity":"","overlay-gradient":""},"mobile":{"background-color":"","background-image":"","background-repeat":"repeat","background-position":"center center","background-size":"auto","background-attachment":"scroll","background-type":"","background-media":"","overlay-type":"","overlay-color":"","overlay-opacity":"","overlay-gradient":""}},"ast-content-background-meta":{"desktop":{"background-color":"var(--ast-global-color-5)","background-image":"","background-repeat":"repeat","background-position":"center center","background-size":"auto","background-attachment":"scroll","background-type":"","background-media":"","overlay-type":"","overlay-color":"","overlay-opacity":"","overlay-gradient":""},"tablet":{"background-color":"var(--ast-global-color-5)","background-image":"","background-repeat":"repeat","background-position":"center center","background-size":"auto","background-attachment":"scroll","background-type":"","background-media":"","overlay-type":"","overlay-color":"","overlay-opacity":"","overlay-gradient":""},"mobile":{"background-color":"var(--ast-global-color-5)","background-image":"","background-repeat":"repeat","background-position":"center center","background-size":"auto","background-attachment":"scroll","background-type":"","background-media":"","overlay-type":"","overlay-color":"","overlay-opacity":"","overlay-gradient":""}}},"product_brand":[],"product_cat":[4450,3561,3572,4365,4322,4754,4325,4321],"product_tag":[3647,4948,4947,3835,3668,3341,4946,3667,3641,3342],"class_list":{"0":"post-76150","1":"product","2":"type-product","3":"status-publish","4":"has-post-thumbnail","6":"product_cat-anhaenger","7":"product_cat-design-nach-1945","8":"product_cat-juwelen","9":"product_cat-modernist","10":"product_cat-periode","11":"product_cat-perle","12":"product_cat-silber","13":"product_cat-steine","14":"product_tag-anhaenger","15":"product_tag-finnland","16":"product_tag-helsinki","17":"product_tag-modernist","18":"product_tag-pearl","19":"product_tag-pendant","20":"product_tag-pentti-sarpaneva","21":"product_tag-perle","22":"product_tag-silber","23":"product_tag-silver","24":"desktop-align-left","25":"tablet-align-left","26":"mobile-align-left","28":"first","29":"instock","30":"sold-individually","31":"shipping-taxable","32":"purchasable","33":"product-type-simple"},"_links":{"self":[{"href":"https:\/\/www.multimedium.eu\/index.php?rest_route=\/wp\/v2\/product\/76150","targetHints":{"allow":["GET"]}}],"collection":[{"href":"https:\/\/www.multimedium.eu\/index.php?rest_route=\/wp\/v2\/product"}],"about":[{"href":"https:\/\/www.multimedium.eu\/index.php?rest_route=\/wp\/v2\/types\/product"}],"version-history":[{"count":5,"href":"https:\/\/www.multimedium.eu\/index.php?rest_route=\/wp\/v2\/product\/76150\/revisions"}],"predecessor-version":[{"id":92585,"href":"https:\/\/www.multimedium.eu\/index.php?rest_route=\/wp\/v2\/product\/76150\/revisions\/92585"}],"wp:featuredmedia":[{"embeddable":true,"href":"https:\/\/www.multimedium.eu\/index.php?rest_route=\/wp\/v2\/media\/76152"}],"wp:attachment":[{"href":"https:\/\/www.multimedium.eu\/index.php?rest_route=%2Fwp%2Fv2%2Fmedia&parent=76150"}],"wp:term":[{"taxonomy":"product_brand","embeddable":true,"href":"https:\/\/www.multimedium.eu\/index.php?rest_route=%2Fwp%2Fv2%2Fproduct_brand&post=76150"},{"taxonomy":"product_cat","embeddable":true,"href":"https:\/\/www.multimedium.eu\/index.php?rest_route=%2Fwp%2Fv2%2Fproduct_cat&post=76150"},{"taxonomy":"product_tag","embeddable":true,"href":"https:\/\/www.multimedium.eu\/index.php?rest_route=%2Fwp%2Fv2%2Fproduct_tag&post=76150"}],"curies":[{"name":"wp","href":"https:\/\/api.w.org\/{rel}","templated":true}]}}