{"id":76222,"date":"2020-08-09T21:06:59","date_gmt":"2020-08-09T19:06:59","guid":{"rendered":"http:\/\/multimedium.eu\/?post_type=product&#038;p=76222"},"modified":"2025-03-13T09:30:27","modified_gmt":"2025-03-13T08:30:27","slug":"maerklin-kinder-puppenherd-kuechenherd-1910-ofen-blechspielzeug-kitchen-cook-stove","status":"publish","type":"product","link":"https:\/\/www.multimedium.eu\/?product=maerklin-kinder-puppenherd-kuechenherd-1910-ofen-blechspielzeug-kitchen-cook-stove","title":{"rendered":"VERKAUFT &#8211; M\u00e4rklin Kinder Puppenherd K\u00fcchenherd 1910 Ofen Blechspielzeug kitchen cook stove"},"content":{"rendered":"","protected":false},"excerpt":{"rendered":"<p>VERKAUFT &#8211;<\/p>\n<p><strong>M\u00e4rklin Kinder Puppenherd K\u00fcchenherd 1910 Ofen Blechspielzeug kitchen cook stove<\/strong><\/p>\n<p>Sehr sch\u00f6ner Puppen-Kochherd vermutlich von der Fa. Bing<br \/>\nooder M\u00e4rklin um ca.1880,<br \/>\naus Blech mit verzierten Seiten-W\u00e4nden,<br \/>\nVorderseite mit 4 verzierten Ofent\u00fcren<br \/>\nmit Randverzierung an der Vorderseite<br \/>\nund Messingstange,<br \/>\nmit 4 F\u00fc\u00dfen in Messing, in Form von L\u00f6wef\u00fc\u00dfen,<br \/>\nmit 3 T\u00f6pfen mit Messingdeckel und<br \/>\nWasserschiff mit aufdrehbarem<br \/>\nMessing-Wasserhahn und Messingdeckel,<br \/>\nmit Backblech und Blechrohr,<br \/>\nKaminabzug mit Abschlu\u00df in Messing,<\/p>\n<p>altersgem\u00e4\u00df in einem guten Erhaltungszustand,<br \/>\nmit Flugrost (siehe Fotos),<br \/>\nMessingtopf mit Handgriff mit Dellen (siehe Fotos),<\/p>\n<p>laut einer Info, die ich bekommen habe,<br \/>\nist der Herd von M\u00e4rklin um 1910 abgebildet in der Literatur:<br \/>\n&#8222;Puppenherde und Puppenk\u00fcchen&#8220; von Reinelt<\/p>\n<p>Breite: 36,5 cm<br \/>\nTiefe: 26 cm<br \/>\nH\u00f6he (Boden bis Ofenplatte): 17,3<br \/>\nH\u00f6he des Schornsteins: 23,8<\/p>\n","protected":false},"featured_media":76223,"template":"","meta":{"site-sidebar-layout":"default","site-content-layout":"default","ast-site-content-layout":"","site-content-style":"default","site-sidebar-style":"default","ast-global-header-display":"","ast-banner-title-visibility":"","ast-main-header-display":"","ast-hfb-above-header-display":"","ast-hfb-below-header-display":"","ast-hfb-mobile-header-display":"","site-post-title":"","ast-breadcrumbs-content":"","ast-featured-img":"","footer-sml-layout":"","theme-transparent-header-meta":"default","adv-header-id-meta":"","stick-header-meta":"","header-above-stick-meta":"","header-main-stick-meta":"","header-below-stick-meta":"","astra-migrate-meta-layouts":"default","ast-page-background-enabled":"default","ast-page-background-meta":{"desktop":{"background-color":"","background-image":"","background-repeat":"repeat","background-position":"center center","background-size":"auto","background-attachment":"scroll","background-type":"","background-media":"","overlay-type":"","overlay-color":"","overlay-opacity":"","overlay-gradient":""},"tablet":{"background-color":"","background-image":"","background-repeat":"repeat","background-position":"center center","background-size":"auto","background-attachment":"scroll","background-type":"","background-media":"","overlay-type":"","overlay-color":"","overlay-opacity":"","overlay-gradient":""},"mobile":{"background-color":"","background-image":"","background-repeat":"repeat","background-position":"center center","background-size":"auto","background-attachment":"scroll","background-type":"","background-media":"","overlay-type":"","overlay-color":"","overlay-opacity":"","overlay-gradient":""}},"ast-content-background-meta":{"desktop":{"background-color":"var(--ast-global-color-5)","background-image":"","background-repeat":"repeat","background-position":"center center","background-size":"auto","background-attachment":"scroll","background-type":"","background-media":"","overlay-type":"","overlay-color":"","overlay-opacity":"","overlay-gradient":""},"tablet":{"background-color":"var(--ast-global-color-5)","background-image":"","background-repeat":"repeat","background-position":"center center","background-size":"auto","background-attachment":"scroll","background-type":"","background-media":"","overlay-type":"","overlay-color":"","overlay-opacity":"","overlay-gradient":""},"mobile":{"background-color":"var(--ast-global-color-5)","background-image":"","background-repeat":"repeat","background-position":"center center","background-size":"auto","background-attachment":"scroll","background-type":"","background-media":"","overlay-type":"","overlay-color":"","overlay-opacity":"","overlay-gradient":""}}},"product_brand":[],"product_cat":[4121,4324,3543,4322,3510,4320],"product_tag":[4955,4960,3980,4958,4961,4956,3925,3929,3810,4959,4954,4957,4215],"class_list":{"0":"post-76222","1":"product","2":"type-product","3":"status-publish","4":"has-post-thumbnail","6":"product_cat-historismus","7":"product_cat-kunstobjekte","8":"product_cat-metall","9":"product_cat-periode","10":"product_cat-spielzeug","11":"product_cat-verkauft","12":"product_tag-bing","13":"product_tag-blechspielzeug","14":"product_tag-historismus","15":"product_tag-kinder-kuechenherd","16":"product_tag-kitchen-cook-stove","17":"product_tag-maerklin","18":"product_tag-messing","19":"product_tag-metal","20":"product_tag-metall","21":"product_tag-ofen","22":"product_tag-puppen-kochherd","23":"product_tag-puppenherd","24":"product_tag-verkauft","25":"desktop-align-left","26":"tablet-align-left","27":"mobile-align-left","29":"first","30":"outofstock","31":"sold-individually","32":"shipping-taxable","33":"product-type-simple"},"_links":{"self":[{"href":"https:\/\/www.multimedium.eu\/index.php?rest_route=\/wp\/v2\/product\/76222","targetHints":{"allow":["GET"]}}],"collection":[{"href":"https:\/\/www.multimedium.eu\/index.php?rest_route=\/wp\/v2\/product"}],"about":[{"href":"https:\/\/www.multimedium.eu\/index.php?rest_route=\/wp\/v2\/types\/product"}],"version-history":[{"count":5,"href":"https:\/\/www.multimedium.eu\/index.php?rest_route=\/wp\/v2\/product\/76222\/revisions"}],"predecessor-version":[{"id":83407,"href":"https:\/\/www.multimedium.eu\/index.php?rest_route=\/wp\/v2\/product\/76222\/revisions\/83407"}],"wp:featuredmedia":[{"embeddable":true,"href":"https:\/\/www.multimedium.eu\/index.php?rest_route=\/wp\/v2\/media\/76223"}],"wp:attachment":[{"href":"https:\/\/www.multimedium.eu\/index.php?rest_route=%2Fwp%2Fv2%2Fmedia&parent=76222"}],"wp:term":[{"taxonomy":"product_brand","embeddable":true,"href":"https:\/\/www.multimedium.eu\/index.php?rest_route=%2Fwp%2Fv2%2Fproduct_brand&post=76222"},{"taxonomy":"product_cat","embeddable":true,"href":"https:\/\/www.multimedium.eu\/index.php?rest_route=%2Fwp%2Fv2%2Fproduct_cat&post=76222"},{"taxonomy":"product_tag","embeddable":true,"href":"https:\/\/www.multimedium.eu\/index.php?rest_route=%2Fwp%2Fv2%2Fproduct_tag&post=76222"}],"curies":[{"name":"wp","href":"https:\/\/api.w.org\/{rel}","templated":true}]}}