{"id":76337,"date":"2020-08-12T23:55:30","date_gmt":"2020-08-12T21:55:30","guid":{"rendered":"http:\/\/multimedium.eu\/?post_type=product&#038;p=76337"},"modified":"2025-03-13T09:30:25","modified_gmt":"2025-03-13T08:30:25","slug":"grosser-xxl-dropsy-jugendstil-medaillon-anhaenger-spiegel-mirror-locket","status":"publish","type":"product","link":"https:\/\/www.multimedium.eu\/?product=grosser-xxl-dropsy-jugendstil-medaillon-anhaenger-spiegel-mirror-locket","title":{"rendered":"Gro\u00dfer XXL Dropsy Jugendstil Medaillon Anh\u00e4nger Spiegel mirror locket"},"content":{"rendered":"","protected":false},"excerpt":{"rendered":"<p><strong>Gro\u00dfer XXL Dropsy Jugendstil Medaillon Anh\u00e4nger Spiegel mirror locket<\/strong><\/p>\n<p>Prachtvoller gro\u00dfer XXL dekorativer Jugendstil Spiegel-Medaillon<br \/>\nAnh\u00e4nger um 1890, von Emile Dropsy, Frankreich,<br \/>\nin Metall versilbert,<br \/>\nMedaillon seitlich aufschiebbar,<br \/>\nmit einem Jugendstil M\u00e4dchen in einem Irisbl\u00fctenfeld,<br \/>\nnach einer Iris Bl\u00fcte greifend,<br \/>\nund R\u00fcckseite mit Irisbl\u00fcten und Libelle,<br \/>\ninnen mit einem Spiegel auf einer Seite,<br \/>\neine Seite leer f\u00fcr ein Bild,<br \/>\nseltenes museales Liebhaberst\u00fcck,<br \/>\ndieses sehr sch\u00f6ne Jugendstilmotiv<br \/>\nfindet man auch als Motiv \u00e4hnlich bei Hans Christiansen<br \/>\nMedaillon auf der Vorderseite signiert: E. Dropsy<\/p>\n<p>Jean-Baptiste \u00c9mile Dropsy (1848-1923),<br \/>\nfranz\u00f6sischer Medailleur und Schmuckdesigner<\/p>\n<p>mit leichten Gebrauchsspuren,<br \/>\nsonst in einem guten getragenen Erhaltungszustand<\/p>\n<p>H\u00f6he des Medaillons mit \u00d6se: 7,7 cm<br \/>\nDurchmesser des Medaillons: 5 cm<\/p>\n","protected":false},"featured_media":76343,"template":"","meta":{"site-sidebar-layout":"default","site-content-layout":"default","ast-site-content-layout":"","site-content-style":"default","site-sidebar-style":"default","ast-global-header-display":"","ast-banner-title-visibility":"","ast-main-header-display":"","ast-hfb-above-header-display":"","ast-hfb-below-header-display":"","ast-hfb-mobile-header-display":"","site-post-title":"","ast-breadcrumbs-content":"","ast-featured-img":"","footer-sml-layout":"","theme-transparent-header-meta":"default","adv-header-id-meta":"","stick-header-meta":"","header-above-stick-meta":"","header-main-stick-meta":"","header-below-stick-meta":"","astra-migrate-meta-layouts":"default","ast-page-background-enabled":"default","ast-page-background-meta":{"desktop":{"background-color":"","background-image":"","background-repeat":"repeat","background-position":"center center","background-size":"auto","background-attachment":"scroll","background-type":"","background-media":"","overlay-type":"","overlay-color":"","overlay-opacity":"","overlay-gradient":""},"tablet":{"background-color":"","background-image":"","background-repeat":"repeat","background-position":"center center","background-size":"auto","background-attachment":"scroll","background-type":"","background-media":"","overlay-type":"","overlay-color":"","overlay-opacity":"","overlay-gradient":""},"mobile":{"background-color":"","background-image":"","background-repeat":"repeat","background-position":"center center","background-size":"auto","background-attachment":"scroll","background-type":"","background-media":"","overlay-type":"","overlay-color":"","overlay-opacity":"","overlay-gradient":""}},"ast-content-background-meta":{"desktop":{"background-color":"var(--ast-global-color-5)","background-image":"","background-repeat":"repeat","background-position":"center center","background-size":"auto","background-attachment":"scroll","background-type":"","background-media":"","overlay-type":"","overlay-color":"","overlay-opacity":"","overlay-gradient":""},"tablet":{"background-color":"var(--ast-global-color-5)","background-image":"","background-repeat":"repeat","background-position":"center center","background-size":"auto","background-attachment":"scroll","background-type":"","background-media":"","overlay-type":"","overlay-color":"","overlay-opacity":"","overlay-gradient":""},"mobile":{"background-color":"var(--ast-global-color-5)","background-image":"","background-repeat":"repeat","background-position":"center center","background-size":"auto","background-attachment":"scroll","background-type":"","background-media":"","overlay-type":"","overlay-color":"","overlay-opacity":"","overlay-gradient":""}}},"product_brand":[],"product_cat":[4450,3559,3572,3982,4322,4325,4321],"product_tag":[3647,3700,4112,4973,4969,3855,4015,4970,4972,3698,4971,4123,4014,3707,3810,3709,3341,3708,4003],"class_list":{"0":"post-76337","1":"product","2":"type-product","3":"status-publish","4":"has-post-thumbnail","6":"product_cat-anhaenger","7":"product_cat-jugendstil","8":"product_cat-juwelen","9":"product_cat-medaillon","10":"product_cat-periode","11":"product_cat-silber","12":"product_cat-steine","13":"product_tag-anhaenger","14":"product_tag-art-nouveau","15":"product_tag-bluete","16":"product_tag-e-dropsy","17":"product_tag-emile-dropsy","18":"product_tag-frankreich","19":"product_tag-girl","20":"product_tag-iris","21":"product_tag-jean-baptiste-emile-dropsy","22":"product_tag-jugendstil","23":"product_tag-libelle","24":"product_tag-locket","25":"product_tag-maedchen","26":"product_tag-medaillon","27":"product_tag-metall","28":"product_tag-mirror","29":"product_tag-pendant","30":"product_tag-spiegel","31":"product_tag-versilbert","32":"desktop-align-left","33":"tablet-align-left","34":"mobile-align-left","36":"first","37":"instock","38":"sold-individually","39":"shipping-taxable","40":"purchasable","41":"product-type-simple"},"_links":{"self":[{"href":"https:\/\/www.multimedium.eu\/index.php?rest_route=\/wp\/v2\/product\/76337","targetHints":{"allow":["GET"]}}],"collection":[{"href":"https:\/\/www.multimedium.eu\/index.php?rest_route=\/wp\/v2\/product"}],"about":[{"href":"https:\/\/www.multimedium.eu\/index.php?rest_route=\/wp\/v2\/types\/product"}],"version-history":[{"count":2,"href":"https:\/\/www.multimedium.eu\/index.php?rest_route=\/wp\/v2\/product\/76337\/revisions"}],"predecessor-version":[{"id":83417,"href":"https:\/\/www.multimedium.eu\/index.php?rest_route=\/wp\/v2\/product\/76337\/revisions\/83417"}],"wp:featuredmedia":[{"embeddable":true,"href":"https:\/\/www.multimedium.eu\/index.php?rest_route=\/wp\/v2\/media\/76343"}],"wp:attachment":[{"href":"https:\/\/www.multimedium.eu\/index.php?rest_route=%2Fwp%2Fv2%2Fmedia&parent=76337"}],"wp:term":[{"taxonomy":"product_brand","embeddable":true,"href":"https:\/\/www.multimedium.eu\/index.php?rest_route=%2Fwp%2Fv2%2Fproduct_brand&post=76337"},{"taxonomy":"product_cat","embeddable":true,"href":"https:\/\/www.multimedium.eu\/index.php?rest_route=%2Fwp%2Fv2%2Fproduct_cat&post=76337"},{"taxonomy":"product_tag","embeddable":true,"href":"https:\/\/www.multimedium.eu\/index.php?rest_route=%2Fwp%2Fv2%2Fproduct_tag&post=76337"}],"curies":[{"name":"wp","href":"https:\/\/api.w.org\/{rel}","templated":true}]}}