{"id":76545,"date":"2020-08-16T23:16:25","date_gmt":"2020-08-16T21:16:25","guid":{"rendered":"http:\/\/multimedium.eu\/?post_type=product&#038;p=76545"},"modified":"2025-03-13T09:30:19","modified_gmt":"2025-03-13T08:30:19","slug":"antikes-jugendstil-photo-album-oelbild-auf-leder-malerei-goldpraegung","status":"publish","type":"product","link":"https:\/\/www.multimedium.eu\/?product=antikes-jugendstil-photo-album-oelbild-auf-leder-malerei-goldpraegung","title":{"rendered":"Antikes Jugendstil Photo Album \u00d6lbild auf Leder Malerei Goldpr\u00e4gung"},"content":{"rendered":"","protected":false},"excerpt":{"rendered":"<p><strong>Antikes Jugendstil Photo Album \u00d6lbild auf Leder Malerei Goldpr\u00e4gung<\/strong><\/p>\n<p>Prachtvolles antikes Jugendstil Photoalbum, Deutschland um 1900<br \/>\nLedereinband mit Goldpr\u00e4gung,<br \/>\nEinbandvorderseite mit \u00d6l-Malerei einer jungen Dame<br \/>\nmit einer sehr sch\u00f6nen Messingschlie\u00dfe,<\/p>\n<p>einige Innenkartons eingerissen, ohne Photos,<br \/>\nSpuren von eingeklebten Bildern,<br \/>\nmit allgemeinen Altersspuren,<br \/>\nGoldpr\u00e4gung mit Abriebspuren,<br \/>\nsonst in einem guten Erhaltungszustand<\/p>\n<p>H\u00f6he des Buchs: 39 cm<br \/>\nBreite des Buchs: 23,5 cm<br \/>\nH\u00f6he: 5 cm<\/p>\n","protected":false},"featured_media":76550,"template":"","meta":{"site-sidebar-layout":"default","site-content-layout":"default","ast-site-content-layout":"","site-content-style":"default","site-sidebar-style":"default","ast-global-header-display":"","ast-banner-title-visibility":"","ast-main-header-display":"","ast-hfb-above-header-display":"","ast-hfb-below-header-display":"","ast-hfb-mobile-header-display":"","site-post-title":"","ast-breadcrumbs-content":"","ast-featured-img":"","footer-sml-layout":"","theme-transparent-header-meta":"default","adv-header-id-meta":"","stick-header-meta":"","header-above-stick-meta":"","header-main-stick-meta":"","header-below-stick-meta":"","astra-migrate-meta-layouts":"default","ast-page-background-enabled":"default","ast-page-background-meta":{"desktop":{"background-color":"","background-image":"","background-repeat":"repeat","background-position":"center center","background-size":"auto","background-attachment":"scroll","background-type":"","background-media":"","overlay-type":"","overlay-color":"","overlay-opacity":"","overlay-gradient":""},"tablet":{"background-color":"","background-image":"","background-repeat":"repeat","background-position":"center center","background-size":"auto","background-attachment":"scroll","background-type":"","background-media":"","overlay-type":"","overlay-color":"","overlay-opacity":"","overlay-gradient":""},"mobile":{"background-color":"","background-image":"","background-repeat":"repeat","background-position":"center center","background-size":"auto","background-attachment":"scroll","background-type":"","background-media":"","overlay-type":"","overlay-color":"","overlay-opacity":"","overlay-gradient":""}},"ast-content-background-meta":{"desktop":{"background-color":"var(--ast-global-color-5)","background-image":"","background-repeat":"repeat","background-position":"center center","background-size":"auto","background-attachment":"scroll","background-type":"","background-media":"","overlay-type":"","overlay-color":"","overlay-opacity":"","overlay-gradient":""},"tablet":{"background-color":"var(--ast-global-color-5)","background-image":"","background-repeat":"repeat","background-position":"center center","background-size":"auto","background-attachment":"scroll","background-type":"","background-media":"","overlay-type":"","overlay-color":"","overlay-opacity":"","overlay-gradient":""},"mobile":{"background-color":"var(--ast-global-color-5)","background-image":"","background-repeat":"repeat","background-position":"center center","background-size":"auto","background-attachment":"scroll","background-type":"","background-media":"","overlay-type":"","overlay-color":"","overlay-opacity":"","overlay-gradient":""}}},"product_brand":[],"product_cat":[3559,4324,4322,4326],"product_tag":[5005,3700,4431,3698,4257,5002,4109,5004,5003,5006,4018,5001],"class_list":{"0":"post-76545","1":"product","2":"type-product","3":"status-publish","4":"has-post-thumbnail","6":"product_cat-jugendstil","7":"product_cat-kunstobjekte","8":"product_cat-periode","9":"product_cat-sonstige-objekte","10":"product_tag-album","11":"product_tag-art-nouveau","12":"product_tag-goldpraegung","13":"product_tag-jugendstil","14":"product_tag-leder","15":"product_tag-ledereinband","16":"product_tag-malerei","17":"product_tag-messingschliesse","18":"product_tag-oel-malerei","19":"product_tag-oelbild","20":"product_tag-photo","21":"product_tag-photoalbum","22":"desktop-align-left","23":"tablet-align-left","24":"mobile-align-left","26":"first","27":"instock","28":"sold-individually","29":"shipping-taxable","30":"purchasable","31":"product-type-simple"},"_links":{"self":[{"href":"https:\/\/www.multimedium.eu\/index.php?rest_route=\/wp\/v2\/product\/76545","targetHints":{"allow":["GET"]}}],"collection":[{"href":"https:\/\/www.multimedium.eu\/index.php?rest_route=\/wp\/v2\/product"}],"about":[{"href":"https:\/\/www.multimedium.eu\/index.php?rest_route=\/wp\/v2\/types\/product"}],"version-history":[{"count":2,"href":"https:\/\/www.multimedium.eu\/index.php?rest_route=\/wp\/v2\/product\/76545\/revisions"}],"predecessor-version":[{"id":83436,"href":"https:\/\/www.multimedium.eu\/index.php?rest_route=\/wp\/v2\/product\/76545\/revisions\/83436"}],"wp:featuredmedia":[{"embeddable":true,"href":"https:\/\/www.multimedium.eu\/index.php?rest_route=\/wp\/v2\/media\/76550"}],"wp:attachment":[{"href":"https:\/\/www.multimedium.eu\/index.php?rest_route=%2Fwp%2Fv2%2Fmedia&parent=76545"}],"wp:term":[{"taxonomy":"product_brand","embeddable":true,"href":"https:\/\/www.multimedium.eu\/index.php?rest_route=%2Fwp%2Fv2%2Fproduct_brand&post=76545"},{"taxonomy":"product_cat","embeddable":true,"href":"https:\/\/www.multimedium.eu\/index.php?rest_route=%2Fwp%2Fv2%2Fproduct_cat&post=76545"},{"taxonomy":"product_tag","embeddable":true,"href":"https:\/\/www.multimedium.eu\/index.php?rest_route=%2Fwp%2Fv2%2Fproduct_tag&post=76545"}],"curies":[{"name":"wp","href":"https:\/\/api.w.org\/{rel}","templated":true}]}}