{"id":76575,"date":"2020-08-17T22:25:03","date_gmt":"2020-08-17T20:25:03","guid":{"rendered":"http:\/\/multimedium.eu\/?post_type=product&#038;p=76575"},"modified":"2025-03-13T09:30:19","modified_gmt":"2025-03-13T08:30:19","slug":"925-silber-armband-los-ballesteros-taxco-mexiko-jaspis-silver-mexico","status":"publish","type":"product","link":"https:\/\/www.multimedium.eu\/?product=925-silber-armband-los-ballesteros-taxco-mexiko-jaspis-silver-mexico","title":{"rendered":"925 Silber Armband Los Ballesteros Taxco Mexiko Jaspis silver Mexico"},"content":{"rendered":"","protected":false},"excerpt":{"rendered":"<p><strong>925 Silber Armband Los Ballesteros Taxco Mexiko Jaspis silver Mexico<\/strong><\/p>\n<p>Prachtvoller dekorativer ausdrucksstarker schwerer<br \/>\n925er Sterling Silber Modernist Armreif,<br \/>\nvon Los Ballesteros , Taxco Mexico,<br \/>\nmassiv verarbeitet, in Handarbeit gefertigt,<br \/>\nglatte und gewellte Form mit massiven Spiraldraht,<br \/>\nvom Armreif hin zur Fassung aufgel\u00f6tet,<br \/>\nmit 4 gro\u00dfen gefassten Jaspis Cabochons,<br \/>\nzum \u00d6ffnen mit Scharnier und Dr\u00fcck-Verschlu\u00df,<br \/>\ngestempelt: Herstellerpunze von Los Ballesteros,Taxco, Hecho en Mexico, Sterling 925,<br \/>\nund mexikanische Silberpunze<\/p>\n<p>in einem guten sch\u00f6nen Erhaltungszustand<\/p>\n<p>Innendurchmesser des Armreifs: 6 cm<br \/>\nBreite des Armreifs: ca. 3,5 cm<\/p>\n","protected":false},"featured_media":76579,"template":"","meta":{"site-sidebar-layout":"default","site-content-layout":"default","ast-site-content-layout":"","site-content-style":"default","site-sidebar-style":"default","ast-global-header-display":"","ast-banner-title-visibility":"","ast-main-header-display":"","ast-hfb-above-header-display":"","ast-hfb-below-header-display":"","ast-hfb-mobile-header-display":"","site-post-title":"","ast-breadcrumbs-content":"","ast-featured-img":"","footer-sml-layout":"","theme-transparent-header-meta":"default","adv-header-id-meta":"","stick-header-meta":"","header-above-stick-meta":"","header-main-stick-meta":"","header-below-stick-meta":"","astra-migrate-meta-layouts":"default","ast-page-background-enabled":"default","ast-page-background-meta":{"desktop":{"background-color":"","background-image":"","background-repeat":"repeat","background-position":"center center","background-size":"auto","background-attachment":"scroll","background-type":"","background-media":"","overlay-type":"","overlay-color":"","overlay-opacity":"","overlay-gradient":""},"tablet":{"background-color":"","background-image":"","background-repeat":"repeat","background-position":"center center","background-size":"auto","background-attachment":"scroll","background-type":"","background-media":"","overlay-type":"","overlay-color":"","overlay-opacity":"","overlay-gradient":""},"mobile":{"background-color":"","background-image":"","background-repeat":"repeat","background-position":"center center","background-size":"auto","background-attachment":"scroll","background-type":"","background-media":"","overlay-type":"","overlay-color":"","overlay-opacity":"","overlay-gradient":""}},"ast-content-background-meta":{"desktop":{"background-color":"var(--ast-global-color-5)","background-image":"","background-repeat":"repeat","background-position":"center center","background-size":"auto","background-attachment":"scroll","background-type":"","background-media":"","overlay-type":"","overlay-color":"","overlay-opacity":"","overlay-gradient":""},"tablet":{"background-color":"var(--ast-global-color-5)","background-image":"","background-repeat":"repeat","background-position":"center center","background-size":"auto","background-attachment":"scroll","background-type":"","background-media":"","overlay-type":"","overlay-color":"","overlay-opacity":"","overlay-gradient":""},"mobile":{"background-color":"var(--ast-global-color-5)","background-image":"","background-repeat":"repeat","background-position":"center center","background-size":"auto","background-attachment":"scroll","background-type":"","background-media":"","overlay-type":"","overlay-color":"","overlay-opacity":"","overlay-gradient":""}}},"product_brand":[],"product_cat":[3581,3561,5010,3572,4322,4325,4321],"product_tag":[3661,3663,3789,4013,5012,5011,3937,3894,3835,3641,3342,3898],"class_list":{"0":"post-76575","1":"product","2":"type-product","3":"status-publish","4":"has-post-thumbnail","6":"product_cat-armbaender-armreif","7":"product_cat-design-nach-1945","8":"product_cat-jaspis","9":"product_cat-juwelen","10":"product_cat-periode","11":"product_cat-silber","12":"product_cat-steine","13":"product_tag-armband","14":"product_tag-bracelet","15":"product_tag-handarbeit","16":"product_tag-handwork","17":"product_tag-jasper","18":"product_tag-jaspis","19":"product_tag-los-ballesteros","20":"product_tag-mexico","21":"product_tag-modernist","22":"product_tag-silber","23":"product_tag-silver","24":"product_tag-taxco","25":"desktop-align-left","26":"tablet-align-left","27":"mobile-align-left","29":"first","30":"instock","31":"sold-individually","32":"shipping-taxable","33":"purchasable","34":"product-type-simple"},"_links":{"self":[{"href":"https:\/\/www.multimedium.eu\/index.php?rest_route=\/wp\/v2\/product\/76575","targetHints":{"allow":["GET"]}}],"collection":[{"href":"https:\/\/www.multimedium.eu\/index.php?rest_route=\/wp\/v2\/product"}],"about":[{"href":"https:\/\/www.multimedium.eu\/index.php?rest_route=\/wp\/v2\/types\/product"}],"version-history":[{"count":2,"href":"https:\/\/www.multimedium.eu\/index.php?rest_route=\/wp\/v2\/product\/76575\/revisions"}],"predecessor-version":[{"id":83422,"href":"https:\/\/www.multimedium.eu\/index.php?rest_route=\/wp\/v2\/product\/76575\/revisions\/83422"}],"wp:featuredmedia":[{"embeddable":true,"href":"https:\/\/www.multimedium.eu\/index.php?rest_route=\/wp\/v2\/media\/76579"}],"wp:attachment":[{"href":"https:\/\/www.multimedium.eu\/index.php?rest_route=%2Fwp%2Fv2%2Fmedia&parent=76575"}],"wp:term":[{"taxonomy":"product_brand","embeddable":true,"href":"https:\/\/www.multimedium.eu\/index.php?rest_route=%2Fwp%2Fv2%2Fproduct_brand&post=76575"},{"taxonomy":"product_cat","embeddable":true,"href":"https:\/\/www.multimedium.eu\/index.php?rest_route=%2Fwp%2Fv2%2Fproduct_cat&post=76575"},{"taxonomy":"product_tag","embeddable":true,"href":"https:\/\/www.multimedium.eu\/index.php?rest_route=%2Fwp%2Fv2%2Fproduct_tag&post=76575"}],"curies":[{"name":"wp","href":"https:\/\/api.w.org\/{rel}","templated":true}]}}